{"id":1399,"date":"2018-06-28T12:48:59","date_gmt":"2018-06-28T12:48:59","guid":{"rendered":"https:\/\/www.pawlikokna.pl\/produkt\/ideal-4000-classic-line\/"},"modified":"2018-07-25T19:30:07","modified_gmt":"2018-07-25T19:30:07","slug":"ideal-4000-classic-line","status":"publish","type":"product","link":"https:\/\/www.pawlikokna.pl\/de\/produkt\/ideal-4000-classic-line\/","title":{"rendered":"Ideal 4000 Classic Line"},"content":{"rendered":"<p>Eine solide Konstruktion mit 70mm Weite nebst gro\u00dfen, st\u00e4hlernen Stabilit\u00e4tskammern erm\u00f6glichen den Bau sehr gro\u00dfer Fensterfronten. Klassische Linienf\u00fchrung mit ausdruckstarken Konturen garantieren zeitlose Eleganz.<\/p>\n<p>&#8211; Die F\u00fcnf-Kammer-Profil nebst 70mm Bautiefe erm\u00f6glichen optimale Thermo- und Akustikisolation. (1,3 W\/m2K wg DIN 52619).<br \/>\n&#8211; versteckte Fensterdichtungen.<br \/>\n&#8211; Eine 13 mm Fuge zwischen Mauer und Rahmen erm\u00f6glicht die Nutzung gr\u00f6\u00dferer Fixierungsm\u00f6glichkeiten und erh\u00f6ht gleichzeitig die Einbruchsicherheit.<\/p>\n<p><iframe style=\"width: 100%; height: 600px;\" src=\"https:\/\/konfigurator.aluplast.net\/clients\/polska\/\"><span data-mce-type=\"bookmark\" style=\"display: inline-block; width: 0px; overflow: hidden; line-height: 0;\" class=\"mce_SELRES_start\">\ufeff<\/span><span data-mce-type=\"bookmark\" style=\"display: inline-block; width: 0px; overflow: hidden; line-height: 0;\" class=\"mce_SELRES_start\">\ufeff<\/span><\/iframe><\/p>\n","protected":false},"excerpt":{"rendered":"<p>Das Ideal 4000 ist ein System der neuen Generation, das die Anspr\u00fcche an das Fenster der Zukunft erf\u00fcllt. Modernste Technologien erm\u00f6glichen Ihnen das h\u00f6chste Level an Komfort.<\/p>\n","protected":false},"featured_media":0,"template":"","meta":{"ocean_post_layout":"","ocean_both_sidebars_style":"","ocean_both_sidebars_content_width":0,"ocean_both_sidebars_sidebars_width":0,"ocean_sidebar":"","ocean_second_sidebar":"","ocean_disable_margins":"enable","ocean_add_body_class":"","ocean_shortcode_before_top_bar":"","ocean_shortcode_after_top_bar":"","ocean_shortcode_before_header":"","ocean_shortcode_after_header":"","ocean_has_shortcode":"","ocean_shortcode_after_title":"","ocean_shortcode_before_footer_widgets":"","ocean_shortcode_after_footer_widgets":"","ocean_shortcode_before_footer_bottom":"","ocean_shortcode_after_footer_bottom":"","ocean_display_top_bar":"default","ocean_display_header":"default","ocean_header_style":"","ocean_center_header_left_menu":"","ocean_custom_header_template":"","ocean_custom_logo":0,"ocean_custom_retina_logo":0,"ocean_custom_logo_max_width":0,"ocean_custom_logo_tablet_max_width":0,"ocean_custom_logo_mobile_max_width":0,"ocean_custom_logo_max_height":0,"ocean_custom_logo_tablet_max_height":0,"ocean_custom_logo_mobile_max_height":0,"ocean_header_custom_menu":"","ocean_menu_typo_font_family":"","ocean_menu_typo_font_subset":"","ocean_menu_typo_font_size":0,"ocean_menu_typo_font_size_tablet":0,"ocean_menu_typo_font_size_mobile":0,"ocean_menu_typo_font_size_unit":"px","ocean_menu_typo_font_weight":"","ocean_menu_typo_font_weight_tablet":"","ocean_menu_typo_font_weight_mobile":"","ocean_menu_typo_transform":"","ocean_menu_typo_transform_tablet":"","ocean_menu_typo_transform_mobile":"","ocean_menu_typo_line_height":0,"ocean_menu_typo_line_height_tablet":0,"ocean_menu_typo_line_height_mobile":0,"ocean_menu_typo_line_height_unit":"","ocean_menu_typo_spacing":0,"ocean_menu_typo_spacing_tablet":0,"ocean_menu_typo_spacing_mobile":0,"ocean_menu_typo_spacing_unit":"","ocean_menu_link_color":"","ocean_menu_link_color_hover":"","ocean_menu_link_color_active":"","ocean_menu_link_background":"","ocean_menu_link_hover_background":"","ocean_menu_link_active_background":"","ocean_menu_social_links_bg":"","ocean_menu_social_hover_links_bg":"","ocean_menu_social_links_color":"","ocean_menu_social_hover_links_color":"","ocean_disable_title":"default","ocean_disable_heading":"default","ocean_post_title":"","ocean_post_subheading":"","ocean_post_title_style":"","ocean_post_title_background_color":"","ocean_post_title_background":0,"ocean_post_title_bg_image_position":"","ocean_post_title_bg_image_attachment":"","ocean_post_title_bg_image_repeat":"","ocean_post_title_bg_image_size":"","ocean_post_title_height":0,"ocean_post_title_bg_overlay":0.5,"ocean_post_title_bg_overlay_color":"","ocean_disable_breadcrumbs":"default","ocean_breadcrumbs_color":"","ocean_breadcrumbs_separator_color":"","ocean_breadcrumbs_links_color":"","ocean_breadcrumbs_links_hover_color":"","ocean_display_footer_widgets":"default","ocean_display_footer_bottom":"default","ocean_custom_footer_template":""},"product_cat":[69],"product_tag":[],"class_list":{"0":"post-1399","1":"product","2":"type-product","3":"status-publish","5":"product_cat-systemy-okien-de","7":"entry","9":"first","10":"instock","11":"shipping-taxable","12":"product-type-simple","13":"col","14":"span_1_of_3","15":"owp-content-left","16":"owp-thumbs-layout-horizontal","17":"owp-btn-normal","18":"owp-tabs-layout-section","19":"has-no-thumbnails"},"_links":{"self":[{"href":"https:\/\/www.pawlikokna.pl\/de\/wp-json\/wp\/v2\/product\/1399"}],"collection":[{"href":"https:\/\/www.pawlikokna.pl\/de\/wp-json\/wp\/v2\/product"}],"about":[{"href":"https:\/\/www.pawlikokna.pl\/de\/wp-json\/wp\/v2\/types\/product"}],"wp:attachment":[{"href":"https:\/\/www.pawlikokna.pl\/de\/wp-json\/wp\/v2\/media?parent=1399"}],"wp:term":[{"taxonomy":"product_cat","embeddable":true,"href":"https:\/\/www.pawlikokna.pl\/de\/wp-json\/wp\/v2\/product_cat?post=1399"},{"taxonomy":"product_tag","embeddable":true,"href":"https:\/\/www.pawlikokna.pl\/de\/wp-json\/wp\/v2\/product_tag?post=1399"}],"curies":[{"name":"wp","href":"https:\/\/api.w.org\/{rel}","templated":true}]}}