{"id":1409,"date":"2018-06-28T12:54:05","date_gmt":"2018-06-28T12:54:05","guid":{"rendered":"https:\/\/www.pawlikokna.pl\/produkt\/ideal-8000\/"},"modified":"2018-06-28T12:54:05","modified_gmt":"2018-06-28T12:54:05","slug":"ideal-8000","status":"publish","type":"product","link":"https:\/\/www.pawlikokna.pl\/de\/produkt\/ideal-8000\/","title":{"rendered":"Ideal 8000"},"content":{"rendered":"<p>Die Vorteile der IDEAL 8000\u00ae-Serie auf einen Blick:<\/p>\n<p>&#8211; 85\u00a0mm Bautiefe<br \/>\n&#8211; 6-Kammer-Profil<br \/>\n&#8211; Mitteldichtungssystem mit drei Dichtebenen<br \/>\n&#8211; klassisches schlankes Fl\u00fcgeldesign<br \/>\n&#8211; Stahlverst\u00e4rkungen im Profilinneren sorgen f\u00fcr Stabilit\u00e4t selbst bei gro\u00dfdimensionierten Fensterelementen<br \/>\n&#8211; bei der fl\u00e4chenversetzten Variante ist eine Verglasungsst\u00e4rke bis 51mm realisierbar<br \/>\n&#8211; bei der halbfl\u00e4chenversetzten Variante ist eine Verglasungsst\u00e4rke bis 59mm m\u00f6glich Uf = 1,0 W\/m2\u02dbK<br \/>\n&#8211; tief liegende Beschlagskammer f\u00fcr optimale Einbruchsicherheit<br \/>\n&#8211; in zahlreichen Dekorvarianten verf\u00fcgbar<br \/>\n&#8211; ca. 20% bessere W\u00e4rmed\u00e4mmung im Profilquerschnitt<\/p>\n<p><iframe style=\"width: 100%; height: 600px;\" src=\"https:\/\/konfigurator.aluplast.net\/clients\/polska\/\"><span data-mce-type=\"bookmark\" style=\"display: inline-block; width: 0px; overflow: hidden; line-height: 0;\" class=\"mce_SELRES_start\">\ufeff<\/span><span data-mce-type=\"bookmark\" style=\"display: inline-block; width: 0px; overflow: hidden; line-height: 0;\" class=\"mce_SELRES_start\">\ufeff<\/span><\/iframe><\/p>\n","protected":false},"excerpt":{"rendered":"<p>Wohlbefinden | Energetisch, hochwertig und sch\u00f6n. IDEAL 8000\u00ae Classic-line ist ein Profilsystem mit einer Bautiefe von 85mm. Durch das Zusammenspiel der gro\u00dfen Bautiefe mit filigranem Classic-line Design ist ein Fenstersystem entstanden, das sowohl energetisch als auch optisch auf h\u00f6chstem Niveau ist. Die gro\u00dfe Bautiefe sowie die 6-Kammertechnik sorgen f\u00fcr optimalen W\u00e4rmeschutz und wohltuende Stille in Ihren 4 W\u00e4nden. Schenken Sie sich Geborgenheit und eine angenehme Wohnatmosph\u00e4re&#8230;<\/p>\n","protected":false},"featured_media":2643,"template":"","meta":{"ocean_post_layout":"","ocean_both_sidebars_style":"","ocean_both_sidebars_content_width":0,"ocean_both_sidebars_sidebars_width":0,"ocean_sidebar":"","ocean_second_sidebar":"","ocean_disable_margins":"enable","ocean_add_body_class":"","ocean_shortcode_before_top_bar":"","ocean_shortcode_after_top_bar":"","ocean_shortcode_before_header":"","ocean_shortcode_after_header":"","ocean_has_shortcode":"","ocean_shortcode_after_title":"","ocean_shortcode_before_footer_widgets":"","ocean_shortcode_after_footer_widgets":"","ocean_shortcode_before_footer_bottom":"","ocean_shortcode_after_footer_bottom":"","ocean_display_top_bar":"default","ocean_display_header":"default","ocean_header_style":"","ocean_center_header_left_menu":"","ocean_custom_header_template":"","ocean_custom_logo":0,"ocean_custom_retina_logo":0,"ocean_custom_logo_max_width":0,"ocean_custom_logo_tablet_max_width":0,"ocean_custom_logo_mobile_max_width":0,"ocean_custom_logo_max_height":0,"ocean_custom_logo_tablet_max_height":0,"ocean_custom_logo_mobile_max_height":0,"ocean_header_custom_menu":"","ocean_menu_typo_font_family":"","ocean_menu_typo_font_subset":"","ocean_menu_typo_font_size":0,"ocean_menu_typo_font_size_tablet":0,"ocean_menu_typo_font_size_mobile":0,"ocean_menu_typo_font_size_unit":"px","ocean_menu_typo_font_weight":"","ocean_menu_typo_font_weight_tablet":"","ocean_menu_typo_font_weight_mobile":"","ocean_menu_typo_transform":"","ocean_menu_typo_transform_tablet":"","ocean_menu_typo_transform_mobile":"","ocean_menu_typo_line_height":0,"ocean_menu_typo_line_height_tablet":0,"ocean_menu_typo_line_height_mobile":0,"ocean_menu_typo_line_height_unit":"","ocean_menu_typo_spacing":0,"ocean_menu_typo_spacing_tablet":0,"ocean_menu_typo_spacing_mobile":0,"ocean_menu_typo_spacing_unit":"","ocean_menu_link_color":"","ocean_menu_link_color_hover":"","ocean_menu_link_color_active":"","ocean_menu_link_background":"","ocean_menu_link_hover_background":"","ocean_menu_link_active_background":"","ocean_menu_social_links_bg":"","ocean_menu_social_hover_links_bg":"","ocean_menu_social_links_color":"","ocean_menu_social_hover_links_color":"","ocean_disable_title":"default","ocean_disable_heading":"default","ocean_post_title":"","ocean_post_subheading":"","ocean_post_title_style":"","ocean_post_title_background_color":"","ocean_post_title_background":0,"ocean_post_title_bg_image_position":"","ocean_post_title_bg_image_attachment":"","ocean_post_title_bg_image_repeat":"","ocean_post_title_bg_image_size":"","ocean_post_title_height":0,"ocean_post_title_bg_overlay":0.5,"ocean_post_title_bg_overlay_color":"","ocean_disable_breadcrumbs":"default","ocean_breadcrumbs_color":"","ocean_breadcrumbs_separator_color":"","ocean_breadcrumbs_links_color":"","ocean_breadcrumbs_links_hover_color":"","ocean_display_footer_widgets":"default","ocean_display_footer_bottom":"default","ocean_custom_footer_template":""},"product_cat":[69],"product_tag":[],"class_list":{"0":"post-1409","1":"product","2":"type-product","3":"status-publish","4":"has-post-thumbnail","6":"product_cat-systemy-okien-de","8":"entry","9":"has-media","11":"first","12":"instock","13":"shipping-taxable","14":"product-type-simple","15":"col","16":"span_1_of_3","17":"owp-content-left","18":"owp-thumbs-layout-horizontal","19":"owp-btn-normal","20":"owp-tabs-layout-section","21":"has-no-thumbnails"},"_links":{"self":[{"href":"https:\/\/www.pawlikokna.pl\/de\/wp-json\/wp\/v2\/product\/1409"}],"collection":[{"href":"https:\/\/www.pawlikokna.pl\/de\/wp-json\/wp\/v2\/product"}],"about":[{"href":"https:\/\/www.pawlikokna.pl\/de\/wp-json\/wp\/v2\/types\/product"}],"wp:featuredmedia":[{"embeddable":true,"href":"https:\/\/www.pawlikokna.pl\/de\/wp-json\/wp\/v2\/media\/2643"}],"wp:attachment":[{"href":"https:\/\/www.pawlikokna.pl\/de\/wp-json\/wp\/v2\/media?parent=1409"}],"wp:term":[{"taxonomy":"product_cat","embeddable":true,"href":"https:\/\/www.pawlikokna.pl\/de\/wp-json\/wp\/v2\/product_cat?post=1409"},{"taxonomy":"product_tag","embeddable":true,"href":"https:\/\/www.pawlikokna.pl\/de\/wp-json\/wp\/v2\/product_tag?post=1409"}],"curies":[{"name":"wp","href":"https:\/\/api.w.org\/{rel}","templated":true}]}}