{"id":1411,"date":"2018-07-12T09:00:31","date_gmt":"2018-07-12T09:00:31","guid":{"rendered":"https:\/\/www.pawlikokna.pl\/produkt\/systemy-ideal\/"},"modified":"2018-07-23T11:53:32","modified_gmt":"2018-07-23T11:53:32","slug":"hausturen","status":"publish","type":"product","link":"https:\/\/www.pawlikokna.pl\/de\/produkt\/hausturen\/","title":{"rendered":"Hausturen"},"content":{"rendered":"<div id=\"wrapper\" class=\"CONTENT\">\n<div class=\"RIGHT_TAB WIDE\">\n<p>aluplast-Haust\u00fcrsysteme bieten beste Qualit\u00e4t sowie lange Lebensdauer \u2013 Ihr herausragender Schutz gegen ungebetene G\u00e4ste.<\/p>\n<\/div>\n<\/div>\n<p><a href=\"https:\/\/www.pawlikokna.pl\/wp-content\/uploads\/2018\/07\/4-1.jpg\"><img decoding=\"async\" class=\"alignnone size-full wp-image-782\" src=\"https:\/\/www.pawlikokna.pl\/wp-content\/uploads\/2018\/07\/4-1.jpg\" alt=\"\" width=\"200\" height=\"200\" srcset=\"https:\/\/www.pawlikokna.pl\/wp-content\/uploads\/2018\/07\/4-1.jpg 200w, https:\/\/www.pawlikokna.pl\/wp-content\/uploads\/2018\/07\/4-1-600x600.jpg 600w, https:\/\/www.pawlikokna.pl\/wp-content\/uploads\/2018\/07\/4-1-150x150.jpg 150w, https:\/\/www.pawlikokna.pl\/wp-content\/uploads\/2018\/07\/4-1-100x100.jpg 100w\" sizes=\"(max-width: 200px) 100vw, 200px\" \/><\/a> <a href=\"https:\/\/www.pawlikokna.pl\/wp-content\/uploads\/2018\/07\/drzwi-wejsciowe.jpg\"><img fetchpriority=\"high\" decoding=\"async\" class=\"alignnone size-medium wp-image-783\" src=\"https:\/\/www.pawlikokna.pl\/wp-content\/uploads\/2018\/07\/drzwi-wejsciowe-300x300.jpg\" alt=\"\" width=\"300\" height=\"300\" srcset=\"https:\/\/www.pawlikokna.pl\/wp-content\/uploads\/2018\/07\/drzwi-wejsciowe-300x300.jpg 300w, https:\/\/www.pawlikokna.pl\/wp-content\/uploads\/2018\/07\/drzwi-wejsciowe-500x500.jpg 500w, https:\/\/www.pawlikokna.pl\/wp-content\/uploads\/2018\/07\/drzwi-wejsciowe-150x150.jpg 150w, https:\/\/www.pawlikokna.pl\/wp-content\/uploads\/2018\/07\/drzwi-wejsciowe-100x100.jpg 100w, https:\/\/www.pawlikokna.pl\/wp-content\/uploads\/2018\/07\/drzwi-wejsciowe.jpg 531w\" sizes=\"(max-width: 300px) 100vw, 300px\" \/><\/a><\/p>\n<p><iframe style=\"width: 100%; height: 600px;\" src=\"https:\/\/konfigurator.aluplast.net\/clients\/polska\/\"><span data-mce-type=\"bookmark\" style=\"display: inline-block; width: 0px; overflow: hidden; line-height: 0;\" class=\"mce_SELRES_start\">\ufeff<\/span><span data-mce-type=\"bookmark\" style=\"display: inline-block; width: 0px; overflow: hidden; line-height: 0;\" class=\"mce_SELRES_start\">\ufeff<\/span><\/iframe><\/p>\n","protected":false},"excerpt":{"rendered":"<p>Die Haust\u00fcr ist die Visitenkarte eines jeden Hauses. Sie muss gut aussehen und dabei Sicherheit sowie Schutz vor L\u00e4rm- und Witterungseinfl\u00fcssen bieten. Mit dem Haust\u00fcrsystem von aluplast verbinden Sie modernes Design mit einem H\u00f6chstma\u00df an Lebensdauer.<\/p>\n","protected":false},"featured_media":1424,"template":"","meta":{"ocean_post_layout":"","ocean_both_sidebars_style":"","ocean_both_sidebars_content_width":0,"ocean_both_sidebars_sidebars_width":0,"ocean_sidebar":"","ocean_second_sidebar":"","ocean_disable_margins":"enable","ocean_add_body_class":"","ocean_shortcode_before_top_bar":"","ocean_shortcode_after_top_bar":"","ocean_shortcode_before_header":"","ocean_shortcode_after_header":"","ocean_has_shortcode":"","ocean_shortcode_after_title":"","ocean_shortcode_before_footer_widgets":"","ocean_shortcode_after_footer_widgets":"","ocean_shortcode_before_footer_bottom":"","ocean_shortcode_after_footer_bottom":"","ocean_display_top_bar":"default","ocean_display_header":"default","ocean_header_style":"","ocean_center_header_left_menu":"","ocean_custom_header_template":"","ocean_custom_logo":0,"ocean_custom_retina_logo":0,"ocean_custom_logo_max_width":0,"ocean_custom_logo_tablet_max_width":0,"ocean_custom_logo_mobile_max_width":0,"ocean_custom_logo_max_height":0,"ocean_custom_logo_tablet_max_height":0,"ocean_custom_logo_mobile_max_height":0,"ocean_header_custom_menu":"","ocean_menu_typo_font_family":"","ocean_menu_typo_font_subset":"","ocean_menu_typo_font_size":0,"ocean_menu_typo_font_size_tablet":0,"ocean_menu_typo_font_size_mobile":0,"ocean_menu_typo_font_size_unit":"px","ocean_menu_typo_font_weight":"","ocean_menu_typo_font_weight_tablet":"","ocean_menu_typo_font_weight_mobile":"","ocean_menu_typo_transform":"","ocean_menu_typo_transform_tablet":"","ocean_menu_typo_transform_mobile":"","ocean_menu_typo_line_height":0,"ocean_menu_typo_line_height_tablet":0,"ocean_menu_typo_line_height_mobile":0,"ocean_menu_typo_line_height_unit":"","ocean_menu_typo_spacing":0,"ocean_menu_typo_spacing_tablet":0,"ocean_menu_typo_spacing_mobile":0,"ocean_menu_typo_spacing_unit":"","ocean_menu_link_color":"","ocean_menu_link_color_hover":"","ocean_menu_link_color_active":"","ocean_menu_link_background":"","ocean_menu_link_hover_background":"","ocean_menu_link_active_background":"","ocean_menu_social_links_bg":"","ocean_menu_social_hover_links_bg":"","ocean_menu_social_links_color":"","ocean_menu_social_hover_links_color":"","ocean_disable_title":"default","ocean_disable_heading":"default","ocean_post_title":"","ocean_post_subheading":"","ocean_post_title_style":"","ocean_post_title_background_color":"","ocean_post_title_background":0,"ocean_post_title_bg_image_position":"","ocean_post_title_bg_image_attachment":"","ocean_post_title_bg_image_repeat":"","ocean_post_title_bg_image_size":"","ocean_post_title_height":0,"ocean_post_title_bg_overlay":0.5,"ocean_post_title_bg_overlay_color":"","ocean_disable_breadcrumbs":"default","ocean_breadcrumbs_color":"","ocean_breadcrumbs_separator_color":"","ocean_breadcrumbs_links_color":"","ocean_breadcrumbs_links_hover_color":"","ocean_display_footer_widgets":"default","ocean_display_footer_bottom":"default","ocean_custom_footer_template":""},"product_cat":[70],"product_tag":[],"class_list":{"0":"post-1411","1":"product","2":"type-product","3":"status-publish","4":"has-post-thumbnail","6":"product_cat-drzwi-zewnetrzne-de","8":"entry","9":"has-media","11":"first","12":"instock","13":"shipping-taxable","14":"product-type-simple","15":"col","16":"span_1_of_3","17":"owp-content-left","18":"owp-thumbs-layout-horizontal","19":"owp-btn-normal","20":"owp-tabs-layout-section"},"_links":{"self":[{"href":"https:\/\/www.pawlikokna.pl\/de\/wp-json\/wp\/v2\/product\/1411"}],"collection":[{"href":"https:\/\/www.pawlikokna.pl\/de\/wp-json\/wp\/v2\/product"}],"about":[{"href":"https:\/\/www.pawlikokna.pl\/de\/wp-json\/wp\/v2\/types\/product"}],"wp:featuredmedia":[{"embeddable":true,"href":"https:\/\/www.pawlikokna.pl\/de\/wp-json\/wp\/v2\/media\/1424"}],"wp:attachment":[{"href":"https:\/\/www.pawlikokna.pl\/de\/wp-json\/wp\/v2\/media?parent=1411"}],"wp:term":[{"taxonomy":"product_cat","embeddable":true,"href":"https:\/\/www.pawlikokna.pl\/de\/wp-json\/wp\/v2\/product_cat?post=1411"},{"taxonomy":"product_tag","embeddable":true,"href":"https:\/\/www.pawlikokna.pl\/de\/wp-json\/wp\/v2\/product_tag?post=1411"}],"curies":[{"name":"wp","href":"https:\/\/api.w.org\/{rel}","templated":true}]}}