{"id":1427,"date":"2018-07-12T08:05:50","date_gmt":"2018-07-12T08:05:50","guid":{"rendered":"https:\/\/www.pawlikokna.pl\/produkt\/hebeschiebetur\/"},"modified":"2018-07-12T08:05:50","modified_gmt":"2018-07-12T08:05:50","slug":"hebeschiebetur","status":"publish","type":"product","link":"https:\/\/www.pawlikokna.pl\/de\/produkt\/hebeschiebetur\/","title":{"rendered":"Hebeschiebetur"},"content":{"rendered":"<p class=\"highlighted\">Mit der Hebeschiebet\u00fcr von aluplast werden Naturverbundenheit und Wohn\u00e4sthetik optimal miteinander verbunden. Auch gro\u00dfdimensionierte Elemente bieten beste Sicherheit. Neben standardm\u00e4\u00dfigen Sicherungen kann auch eine Mittelsto\u00dfleiste in verst\u00e4rkter Ausf\u00fchrung eingesetzt werden.<\/p>\n<ul>\n<li>thermische Trennung der Aluminiumbodenschwelle f\u00fcr noch bessere W\u00e4rmed\u00e4mmung<\/li>\n<li>gro\u00dfdimensionierte Verst\u00e4rkungen f\u00fcr optimale statische Eigenschaften<\/li>\n<li>Hebeschiebe-Kipp-T\u00fcr-F\u00e4higkeit<\/li>\n<li>Verglasungsst\u00e4rke bis 44mm einsetzbar<\/li>\n<li>70mm Bautiefe<\/li>\n<li>Profile in Mehrkammer-Ausf\u00fchrung zur besseren W\u00e4rme\u2013D\u00e4mmung<\/li>\n<li>sehr leichtg\u00e4ngig, selbst bei gro\u00dffl\u00e4chigen T\u00fcren<\/li>\n<li>\n<div id=\"wrapper\" class=\"CONTENT\">\n<div class=\"RIGHT_TAB WIDE\">\n<ul>\n<li>f\u00fcr eine gro\u00dfz\u00fcgige Wohnraumgestaltung<\/li>\n<\/ul>\n<\/div>\n<div class=\"clear\"><\/div>\n<\/div>\n<div class=\"FOOTER\">\n<div class=\"foot_left\"><\/div>\n<\/div>\n<\/li>\n<\/ul>\n<p><iframe style=\"width: 100%; height: 600px;\" src=\"https:\/\/konfigurator.aluplast.net\/clients\/polska\/\"><span data-mce-type=\"bookmark\" style=\"display: inline-block; width: 0px; overflow: hidden; line-height: 0;\" class=\"mce_SELRES_start\">\ufeff<\/span><span data-mce-type=\"bookmark\" style=\"display: inline-block; width: 0px; overflow: hidden; line-height: 0;\" class=\"mce_SELRES_start\">\ufeff<\/span><\/iframe><\/p>\n","protected":false},"excerpt":{"rendered":"<p>Das Hebeschiebet\u00fcr- \/ Hebeschiebe-Kipp-T\u00fcr-System 70mm von aluplast holt den Garten ins Wohnzimmer. Mit einem leichtg\u00e4ngigen Hebemechanismus lassen sich auch gro\u00dfe, zimmer-hohe Schiebeelemente spielend bewegen. Die gro\u00dfe, weitr\u00e4umige \u00d6ffnung schafft ohne st\u00f6rende Stufe eine Verbindung von innen nach au\u00dfen. Ein Gef\u00fchl von Freiheit und Gr\u00f6\u00dfe befreit Raum und Geist.<\/p>\n","protected":false},"featured_media":1429,"template":"","meta":{"ocean_post_layout":"","ocean_both_sidebars_style":"","ocean_both_sidebars_content_width":0,"ocean_both_sidebars_sidebars_width":0,"ocean_sidebar":"","ocean_second_sidebar":"","ocean_disable_margins":"enable","ocean_add_body_class":"","ocean_shortcode_before_top_bar":"","ocean_shortcode_after_top_bar":"","ocean_shortcode_before_header":"","ocean_shortcode_after_header":"","ocean_has_shortcode":"","ocean_shortcode_after_title":"","ocean_shortcode_before_footer_widgets":"","ocean_shortcode_after_footer_widgets":"","ocean_shortcode_before_footer_bottom":"","ocean_shortcode_after_footer_bottom":"","ocean_display_top_bar":"default","ocean_display_header":"default","ocean_header_style":"","ocean_center_header_left_menu":"","ocean_custom_header_template":"","ocean_custom_logo":0,"ocean_custom_retina_logo":0,"ocean_custom_logo_max_width":0,"ocean_custom_logo_tablet_max_width":0,"ocean_custom_logo_mobile_max_width":0,"ocean_custom_logo_max_height":0,"ocean_custom_logo_tablet_max_height":0,"ocean_custom_logo_mobile_max_height":0,"ocean_header_custom_menu":"","ocean_menu_typo_font_family":"","ocean_menu_typo_font_subset":"","ocean_menu_typo_font_size":0,"ocean_menu_typo_font_size_tablet":0,"ocean_menu_typo_font_size_mobile":0,"ocean_menu_typo_font_size_unit":"px","ocean_menu_typo_font_weight":"","ocean_menu_typo_font_weight_tablet":"","ocean_menu_typo_font_weight_mobile":"","ocean_menu_typo_transform":"","ocean_menu_typo_transform_tablet":"","ocean_menu_typo_transform_mobile":"","ocean_menu_typo_line_height":0,"ocean_menu_typo_line_height_tablet":0,"ocean_menu_typo_line_height_mobile":0,"ocean_menu_typo_line_height_unit":"","ocean_menu_typo_spacing":0,"ocean_menu_typo_spacing_tablet":0,"ocean_menu_typo_spacing_mobile":0,"ocean_menu_typo_spacing_unit":"","ocean_menu_link_color":"","ocean_menu_link_color_hover":"","ocean_menu_link_color_active":"","ocean_menu_link_background":"","ocean_menu_link_hover_background":"","ocean_menu_link_active_background":"","ocean_menu_social_links_bg":"","ocean_menu_social_hover_links_bg":"","ocean_menu_social_links_color":"","ocean_menu_social_hover_links_color":"","ocean_disable_title":"default","ocean_disable_heading":"default","ocean_post_title":"","ocean_post_subheading":"","ocean_post_title_style":"","ocean_post_title_background_color":"","ocean_post_title_background":0,"ocean_post_title_bg_image_position":"","ocean_post_title_bg_image_attachment":"","ocean_post_title_bg_image_repeat":"","ocean_post_title_bg_image_size":"","ocean_post_title_height":0,"ocean_post_title_bg_overlay":0.5,"ocean_post_title_bg_overlay_color":"","ocean_disable_breadcrumbs":"default","ocean_breadcrumbs_color":"","ocean_breadcrumbs_separator_color":"","ocean_breadcrumbs_links_color":"","ocean_breadcrumbs_links_hover_color":"","ocean_display_footer_widgets":"default","ocean_display_footer_bottom":"default","ocean_custom_footer_template":""},"product_cat":[71],"product_tag":[],"class_list":{"0":"post-1427","1":"product","2":"type-product","3":"status-publish","4":"has-post-thumbnail","6":"product_cat-drzwi-tarasowe-de","8":"entry","9":"has-media","11":"first","12":"instock","13":"shipping-taxable","14":"product-type-simple","15":"col","16":"span_1_of_3","17":"owp-content-left","18":"owp-thumbs-layout-horizontal","19":"owp-btn-normal","20":"owp-tabs-layout-section","21":"has-no-thumbnails"},"_links":{"self":[{"href":"https:\/\/www.pawlikokna.pl\/de\/wp-json\/wp\/v2\/product\/1427"}],"collection":[{"href":"https:\/\/www.pawlikokna.pl\/de\/wp-json\/wp\/v2\/product"}],"about":[{"href":"https:\/\/www.pawlikokna.pl\/de\/wp-json\/wp\/v2\/types\/product"}],"wp:featuredmedia":[{"embeddable":true,"href":"https:\/\/www.pawlikokna.pl\/de\/wp-json\/"}],"wp:attachment":[{"href":"https:\/\/www.pawlikokna.pl\/de\/wp-json\/wp\/v2\/media?parent=1427"}],"wp:term":[{"taxonomy":"product_cat","embeddable":true,"href":"https:\/\/www.pawlikokna.pl\/de\/wp-json\/wp\/v2\/product_cat?post=1427"},{"taxonomy":"product_tag","embeddable":true,"href":"https:\/\/www.pawlikokna.pl\/de\/wp-json\/wp\/v2\/product_tag?post=1427"}],"curies":[{"name":"wp","href":"https:\/\/api.w.org\/{rel}","templated":true}]}}