{"id":1472,"date":"2018-07-17T07:51:06","date_gmt":"2018-07-17T07:51:06","guid":{"rendered":"https:\/\/www.pawlikokna.pl\/produkt\/winkhaus-technik\/"},"modified":"2018-07-17T07:51:06","modified_gmt":"2018-07-17T07:51:06","slug":"winkhaus-technik","status":"publish","type":"product","link":"https:\/\/www.pawlikokna.pl\/de\/produkt\/winkhaus-technik\/","title":{"rendered":"Winkhaus Technik"},"content":{"rendered":"<p>Winkhaus autoPilots Bauteile erh\u00f6hen die Funktionalit\u00e4t des Fensters und den Komfort durch zus\u00e4tzlich w\u00e4hlbare Elemente. Die Mehrheit dieser Elementen kann auch Jahre nach beim Einbau des Fensters erfolgen.Des Weiteren k\u00f6nnen unsere Fenster mit einem speziellen Anti-Break-System ausger\u00fcstet werden \u2013 Stahl-Ecken und ein elastische Fensterrahmen verhindern und erschweren Einbruch-Versuche erheblich.<\/p>\n<p><strong>Mikroabdichtung<\/strong><\/p>\n<p>Ein schmaler Spalt zwischen Rahmen und Fensterfl\u00fcgel sichert eine konstante Luftzirkulation und sch\u00fctzt den Raum gegen Feuchtigkeit und Wasserdampf an Scheiben und W\u00e4nden.<\/p>\n<table>\n<tbody>\n<tr>\n<td><a href=\"https:\/\/www.pawlikokna.pl\/wp-content\/uploads\/2018\/07\/pobrane.png\"><img decoding=\"async\" class=\"size-full wp-image-818 alignleft\" src=\"https:\/\/www.pawlikokna.pl\/wp-content\/uploads\/2018\/07\/pobrane.png\" alt=\"\" width=\"50\" height=\"34\" srcset=\"https:\/\/www.pawlikokna.pl\/wp-content\/uploads\/2018\/07\/pobrane.png 50w, https:\/\/www.pawlikokna.pl\/wp-content\/uploads\/2018\/07\/pobrane-600x408.png 600w\" sizes=\"(max-width: 50px) 100vw, 50px\" \/><\/a><\/td>\n<td>\n<div id=\"wrapper\" class=\"CONTENT\">\n<div class=\"RIGHT_TAB WIDE\"><span class=\"logo\"><span class=\"txt\">Die Winkhausgruppe ist in Europa eine der f\u00fchrenden Firmen, die innovative Fensterbeschl\u00e4ge und Schlie\u00dfanlagen anbieten.<\/span><\/span><\/div>\n<\/div>\n<\/td>\n<\/tr>\n<\/tbody>\n<\/table>\n<p><iframe style=\"width: 100%; height: 600px;\" src=\"https:\/\/konfigurator.aluplast.net\/clients\/polska\/\"><span data-mce-type=\"bookmark\" style=\"display: inline-block; width: 0px; overflow: hidden; line-height: 0;\" class=\"mce_SELRES_start\">\ufeff<\/span><span data-mce-type=\"bookmark\" style=\"display: inline-block; width: 0px; overflow: hidden; line-height: 0;\" class=\"mce_SELRES_start\">\ufeff<\/span><\/iframe><\/p>\n","protected":false},"excerpt":{"rendered":"<p>Die Bauteile, die wir f\u00fcr unsere Produkte nutzen, wird von der f\u00fchrenden deutschen Firma Winkhaus Technik (Version autoPilot) produziert.<\/p>\n<p>Jedes Fenster ist standardm\u00e4\u00dfig mit Fenstergriffdrehblokade ausgestattet, sowie mit Aush\u00e4ng-Sicherung f\u00fcr die Fensterfl\u00fcgel, Mikroventilation, Einbruchsschutzsystem, und einem manuellen Klemmsystem, mit der Spalt zwischen Fensterfl\u00fcgel und Rahmen per Hand vergr\u00f6\u00dfert und verkleinert werden kann.<\/p>\n","protected":false},"featured_media":0,"template":"","meta":{"ocean_post_layout":"","ocean_both_sidebars_style":"","ocean_both_sidebars_content_width":0,"ocean_both_sidebars_sidebars_width":0,"ocean_sidebar":"","ocean_second_sidebar":"","ocean_disable_margins":"enable","ocean_add_body_class":"","ocean_shortcode_before_top_bar":"","ocean_shortcode_after_top_bar":"","ocean_shortcode_before_header":"","ocean_shortcode_after_header":"","ocean_has_shortcode":"","ocean_shortcode_after_title":"","ocean_shortcode_before_footer_widgets":"","ocean_shortcode_after_footer_widgets":"","ocean_shortcode_before_footer_bottom":"","ocean_shortcode_after_footer_bottom":"","ocean_display_top_bar":"default","ocean_display_header":"default","ocean_header_style":"","ocean_center_header_left_menu":"","ocean_custom_header_template":"","ocean_custom_logo":0,"ocean_custom_retina_logo":0,"ocean_custom_logo_max_width":0,"ocean_custom_logo_tablet_max_width":0,"ocean_custom_logo_mobile_max_width":0,"ocean_custom_logo_max_height":0,"ocean_custom_logo_tablet_max_height":0,"ocean_custom_logo_mobile_max_height":0,"ocean_header_custom_menu":"","ocean_menu_typo_font_family":"","ocean_menu_typo_font_subset":"","ocean_menu_typo_font_size":0,"ocean_menu_typo_font_size_tablet":0,"ocean_menu_typo_font_size_mobile":0,"ocean_menu_typo_font_size_unit":"px","ocean_menu_typo_font_weight":"","ocean_menu_typo_font_weight_tablet":"","ocean_menu_typo_font_weight_mobile":"","ocean_menu_typo_transform":"","ocean_menu_typo_transform_tablet":"","ocean_menu_typo_transform_mobile":"","ocean_menu_typo_line_height":0,"ocean_menu_typo_line_height_tablet":0,"ocean_menu_typo_line_height_mobile":0,"ocean_menu_typo_line_height_unit":"","ocean_menu_typo_spacing":0,"ocean_menu_typo_spacing_tablet":0,"ocean_menu_typo_spacing_mobile":0,"ocean_menu_typo_spacing_unit":"","ocean_menu_link_color":"","ocean_menu_link_color_hover":"","ocean_menu_link_color_active":"","ocean_menu_link_background":"","ocean_menu_link_hover_background":"","ocean_menu_link_active_background":"","ocean_menu_social_links_bg":"","ocean_menu_social_hover_links_bg":"","ocean_menu_social_links_color":"","ocean_menu_social_hover_links_color":"","ocean_disable_title":"default","ocean_disable_heading":"default","ocean_post_title":"","ocean_post_subheading":"","ocean_post_title_style":"","ocean_post_title_background_color":"","ocean_post_title_background":0,"ocean_post_title_bg_image_position":"","ocean_post_title_bg_image_attachment":"","ocean_post_title_bg_image_repeat":"","ocean_post_title_bg_image_size":"","ocean_post_title_height":0,"ocean_post_title_bg_overlay":0.5,"ocean_post_title_bg_overlay_color":"","ocean_disable_breadcrumbs":"default","ocean_breadcrumbs_color":"","ocean_breadcrumbs_separator_color":"","ocean_breadcrumbs_links_color":"","ocean_breadcrumbs_links_hover_color":"","ocean_display_footer_widgets":"default","ocean_display_footer_bottom":"default","ocean_custom_footer_template":""},"product_cat":[73],"product_tag":[],"class_list":{"0":"post-1472","1":"product","2":"type-product","3":"status-publish","5":"product_cat-okucia-de","7":"entry","9":"first","10":"instock","11":"shipping-taxable","12":"product-type-simple","13":"col","14":"span_1_of_3","15":"owp-content-left","16":"owp-thumbs-layout-horizontal","17":"owp-btn-normal","18":"owp-tabs-layout-section"},"_links":{"self":[{"href":"https:\/\/www.pawlikokna.pl\/de\/wp-json\/wp\/v2\/product\/1472"}],"collection":[{"href":"https:\/\/www.pawlikokna.pl\/de\/wp-json\/wp\/v2\/product"}],"about":[{"href":"https:\/\/www.pawlikokna.pl\/de\/wp-json\/wp\/v2\/types\/product"}],"wp:attachment":[{"href":"https:\/\/www.pawlikokna.pl\/de\/wp-json\/wp\/v2\/media?parent=1472"}],"wp:term":[{"taxonomy":"product_cat","embeddable":true,"href":"https:\/\/www.pawlikokna.pl\/de\/wp-json\/wp\/v2\/product_cat?post=1472"},{"taxonomy":"product_tag","embeddable":true,"href":"https:\/\/www.pawlikokna.pl\/de\/wp-json\/wp\/v2\/product_tag?post=1472"}],"curies":[{"name":"wp","href":"https:\/\/api.w.org\/{rel}","templated":true}]}}