{"id":2814,"date":"2018-09-17T08:02:15","date_gmt":"2018-09-17T08:02:15","guid":{"rendered":"https:\/\/www.pawlikokna.pl\/?post_type=product&#038;p=2814"},"modified":"2018-10-05T09:51:06","modified_gmt":"2018-10-05T09:51:06","slug":"systemy-psk-sk","status":"publish","type":"product","link":"https:\/\/www.pawlikokna.pl\/de\/produkt\/systemy-psk-sk\/","title":{"rendered":"HKS \u2013 System uchylno przesuwny"},"content":{"rendered":"<div class=\"text\">System oku\u0107 duoPort SK pozwala przesuwa\u0107 i uchyla\u0107 konstrukcje z drewna lub PCW. Zapewnia komfort i funkcjonalno\u015b\u0107, nie absorbuj\u0105c przestrzeni mieszkalnej.<\/div>\n<div><\/div>\n<div class=\"text\">\n<p><strong>Komfort obs\u0142ugi, niezawodne rozwi\u0105zania<\/strong><\/p>\n<p>U\u017cytkownik okucia duoPort SK doceni wysoki komfort obs\u0142ugi wyposa\u017conej w to rozwi\u0105zanie stolarki, p\u0142ynno\u015b\u0107 dzia\u0142ania i mo\u017cliwo\u015b\u0107 podwy\u017cszenia odporno\u015bci na w\u0142amanie. Bardzo stabilne w\u00f3zki jezdne z rolkami o \u015brednicy 28 mm dbaj\u0105 o p\u0142ynne i bezszmerowe przesuwanie skrzyde\u0142. Zintegrowane szczotki czyszcz\u0105ce szyny jezdne zwi\u0119kszaj\u0105 niezawodno\u015b\u0107 funkcjonowania okucia, a niski pr\u00f3g u\u0142atwia u\u017cytkownikom wychodzenie na taras.<\/p>\n<p><strong>Dwie wersje<\/strong><\/p>\n<p>Okucie duoPort SK dost\u0119pne jest w 2 wersjach: SK-S z obs\u0142ug\u0105 r\u0119czn\u0105 bez wspomagania i SK-Z o zwi\u0119kszonym komforcie u\u017cytkowania. Okucie duoPort SK-Z wyposa\u017cone jest w specjaln\u0105 klamk\u0119 ze sterowaniem, u\u0142atwiaj\u0105c\u0105 uchylanie, przesuwanie i zamykanie nawet bardzo ci\u0119\u017ckich skrzyde\u0142.<\/p>\n<p><strong>Technologia dla ci\u0119\u017ckich skrzyde\u0142<\/strong><\/p>\n<p>Uchylanie i przesuwanie du\u017cych, ci\u0119\u017ckich przeszkle\u0144 wymaga zastosowania niezawodnej technologii. Okucie duoPort SK jest optymalnie dostosowane do tego typu stolarki. No\u015bno\u015b\u0107 okucia wynosi (w zale\u017cno\u015bci od wersji) do 200 kg.<\/p>\n<p><strong>Modu\u0142owe zabezpieczenie przed w\u0142amaniem<\/strong><\/p>\n<p>Okucie duoPort SK daje si\u0119 \u0142atwo dopasowa\u0107 do indywidualnych wymaga\u0144 dotycz\u0105cych odporno\u015bci stolarki na w\u0142amanie. Wariant podstawowy okucia jest wyposa\u017cony w solidne trzpienie rygluj\u0105ce w kszta\u0142cie grzybk\u00f3w. Poprzez zastosowanie zaczep\u00f3w antyw\u0142amaniowych na ramie okna mo\u017cemy uzyska\u0107 odporno\u015b\u0107 na w\u0142amanie do klasy RC2\/RC2 N.<\/p>\n<p><strong>Tak\u017ce do aluminium<\/strong><\/p>\n<p>Dost\u0119pny jest specjalny wariant okucia duoPort SK przeznaczony do stolarki z aluminium. Atrium Alu-HKS 200* pozwala realizowa\u0107 konstrukcje przesuwne o znacznych gabarytach, posiada wyj\u0105tkowe parametry w swojej klasie. Wyst\u0119puje w wersji ze sterowaniem r\u0119cznym i sterowaniem w klamce. Dzi\u0119ki kombinacji z klasami wagowymi 100 kg, 160 kg i 200 kg otrzymujemy mnogo\u015b\u0107 wariant\u00f3w, pozwalaj\u0105cych na dostosowanie rozwi\u0105zania do indywidualnych potrzeb.<\/p>\n<p>* produkt firmy Hautau<\/p>\n<\/div>\n<p><iframe style=\"width: 100%; height: 600px;\" src=\"https:\/\/konfigurator.aluplast.net\/clients\/polska\/\"><span data-mce-type=\"bookmark\" style=\"display: inline-block; width: 0px; overflow: hidden; line-height: 0;\" class=\"mce_SELRES_start\">\ufeff<\/span><span data-mce-type=\"bookmark\" style=\"display: inline-block; width: 0px; overflow: hidden; line-height: 0;\" class=\"mce_SELRES_start\">\ufeff<\/span><\/iframe><\/p>\n","protected":false},"excerpt":{"rendered":"<p><strong>System uchylno-przesuwny firmy Winkhaus<\/strong><br \/>\nNowoczesna architektura stawia na okna wielkoformatowe, kt\u00f3re spe\u0142niaj\u0105 wysokie wymagania dotycz\u0105ce bezpiecze\u0144stwa, komfortu, estetyki i energooszcz\u0119dno\u015bci. Odpowiedzi\u0105 firmy Winkhaus jest komfortowy system uchylno-przesuwny duoPort SK do du\u017cych przeszkle\u0144, zgodny z najnowszymi trendami.<\/p>\n","protected":false},"featured_media":3283,"template":"","meta":{"ocean_post_layout":"","ocean_both_sidebars_style":"","ocean_both_sidebars_content_width":0,"ocean_both_sidebars_sidebars_width":0,"ocean_sidebar":"0","ocean_second_sidebar":"0","ocean_disable_margins":"enable","ocean_add_body_class":"","ocean_shortcode_before_top_bar":"","ocean_shortcode_after_top_bar":"","ocean_shortcode_before_header":"","ocean_shortcode_after_header":"","ocean_has_shortcode":"","ocean_shortcode_after_title":"","ocean_shortcode_before_footer_widgets":"","ocean_shortcode_after_footer_widgets":"","ocean_shortcode_before_footer_bottom":"","ocean_shortcode_after_footer_bottom":"","ocean_display_top_bar":"default","ocean_display_header":"default","ocean_header_style":"","ocean_center_header_left_menu":"0","ocean_custom_header_template":"0","ocean_custom_logo":0,"ocean_custom_retina_logo":0,"ocean_custom_logo_max_width":0,"ocean_custom_logo_tablet_max_width":0,"ocean_custom_logo_mobile_max_width":0,"ocean_custom_logo_max_height":0,"ocean_custom_logo_tablet_max_height":0,"ocean_custom_logo_mobile_max_height":0,"ocean_header_custom_menu":"0","ocean_menu_typo_font_family":"0","ocean_menu_typo_font_subset":"","ocean_menu_typo_font_size":0,"ocean_menu_typo_font_size_tablet":0,"ocean_menu_typo_font_size_mobile":0,"ocean_menu_typo_font_size_unit":"px","ocean_menu_typo_font_weight":"","ocean_menu_typo_font_weight_tablet":"","ocean_menu_typo_font_weight_mobile":"","ocean_menu_typo_transform":"","ocean_menu_typo_transform_tablet":"","ocean_menu_typo_transform_mobile":"","ocean_menu_typo_line_height":0,"ocean_menu_typo_line_height_tablet":0,"ocean_menu_typo_line_height_mobile":0,"ocean_menu_typo_line_height_unit":"","ocean_menu_typo_spacing":0,"ocean_menu_typo_spacing_tablet":0,"ocean_menu_typo_spacing_mobile":0,"ocean_menu_typo_spacing_unit":"","ocean_menu_link_color":"","ocean_menu_link_color_hover":"","ocean_menu_link_color_active":"","ocean_menu_link_background":"","ocean_menu_link_hover_background":"","ocean_menu_link_active_background":"","ocean_menu_social_links_bg":"","ocean_menu_social_hover_links_bg":"","ocean_menu_social_links_color":"","ocean_menu_social_hover_links_color":"","ocean_disable_title":"default","ocean_disable_heading":"default","ocean_post_title":"","ocean_post_subheading":"","ocean_post_title_style":"","ocean_post_title_background_color":"","ocean_post_title_background":0,"ocean_post_title_bg_image_position":"","ocean_post_title_bg_image_attachment":"","ocean_post_title_bg_image_repeat":"","ocean_post_title_bg_image_size":"","ocean_post_title_height":0,"ocean_post_title_bg_overlay":0.5,"ocean_post_title_bg_overlay_color":"","ocean_disable_breadcrumbs":"default","ocean_breadcrumbs_color":"","ocean_breadcrumbs_separator_color":"","ocean_breadcrumbs_links_color":"","ocean_breadcrumbs_links_hover_color":"","ocean_display_footer_widgets":"default","ocean_display_footer_bottom":"default","ocean_custom_footer_template":"0"},"product_cat":[51],"product_tag":[],"class_list":{"0":"post-2814","1":"product","2":"type-product","3":"status-publish","4":"has-post-thumbnail","6":"product_cat-drzwi-tarasowe","8":"entry","9":"has-media","11":"first","12":"instock","13":"shipping-taxable","14":"product-type-simple","15":"col","16":"span_1_of_3","17":"owp-content-left","18":"owp-thumbs-layout-horizontal","19":"owp-btn-normal","20":"owp-tabs-layout-section"},"_links":{"self":[{"href":"https:\/\/www.pawlikokna.pl\/de\/wp-json\/wp\/v2\/product\/2814"}],"collection":[{"href":"https:\/\/www.pawlikokna.pl\/de\/wp-json\/wp\/v2\/product"}],"about":[{"href":"https:\/\/www.pawlikokna.pl\/de\/wp-json\/wp\/v2\/types\/product"}],"wp:featuredmedia":[{"embeddable":true,"href":"https:\/\/www.pawlikokna.pl\/de\/wp-json\/wp\/v2\/media\/3283"}],"wp:attachment":[{"href":"https:\/\/www.pawlikokna.pl\/de\/wp-json\/wp\/v2\/media?parent=2814"}],"wp:term":[{"taxonomy":"product_cat","embeddable":true,"href":"https:\/\/www.pawlikokna.pl\/de\/wp-json\/wp\/v2\/product_cat?post=2814"},{"taxonomy":"product_tag","embeddable":true,"href":"https:\/\/www.pawlikokna.pl\/de\/wp-json\/wp\/v2\/product_tag?post=2814"}],"curies":[{"name":"wp","href":"https:\/\/api.w.org\/{rel}","templated":true}]}}