{"id":2865,"date":"2018-09-17T08:30:30","date_gmt":"2018-09-17T08:30:30","guid":{"rendered":"https:\/\/www.pawlikokna.pl\/?post_type=product&#038;p=2865"},"modified":"2018-09-17T08:40:36","modified_gmt":"2018-09-17T08:40:36","slug":"rolety-nakladane","status":"publish","type":"product","link":"https:\/\/www.pawlikokna.pl\/de\/produkt\/rolety-nakladane\/","title":{"rendered":"Rolety nak\u0142adane"},"content":{"rendered":"<p>Rolety nak\u0142adane oparte s\u0105 na bazie skrzyni roletowej wykonanej z PVC, nak\u0142adanej na ram\u0119 okna i jako zestaw, montowanej we wn\u0119ce okiennej. Dost\u0119p serwisowy do wn\u0119trza skrzynki zapewnia ruchoma klapa rewizyjna, usytuowana \u00a0zawsze od wewn\u0105trz pomieszczenia.\u00a0Po zamontowaniu we wn\u0119ce okiennej przednia (zewn\u0119trzna) \u015bciana skrzynki rolety zostaje zwykle ocieplona warstw\u0105 izolacyjn\u0105 oraz otynkowana zgodnie ze standardem wyko\u0144czenia elewacji. \u015acianka skrzynki widoczna od wewn\u0105trz pomieszczenia jest izolowana wk\u0142adem termicznym znajduj\u0105cym si\u0119 w jej \u015brodku na ca\u0142ej szeroko\u015bci skrzynki.\u00a0Pancerz rolety jest widoczny od zewn\u0105trz zawsze cz\u0119\u015bci\u0105 wypuk\u0142\u0105, z charakterystycznymi rowkami biegn\u0105cymi na ca\u0142ej szeroko\u015bci.<\/p>\n<p>Wszystkie odmiany rolet nak\u0142adanych pozostaj\u0105cych w ofercie aluplast posiadaj\u0105 standardowy profil monta\u017cowy wykonany z PVC oraz, w przypadku rolet szerokich, profil stalowy zapewniaj\u0105cy solidne po\u0142\u0105czenie rolety z ka\u017cd\u0105 ram\u0105 system\u00f3w okiennych aluplast, jak r\u00f3wnie\u017c innych producent\u00f3w system\u00f3w okiennych.\u00a0Rolety nak\u0142adane w ofercie aluplast dost\u0119pne s\u0105 w nast\u0119puj\u0105cych wariantach:<\/p>\n<p><img fetchpriority=\"high\" decoding=\"async\" class=\"alignleft wp-image-2876 size-full\" src=\"https:\/\/www.pawlikokna.pl\/wp-content\/uploads\/2018\/09\/1-1.jpg\" alt=\"\" width=\"670\" height=\"487\" srcset=\"https:\/\/www.pawlikokna.pl\/wp-content\/uploads\/2018\/09\/1-1.jpg 670w, https:\/\/www.pawlikokna.pl\/wp-content\/uploads\/2018\/09\/1-1-300x218.jpg 300w, https:\/\/www.pawlikokna.pl\/wp-content\/uploads\/2018\/09\/1-1-500x363.jpg 500w\" sizes=\"(max-width: 670px) 100vw, 670px\" \/><\/p>\n<p><iframe style=\"width: 100%; height: 600px;\" src=\"https:\/\/konfigurator.aluplast.net\/clients\/polska\/\"><span data-mce-type=\"bookmark\" style=\"display: inline-block; width: 0px; overflow: hidden; line-height: 0;\" class=\"mce_SELRES_start\">\ufeff<\/span><span data-mce-type=\"bookmark\" style=\"display: inline-block; width: 0px; overflow: hidden; line-height: 0;\" class=\"mce_SELRES_start\">\ufeff<\/span><\/iframe><\/p>\n","protected":false},"excerpt":{"rendered":"<p>Rolety nak\u0142adane to rodzaj rolet przeznaczonych zar\u00f3wno dla budynk\u00f3w nowobudowanych oraz tych remontowanych, w kt\u00f3rych planowana jest wymiana okien.<\/p>\n","protected":false},"featured_media":2866,"template":"","meta":{"ocean_post_layout":"","ocean_both_sidebars_style":"","ocean_both_sidebars_content_width":0,"ocean_both_sidebars_sidebars_width":0,"ocean_sidebar":"0","ocean_second_sidebar":"0","ocean_disable_margins":"enable","ocean_add_body_class":"","ocean_shortcode_before_top_bar":"","ocean_shortcode_after_top_bar":"","ocean_shortcode_before_header":"","ocean_shortcode_after_header":"","ocean_has_shortcode":"","ocean_shortcode_after_title":"","ocean_shortcode_before_footer_widgets":"","ocean_shortcode_after_footer_widgets":"","ocean_shortcode_before_footer_bottom":"","ocean_shortcode_after_footer_bottom":"","ocean_display_top_bar":"default","ocean_display_header":"default","ocean_header_style":"","ocean_center_header_left_menu":"0","ocean_custom_header_template":"0","ocean_custom_logo":0,"ocean_custom_retina_logo":0,"ocean_custom_logo_max_width":0,"ocean_custom_logo_tablet_max_width":0,"ocean_custom_logo_mobile_max_width":0,"ocean_custom_logo_max_height":0,"ocean_custom_logo_tablet_max_height":0,"ocean_custom_logo_mobile_max_height":0,"ocean_header_custom_menu":"0","ocean_menu_typo_font_family":"0","ocean_menu_typo_font_subset":"","ocean_menu_typo_font_size":0,"ocean_menu_typo_font_size_tablet":0,"ocean_menu_typo_font_size_mobile":0,"ocean_menu_typo_font_size_unit":"px","ocean_menu_typo_font_weight":"","ocean_menu_typo_font_weight_tablet":"","ocean_menu_typo_font_weight_mobile":"","ocean_menu_typo_transform":"","ocean_menu_typo_transform_tablet":"","ocean_menu_typo_transform_mobile":"","ocean_menu_typo_line_height":0,"ocean_menu_typo_line_height_tablet":0,"ocean_menu_typo_line_height_mobile":0,"ocean_menu_typo_line_height_unit":"","ocean_menu_typo_spacing":0,"ocean_menu_typo_spacing_tablet":0,"ocean_menu_typo_spacing_mobile":0,"ocean_menu_typo_spacing_unit":"","ocean_menu_link_color":"","ocean_menu_link_color_hover":"","ocean_menu_link_color_active":"","ocean_menu_link_background":"","ocean_menu_link_hover_background":"","ocean_menu_link_active_background":"","ocean_menu_social_links_bg":"","ocean_menu_social_hover_links_bg":"","ocean_menu_social_links_color":"","ocean_menu_social_hover_links_color":"","ocean_disable_title":"default","ocean_disable_heading":"default","ocean_post_title":"","ocean_post_subheading":"","ocean_post_title_style":"","ocean_post_title_background_color":"","ocean_post_title_background":0,"ocean_post_title_bg_image_position":"","ocean_post_title_bg_image_attachment":"","ocean_post_title_bg_image_repeat":"","ocean_post_title_bg_image_size":"","ocean_post_title_height":0,"ocean_post_title_bg_overlay":0.5,"ocean_post_title_bg_overlay_color":"","ocean_disable_breadcrumbs":"default","ocean_breadcrumbs_color":"","ocean_breadcrumbs_separator_color":"","ocean_breadcrumbs_links_color":"","ocean_breadcrumbs_links_hover_color":"","ocean_display_footer_widgets":"default","ocean_display_footer_bottom":"default","ocean_custom_footer_template":"0"},"product_cat":[53],"product_tag":[],"class_list":{"0":"post-2865","1":"product","2":"type-product","3":"status-publish","4":"has-post-thumbnail","6":"product_cat-rolety-zewnetrzne","8":"entry","9":"has-media","11":"first","12":"instock","13":"shipping-taxable","14":"product-type-simple","15":"col","16":"span_1_of_3","17":"owp-content-left","18":"owp-thumbs-layout-horizontal","19":"owp-btn-normal","20":"owp-tabs-layout-section","21":"has-no-thumbnails"},"_links":{"self":[{"href":"https:\/\/www.pawlikokna.pl\/de\/wp-json\/wp\/v2\/product\/2865"}],"collection":[{"href":"https:\/\/www.pawlikokna.pl\/de\/wp-json\/wp\/v2\/product"}],"about":[{"href":"https:\/\/www.pawlikokna.pl\/de\/wp-json\/wp\/v2\/types\/product"}],"wp:featuredmedia":[{"embeddable":true,"href":"https:\/\/www.pawlikokna.pl\/de\/wp-json\/wp\/v2\/media\/2866"}],"wp:attachment":[{"href":"https:\/\/www.pawlikokna.pl\/de\/wp-json\/wp\/v2\/media?parent=2865"}],"wp:term":[{"taxonomy":"product_cat","embeddable":true,"href":"https:\/\/www.pawlikokna.pl\/de\/wp-json\/wp\/v2\/product_cat?post=2865"},{"taxonomy":"product_tag","embeddable":true,"href":"https:\/\/www.pawlikokna.pl\/de\/wp-json\/wp\/v2\/product_tag?post=2865"}],"curies":[{"name":"wp","href":"https:\/\/api.w.org\/{rel}","templated":true}]}}