{"id":2900,"date":"2018-09-17T08:44:15","date_gmt":"2018-09-17T08:44:15","guid":{"rendered":"https:\/\/www.pawlikokna.pl\/?post_type=product&#038;p=2900"},"modified":"2018-09-17T08:44:53","modified_gmt":"2018-09-17T08:44:53","slug":"rodzaje-napedow","status":"publish","type":"product","link":"https:\/\/www.pawlikokna.pl\/de\/produkt\/rodzaje-napedow\/","title":{"rendered":"Rodzaje nap\u0119d\u00f3w"},"content":{"rendered":"<p>W ofercie aluplast znajduj\u0105 si\u0119 nast\u0119puj\u0105ce rozwi\u0105zania:<\/p>\n<p class=\"intro richtext lead\">Nap\u0119dy r\u0119czne:<\/p>\n<ul>\n<li>zwijacz paska lub linki (nadtynkowy, podtynkowy, p\u00f3\u0142wpuszczany)<\/li>\n<li>zwijacz paska lub linki z przek\u0142adni\u0105 korbow\u0105<\/li>\n<li>ko\u0142o nawojowe z przek\u0142adni\u0105 planetarn\u0105<\/li>\n<li>przek\u0142adnia korbowa z dr\u0105\u017ckiem korby (sta\u0142ym, roz\u0142\u0105cznym, odsadzonym)<\/li>\n<\/ul>\n<p class=\"intro richtext lead\">Nap\u0119dy spr\u0119\u017cynowe<\/p>\n<p class=\"intro richtext lead\">Nap\u0119dy elektryczne<\/p>\n<ul>\n<li>Nap\u0119dy elektryczne podstawowe sterowane przewodowo<\/li>\n<li>Nap\u0119dy elektryczne z wbudowanym odbiornikiem radiowym sterowane za pomoc\u0105 nadajnika radiowego w formie:<\/li>\n<\/ul>\n<p>&#8211; prze\u0142\u0105cznika na\u015bciennego klawiszowego<br \/>\n&#8211; pilota jednokana\u0142owego<br \/>\n&#8211; pilota pi\u0119ciokana\u0142owego<br \/>\n&#8211; prze\u0142\u0105cznika na\u015bciennego z zegarem ( centrala steruj\u0105ca )<\/p>\n<ul>\n<li>Nap\u0119dy elektryczne przeci\u0105\u017ceniowe wykrywaj\u0105ce przeszkody i oblodzenie<\/li>\n<li>Nap\u0119dy elektryczne z awaryjnym otwieraniem r\u0119cznym w przypadku braku pr\u0105du<\/li>\n<\/ul>\n<p>Stosujemy nap\u0119dy renomowanych producent\u00f3w automatyki do rolet: Selve, Geiger, Simu oraz Somfy.<\/p>\n<p>&nbsp;<\/p>\n<p><iframe style=\"width: 100%; height: 600px;\" src=\"https:\/\/konfigurator.aluplast.net\/clients\/polska\/\"><span data-mce-type=\"bookmark\" style=\"display: inline-block; width: 0px; overflow: hidden; line-height: 0;\" class=\"mce_SELRES_start\">\ufeff<\/span><span data-mce-type=\"bookmark\" style=\"display: inline-block; width: 0px; overflow: hidden; line-height: 0;\" class=\"mce_SELRES_start\">\ufeff<\/span><\/iframe><\/p>\n","protected":false},"excerpt":{"rendered":"<div class=\"intro richtext lead\">\n<div class=\"intro richtext lead\">\n<p>Aby zapewni\u0107 jak najlepszy komfort u\u017cytkowania naszych rolet oraz ich bezproblemow\u0105 obs\u0142ug\u0119, w systemach rolet zewn\u0119trznych aluplast istnieje mo\u017cliwo\u015b\u0107 zastosowania r\u00f3\u017cnego rodzaju nap\u0119d\u00f3w, zar\u00f3wno manualnych, jak i elektrycznych.<\/p>\n<\/div>\n<\/div>\n","protected":false},"featured_media":2901,"template":"","meta":{"ocean_post_layout":"","ocean_both_sidebars_style":"","ocean_both_sidebars_content_width":0,"ocean_both_sidebars_sidebars_width":0,"ocean_sidebar":"0","ocean_second_sidebar":"0","ocean_disable_margins":"enable","ocean_add_body_class":"","ocean_shortcode_before_top_bar":"","ocean_shortcode_after_top_bar":"","ocean_shortcode_before_header":"","ocean_shortcode_after_header":"","ocean_has_shortcode":"","ocean_shortcode_after_title":"","ocean_shortcode_before_footer_widgets":"","ocean_shortcode_after_footer_widgets":"","ocean_shortcode_before_footer_bottom":"","ocean_shortcode_after_footer_bottom":"","ocean_display_top_bar":"default","ocean_display_header":"default","ocean_header_style":"","ocean_center_header_left_menu":"0","ocean_custom_header_template":"0","ocean_custom_logo":0,"ocean_custom_retina_logo":0,"ocean_custom_logo_max_width":0,"ocean_custom_logo_tablet_max_width":0,"ocean_custom_logo_mobile_max_width":0,"ocean_custom_logo_max_height":0,"ocean_custom_logo_tablet_max_height":0,"ocean_custom_logo_mobile_max_height":0,"ocean_header_custom_menu":"0","ocean_menu_typo_font_family":"0","ocean_menu_typo_font_subset":"","ocean_menu_typo_font_size":0,"ocean_menu_typo_font_size_tablet":0,"ocean_menu_typo_font_size_mobile":0,"ocean_menu_typo_font_size_unit":"px","ocean_menu_typo_font_weight":"","ocean_menu_typo_font_weight_tablet":"","ocean_menu_typo_font_weight_mobile":"","ocean_menu_typo_transform":"","ocean_menu_typo_transform_tablet":"","ocean_menu_typo_transform_mobile":"","ocean_menu_typo_line_height":0,"ocean_menu_typo_line_height_tablet":0,"ocean_menu_typo_line_height_mobile":0,"ocean_menu_typo_line_height_unit":"","ocean_menu_typo_spacing":0,"ocean_menu_typo_spacing_tablet":0,"ocean_menu_typo_spacing_mobile":0,"ocean_menu_typo_spacing_unit":"","ocean_menu_link_color":"","ocean_menu_link_color_hover":"","ocean_menu_link_color_active":"","ocean_menu_link_background":"","ocean_menu_link_hover_background":"","ocean_menu_link_active_background":"","ocean_menu_social_links_bg":"","ocean_menu_social_hover_links_bg":"","ocean_menu_social_links_color":"","ocean_menu_social_hover_links_color":"","ocean_disable_title":"default","ocean_disable_heading":"default","ocean_post_title":"","ocean_post_subheading":"","ocean_post_title_style":"","ocean_post_title_background_color":"","ocean_post_title_background":0,"ocean_post_title_bg_image_position":"","ocean_post_title_bg_image_attachment":"","ocean_post_title_bg_image_repeat":"","ocean_post_title_bg_image_size":"","ocean_post_title_height":0,"ocean_post_title_bg_overlay":0.5,"ocean_post_title_bg_overlay_color":"","ocean_disable_breadcrumbs":"default","ocean_breadcrumbs_color":"","ocean_breadcrumbs_separator_color":"","ocean_breadcrumbs_links_color":"","ocean_breadcrumbs_links_hover_color":"","ocean_display_footer_widgets":"default","ocean_display_footer_bottom":"default","ocean_custom_footer_template":"0"},"product_cat":[53],"product_tag":[],"class_list":{"0":"post-2900","1":"product","2":"type-product","3":"status-publish","4":"has-post-thumbnail","6":"product_cat-rolety-zewnetrzne","8":"entry","9":"has-media","11":"first","12":"instock","13":"shipping-taxable","14":"product-type-simple","15":"col","16":"span_1_of_3","17":"owp-content-left","18":"owp-thumbs-layout-horizontal","19":"owp-btn-normal","20":"owp-tabs-layout-section","21":"has-no-thumbnails"},"_links":{"self":[{"href":"https:\/\/www.pawlikokna.pl\/de\/wp-json\/wp\/v2\/product\/2900"}],"collection":[{"href":"https:\/\/www.pawlikokna.pl\/de\/wp-json\/wp\/v2\/product"}],"about":[{"href":"https:\/\/www.pawlikokna.pl\/de\/wp-json\/wp\/v2\/types\/product"}],"wp:featuredmedia":[{"embeddable":true,"href":"https:\/\/www.pawlikokna.pl\/de\/wp-json\/wp\/v2\/media\/2901"}],"wp:attachment":[{"href":"https:\/\/www.pawlikokna.pl\/de\/wp-json\/wp\/v2\/media?parent=2900"}],"wp:term":[{"taxonomy":"product_cat","embeddable":true,"href":"https:\/\/www.pawlikokna.pl\/de\/wp-json\/wp\/v2\/product_cat?post=2900"},{"taxonomy":"product_tag","embeddable":true,"href":"https:\/\/www.pawlikokna.pl\/de\/wp-json\/wp\/v2\/product_tag?post=2900"}],"curies":[{"name":"wp","href":"https:\/\/api.w.org\/{rel}","templated":true}]}}