{"id":1788,"date":"2018-06-04T08:19:46","date_gmt":"2018-06-04T08:19:46","guid":{"rendered":"https:\/\/www.pawlikokna.pl\/systemy-okien\/"},"modified":"2018-10-05T09:39:04","modified_gmt":"2018-10-05T09:39:04","slug":"systemy-okien","status":"publish","type":"page","link":"https:\/\/www.pawlikokna.pl\/en\/systemy-okien\/","title":{"rendered":"Systemy okien"},"content":{"rendered":"\t\t<div data-elementor-type=\"wp-post\" data-elementor-id=\"1788\" class=\"elementor elementor-1788 elementor-388 elementor-bc-flex-widget\" data-elementor-post-type=\"page\">\n\t\t\t\t\t\t<section class=\"elementor-section elementor-top-section elementor-element elementor-element-4893804 elementor-section-boxed elementor-section-height-default elementor-section-height-default\" data-id=\"4893804\" data-element_type=\"section\">\n\t\t\t\t\t\t<div class=\"elementor-container elementor-column-gap-default\">\n\t\t\t\t\t<div class=\"elementor-column elementor-col-100 elementor-top-column elementor-element elementor-element-4c8970c\" data-id=\"4c8970c\" data-element_type=\"column\">\n\t\t\t<div class=\"elementor-widget-wrap elementor-element-populated\">\n\t\t\t\t\t\t<div class=\"elementor-element elementor-element-062ee60 elementor-widget elementor-widget-heading\" data-id=\"062ee60\" data-element_type=\"widget\" data-widget_type=\"heading.default\">\n\t\t\t\t<div class=\"elementor-widget-container\">\n\t\t\t<h4 class=\"elementor-heading-title elementor-size-default\"><a href=\"https:\/\/www.pawlikokna.pl\/en\/\">Systemy okien<\/a><\/h4>\t\t<\/div>\n\t\t\t\t<\/div>\n\t\t\t\t<div class=\"elementor-element elementor-element-b55d4c0 elementor-widget elementor-widget-text-editor\" data-id=\"b55d4c0\" data-element_type=\"widget\" data-widget_type=\"text-editor.default\">\n\t\t\t\t<div class=\"elementor-widget-container\">\n\t\t\t\t\t\t\t<p>Nasze okna s\u0105 zgodne z najnowszymi trendami, spe\u0142niaj\u0105 najwy\u017csze standardy jako\u015bciowe, posiadaj\u0105 wszelkie certyfikaty, atesty i normy zgodne z wytycznymi Normy Europejskiej (CE). Wszystkie produkty s\u0105 ekologiczne, bezo\u0142owiowe, energooszcz\u0119dne, trwa\u0142e i bezpieczne.<\/p>\t\t\t\t\t\t<\/div>\n\t\t\t\t<\/div>\n\t\t\t\t\t<\/div>\n\t\t<\/div>\n\t\t\t\t\t<\/div>\n\t\t<\/section>\n\t\t\t\t<section class=\"elementor-section elementor-top-section elementor-element elementor-element-f9b4803 elementor-section-content-middle elementor-section-full_width elementor-section-height-default elementor-section-height-default\" data-id=\"f9b4803\" data-element_type=\"section\" data-settings=\"{&quot;background_background&quot;:&quot;classic&quot;}\">\n\t\t\t\t\t\t<div class=\"elementor-container elementor-column-gap-no\">\n\t\t\t\t\t<div class=\"elementor-column elementor-col-100 elementor-top-column elementor-element elementor-element-b5e2331\" data-id=\"b5e2331\" data-element_type=\"column\">\n\t\t\t<div class=\"elementor-widget-wrap elementor-element-populated\">\n\t\t\t\t\t\t<section class=\"elementor-section elementor-inner-section elementor-element elementor-element-9c08b83 elementor-section-boxed elementor-section-height-default elementor-section-height-default\" data-id=\"9c08b83\" data-element_type=\"section\">\n\t\t\t\t\t\t<div class=\"elementor-container elementor-column-gap-extended\">\n\t\t\t\t\t<div class=\"elementor-column elementor-col-20 elementor-inner-column elementor-element elementor-element-0c20637\" data-id=\"0c20637\" data-element_type=\"column\" data-settings=\"{&quot;background_background&quot;:&quot;classic&quot;}\">\n\t\t\t<div class=\"elementor-widget-wrap elementor-element-populated\">\n\t\t\t\t\t\t<div class=\"elementor-element elementor-element-2634b9a elementor-position-top elementor-widget elementor-widget-image-box\" data-id=\"2634b9a\" data-element_type=\"widget\" data-widget_type=\"image-box.default\">\n\t\t\t\t<div class=\"elementor-widget-container\">\n\t\t\t<div class=\"elementor-image-box-wrapper\"><figure class=\"elementor-image-box-img\"><a href=\"\/ideal-4000-classic-line\/\" tabindex=\"-1\"><img decoding=\"async\" src=\"https:\/\/www.pawlikokna.pl\/wp-content\/uploads\/elementor\/thumbs\/140x01_140x20_120850_24-szara-uszczelka-Ideal-4000-70mm-Classic-nvobq8z7l5ugcvtj7nymu9r6tundup0e2v4qqpl9b0.jpg\" title=\"140x01_140x20_120850_24 szara uszczelka &#8211; Ideal-4000 70mm Classic\" alt=\"\" loading=\"lazy\" \/><\/a><\/figure><div class=\"elementor-image-box-content\"><h3 class=\"elementor-image-box-title\"><a href=\"\/ideal-4000-classic-line\/\">Aluplast<br>4000 Classic Line<\/a><\/h3><\/div><\/div>\t\t<\/div>\n\t\t\t\t<\/div>\n\t\t\t\t\t<\/div>\n\t\t<\/div>\n\t\t\t\t<div class=\"elementor-column elementor-col-20 elementor-inner-column elementor-element elementor-element-997b992\" data-id=\"997b992\" data-element_type=\"column\">\n\t\t\t<div class=\"elementor-widget-wrap elementor-element-populated\">\n\t\t\t\t\t\t<div class=\"elementor-element elementor-element-471e53d elementor-position-top elementor-widget elementor-widget-image-box\" data-id=\"471e53d\" data-element_type=\"widget\" data-widget_type=\"image-box.default\">\n\t\t\t\t<div class=\"elementor-widget-container\">\n\t\t\t<div class=\"elementor-image-box-wrapper\"><figure class=\"elementor-image-box-img\"><a href=\"\/ideal-4000-round-line\" tabindex=\"-1\"><img decoding=\"async\" src=\"https:\/\/www.pawlikokna.pl\/wp-content\/uploads\/elementor\/thumbs\/140x01_140022_1208450-Ideal-4000-70mm-Round-line-nvobqem8q626ajlcaqee98bye5vl4vms3n1nmdcw9o.jpg\" title=\"140x01_140022_1208450 &#8211; Ideal 4000 70mm Round-line\" alt=\"\" loading=\"lazy\" \/><\/a><\/figure><div class=\"elementor-image-box-content\"><h3 class=\"elementor-image-box-title\"><a href=\"\/ideal-4000-round-line\">Aluplast<br>4000 Round Line<\/a><\/h3><\/div><\/div>\t\t<\/div>\n\t\t\t\t<\/div>\n\t\t\t\t\t<\/div>\n\t\t<\/div>\n\t\t\t\t<div class=\"elementor-column elementor-col-20 elementor-inner-column elementor-element elementor-element-67550a7\" data-id=\"67550a7\" data-element_type=\"column\">\n\t\t\t<div class=\"elementor-widget-wrap elementor-element-populated\">\n\t\t\t\t\t\t<div class=\"elementor-element elementor-element-5c87d29 elementor-position-top elementor-widget elementor-widget-image-box\" data-id=\"5c87d29\" data-element_type=\"widget\" data-widget_type=\"image-box.default\">\n\t\t\t\t<div class=\"elementor-widget-container\">\n\t\t\t<div class=\"elementor-image-box-wrapper\"><figure class=\"elementor-image-box-img\"><a href=\"\/ideal-7000-new-85mm\" tabindex=\"-1\"><img decoding=\"async\" src=\"https:\/\/www.pawlikokna.pl\/wp-content\/uploads\/elementor\/thumbs\/ideal7000_bialy_bialy_pelne_wzomc-nvpwdmj9lvljznifop3s55398ktl9k704uaty3sbbw.jpg\" title=\"ideal7000_bialy_bialy_pelne_wzomc\" alt=\"\" loading=\"lazy\" \/><\/a><\/figure><div class=\"elementor-image-box-content\"><h3 class=\"elementor-image-box-title\"><a href=\"\/ideal-7000-new-85mm\">Aluplast<br>7000 Classic Line<\/a><\/h3><\/div><\/div>\t\t<\/div>\n\t\t\t\t<\/div>\n\t\t\t\t\t<\/div>\n\t\t<\/div>\n\t\t\t\t<div class=\"elementor-column elementor-col-20 elementor-inner-column elementor-element elementor-element-0f3e8a9\" data-id=\"0f3e8a9\" data-element_type=\"column\">\n\t\t\t<div class=\"elementor-widget-wrap elementor-element-populated\">\n\t\t\t\t\t\t<div class=\"elementor-element elementor-element-3a2a460 elementor-position-top elementor-widget elementor-widget-image-box\" data-id=\"3a2a460\" data-element_type=\"widget\" data-widget_type=\"image-box.default\">\n\t\t\t\t<div class=\"elementor-widget-container\">\n\t\t\t<div class=\"elementor-image-box-wrapper\"><figure class=\"elementor-image-box-img\"><a href=\"\/ideal-8000\" tabindex=\"-1\"><img decoding=\"async\" src=\"https:\/\/www.pawlikokna.pl\/wp-content\/uploads\/elementor\/thumbs\/180x05_180x20_48_MF_bialy-Idael-8000-nvobx70a33cq55qcno1e9insucf0q6kzp8nwebajbw.jpg\" title=\"180x05_180x20_48_MF_bialy Idael 8000\" alt=\"\" loading=\"lazy\" \/><\/a><\/figure><div class=\"elementor-image-box-content\"><h3 class=\"elementor-image-box-title\"><a href=\"\/ideal-8000\">Aluplast<br>8000 Classic Line<\/a><\/h3><\/div><\/div>\t\t<\/div>\n\t\t\t\t<\/div>\n\t\t\t\t\t<\/div>\n\t\t<\/div>\n\t\t\t\t<div class=\"elementor-column elementor-col-20 elementor-inner-column elementor-element elementor-element-769a4af\" data-id=\"769a4af\" data-element_type=\"column\">\n\t\t\t<div class=\"elementor-widget-wrap elementor-element-populated\">\n\t\t\t\t\t\t<div class=\"elementor-element elementor-element-aaf440d elementor-position-top elementor-widget elementor-widget-image-box\" data-id=\"aaf440d\" data-element_type=\"widget\" data-widget_type=\"image-box.default\">\n\t\t\t\t<div class=\"elementor-widget-container\">\n\t\t\t<div class=\"elementor-image-box-wrapper\"><figure class=\"elementor-image-box-img\"><a href=\"\/softline-82-md\" tabindex=\"-1\"><img decoding=\"async\" src=\"https:\/\/www.pawlikokna.pl\/wp-content\/uploads\/elementor\/thumbs\/csm_soft82a_1eeabc45d2-ov7e5uc683aelhccdtxy949i88d1gjbx3h94khe8gs.png\" title=\"csm_soft82a_1eeabc45d2\" alt=\"\" loading=\"lazy\" \/><\/a><\/figure><div class=\"elementor-image-box-content\"><h3 class=\"elementor-image-box-title\"><a href=\"\/softline-82-md\">Veka<br>Softline 82 MD<\/a><\/h3><\/div><\/div>\t\t<\/div>\n\t\t\t\t<\/div>\n\t\t\t\t\t<\/div>\n\t\t<\/div>\n\t\t\t\t\t<\/div>\n\t\t<\/section>\n\t\t\t\t\t<\/div>\n\t\t<\/div>\n\t\t\t\t\t<\/div>\n\t\t<\/section>\n\t\t\t\t<\/div>\n\t\t","protected":false},"excerpt":{"rendered":"<p>Nasze okna s\u0105 zgodne z najnowszymi trendami, spe\u0142niaj\u0105 najwy\u017csze standardy jako\u015bciowe, posiadaj\u0105 wszelkie certyfikaty, atesty i normy zgodne z wytycznymi Normy Europejskiej (CE). Wszystkie produkty s\u0105 ekologiczne, bezo\u0142owiowe, energooszcz\u0119dne, trwa\u0142e i bezpieczne. Aluplast4000 Classic Line Aluplast4000 Round Line Aluplast7000 Classic Line Aluplast8000 Classic Line VekaSoftline 82 MD<\/p>\n","protected":false},"author":1,"featured_media":0,"parent":0,"menu_order":0,"comment_status":"closed","ping_status":"closed","template":"elementor_header_footer","meta":{"ocean_post_layout":"","ocean_both_sidebars_style":"","ocean_both_sidebars_content_width":0,"ocean_both_sidebars_sidebars_width":0,"ocean_sidebar":"","ocean_second_sidebar":"","ocean_disable_margins":"enable","ocean_add_body_class":"","ocean_shortcode_before_top_bar":"","ocean_shortcode_after_top_bar":"","ocean_shortcode_before_header":"","ocean_shortcode_after_header":"","ocean_has_shortcode":"","ocean_shortcode_after_title":"","ocean_shortcode_before_footer_widgets":"","ocean_shortcode_after_footer_widgets":"","ocean_shortcode_before_footer_bottom":"","ocean_shortcode_after_footer_bottom":"","ocean_display_top_bar":"default","ocean_display_header":"default","ocean_header_style":"","ocean_center_header_left_menu":"","ocean_custom_header_template":"","ocean_custom_logo":0,"ocean_custom_retina_logo":0,"ocean_custom_logo_max_width":0,"ocean_custom_logo_tablet_max_width":0,"ocean_custom_logo_mobile_max_width":0,"ocean_custom_logo_max_height":0,"ocean_custom_logo_tablet_max_height":0,"ocean_custom_logo_mobile_max_height":0,"ocean_header_custom_menu":"","ocean_menu_typo_font_family":"","ocean_menu_typo_font_subset":"","ocean_menu_typo_font_size":0,"ocean_menu_typo_font_size_tablet":0,"ocean_menu_typo_font_size_mobile":0,"ocean_menu_typo_font_size_unit":"px","ocean_menu_typo_font_weight":"","ocean_menu_typo_font_weight_tablet":"","ocean_menu_typo_font_weight_mobile":"","ocean_menu_typo_transform":"","ocean_menu_typo_transform_tablet":"","ocean_menu_typo_transform_mobile":"","ocean_menu_typo_line_height":0,"ocean_menu_typo_line_height_tablet":0,"ocean_menu_typo_line_height_mobile":0,"ocean_menu_typo_line_height_unit":"","ocean_menu_typo_spacing":0,"ocean_menu_typo_spacing_tablet":0,"ocean_menu_typo_spacing_mobile":0,"ocean_menu_typo_spacing_unit":"","ocean_menu_link_color":"","ocean_menu_link_color_hover":"","ocean_menu_link_color_active":"","ocean_menu_link_background":"","ocean_menu_link_hover_background":"","ocean_menu_link_active_background":"","ocean_menu_social_links_bg":"","ocean_menu_social_hover_links_bg":"","ocean_menu_social_links_color":"","ocean_menu_social_hover_links_color":"","ocean_disable_title":"default","ocean_disable_heading":"default","ocean_post_title":"","ocean_post_subheading":"","ocean_post_title_style":"","ocean_post_title_background_color":"","ocean_post_title_background":0,"ocean_post_title_bg_image_position":"","ocean_post_title_bg_image_attachment":"","ocean_post_title_bg_image_repeat":"","ocean_post_title_bg_image_size":"","ocean_post_title_height":0,"ocean_post_title_bg_overlay":0.5,"ocean_post_title_bg_overlay_color":"","ocean_disable_breadcrumbs":"default","ocean_breadcrumbs_color":"","ocean_breadcrumbs_separator_color":"","ocean_breadcrumbs_links_color":"","ocean_breadcrumbs_links_hover_color":"","ocean_display_footer_widgets":"default","ocean_display_footer_bottom":"default","ocean_custom_footer_template":"","footnotes":""},"class_list":["post-1788","page","type-page","status-publish","hentry","entry","owp-thumbs-layout-horizontal","owp-btn-normal","owp-tabs-layout-section","has-no-thumbnails"],"_links":{"self":[{"href":"https:\/\/www.pawlikokna.pl\/en\/wp-json\/wp\/v2\/pages\/1788"}],"collection":[{"href":"https:\/\/www.pawlikokna.pl\/en\/wp-json\/wp\/v2\/pages"}],"about":[{"href":"https:\/\/www.pawlikokna.pl\/en\/wp-json\/wp\/v2\/types\/page"}],"author":[{"embeddable":true,"href":"https:\/\/www.pawlikokna.pl\/en\/wp-json\/wp\/v2\/users\/1"}],"replies":[{"embeddable":true,"href":"https:\/\/www.pawlikokna.pl\/en\/wp-json\/wp\/v2\/comments?post=1788"}],"version-history":[{"count":45,"href":"https:\/\/www.pawlikokna.pl\/en\/wp-json\/wp\/v2\/pages\/1788\/revisions"}],"predecessor-version":[{"id":3263,"href":"https:\/\/www.pawlikokna.pl\/en\/wp-json\/wp\/v2\/pages\/1788\/revisions\/3263"}],"wp:attachment":[{"href":"https:\/\/www.pawlikokna.pl\/en\/wp-json\/wp\/v2\/media?parent=1788"}],"curies":[{"name":"wp","href":"https:\/\/api.w.org\/{rel}","templated":true}]}}