{"id":1881,"date":"2018-07-12T09:03:49","date_gmt":"2018-07-12T09:03:49","guid":{"rendered":"https:\/\/www.pawlikokna.pl\/produkt\/nakladane\/"},"modified":"2018-07-12T09:03:49","modified_gmt":"2018-07-12T09:03:49","slug":"nakladane","status":"publish","type":"product","link":"https:\/\/www.pawlikokna.pl\/en\/produkt\/nakladane\/","title":{"rendered":"Nak\u0142adane"},"content":{"rendered":"<p>RNK &#8211; Rolety Nak\u0142adane Komfort<\/p>\n<ul class=\"info\">\n<li>Nowatorskie rozwi\u0105zanie przeznaczone do zabudowy skrzynki rolety z zewn\u0105trz i wewn\u0105trz &#8211; ca\u0142kowicie niewidoczna skrzynka<\/li>\n<li>Pokrywa rewizyjna otwierana od do\u0142u umo\u017cliwia swobodny dost\u0119p do mechanizmu rolety<\/li>\n<li>W standardowym wykonaniu izolacja cieplna ze styropianu o wsp\u00f3\u0142czynniku U = 0,85<\/li>\n<li>Wyj\u0105tkowo prosty monta\u017c oraz stabilna konstrukcja<\/li>\n<li>Kompatybilno\u015b\u0107 ze wszystkimi systemami profili Aluplast oraz innych producent\u00f3w system\u00f3w okiennych z PVC<\/li>\n<li>Dost\u0119pne wielko\u015bci skrzynki to : 181 i 220 mm<\/li>\n<li>Bogata oferta kolorowych folii dekoracyjnych i folii drewnopodobnych<\/li>\n<li>Mo\u017cliwo\u015b\u0107 zastosowania zintegrowanej, rolowanej siatki przeciwinsektowej, kt\u00f3ra nie wp\u0142ywa na zmniejszenie pojemno\u015bci pancerza w skrzynce<\/li>\n<\/ul>\n<p>RNR &#8211; Rolety Nak\u0142adane Round-Line<\/p>\n<ul class=\"info\">\n<li>Idealny wariant rolet nak\u0142adanych do okien z profili o zaokr\u0105glonych kraw\u0119dziach (Round line)<\/li>\n<li>W standardzie doskona\u0142e parametry wsp\u00f3\u0142czynnika izolacji cieplnej U od 0,73 do 0,84<\/li>\n<li>Stylowy i ekskluzywny kszta\u0142t do zastosowania w starym jak i nowym budownictwie<\/li>\n<li>Innowacyjny profil monta\u017cowy zapewniaj\u0105cy solidne po\u0142\u0105czenie rolety z ram\u0105 system\u00f3w okiennych Aluplast oraz innych producent\u00f3w system\u00f3w okiennych z PVC, aluminium i drewna<\/li>\n<li>Dost\u0119pne wielko\u015bci skrzynki to : 150, 180 i 210 mm<\/li>\n<li>Masywne elementy skrzynki zapewniaj\u0105 sztywno\u015b\u0107 konstrukcji niespotykan\u0105 w innych systemach rolet<\/li>\n<li>Bogata oferta kolorowych folii dekoracyjnych i folii drewnopodobnych<\/li>\n<li>Mo\u017cliwo\u015b\u0107 zastosowania zintegrowanej, rolowanej siatki przeciwinsektowej, kt\u00f3ra nie wp\u0142ywa na zmniejszenie pojemno\u015bci pancerza w skrzynce<\/li>\n<\/ul>\n<p><iframe style=\"width: 100%; height: 600px;\" src=\"https:\/\/konfigurator.aluplast.net\/clients\/polska\/\"><span data-mce-type=\"bookmark\" style=\"display: inline-block; width: 0px; overflow: hidden; line-height: 0;\" class=\"mce_SELRES_start\">\ufeff<\/span><span data-mce-type=\"bookmark\" style=\"display: inline-block; width: 0px; overflow: hidden; line-height: 0;\" class=\"mce_SELRES_start\">\ufeff<\/span><\/iframe><\/p>\n","protected":false},"excerpt":{"rendered":"<p>RNS &#8211; Rolety Nak\u0142adane Standart<\/p>\n<ul class=\"info\">\n<li>Klasyczne rolety do zintegrowania z oknem<\/li>\n<li>Skrzynki i prowadnice wykonane z wysokoudarowego PVC<\/li>\n<li>Pokrywa rewizyjna otwierana tradycyjnie od czo\u0142a, wewn\u0105trz pomieszczenia<\/li>\n<li>W standardowym wykonaniu izolacja cieplna ze styropianu o wsp\u00f3\u0142czynniku U = 0,85<\/li>\n<li>Wyj\u0105tkowo prosty monta\u017c oraz bardzo stabilna konstrukcja<\/li>\n<li>Kompatybilno\u015b\u0107 ze wszystkimi systemami profili Aluplast oraz innych producent\u00f3w system\u00f3w okiennych z PVC<\/li>\n<li>Dost\u0119pne wielko\u015bci skrzynki to : 155, 181 i 220 mm<\/li>\n<li>Bogata oferta kolorowych folii dekoracyjnych i folii drewnopodobnych<\/li>\n<li>Mo\u017cliwo\u015b\u0107 zastosowania zintegrowanej, rolowanej siatki przeciwinsektowej, kt\u00f3ra nie wp\u0142ywa na zmniejszenie pojemno\u015bci pancerza w skrzynce<\/li>\n<\/ul>\n","protected":false},"featured_media":1882,"template":"","meta":{"ocean_post_layout":"","ocean_both_sidebars_style":"","ocean_both_sidebars_content_width":0,"ocean_both_sidebars_sidebars_width":0,"ocean_sidebar":"","ocean_second_sidebar":"","ocean_disable_margins":"enable","ocean_add_body_class":"","ocean_shortcode_before_top_bar":"","ocean_shortcode_after_top_bar":"","ocean_shortcode_before_header":"","ocean_shortcode_after_header":"","ocean_has_shortcode":"","ocean_shortcode_after_title":"","ocean_shortcode_before_footer_widgets":"","ocean_shortcode_after_footer_widgets":"","ocean_shortcode_before_footer_bottom":"","ocean_shortcode_after_footer_bottom":"","ocean_display_top_bar":"default","ocean_display_header":"default","ocean_header_style":"","ocean_center_header_left_menu":"","ocean_custom_header_template":"","ocean_custom_logo":0,"ocean_custom_retina_logo":0,"ocean_custom_logo_max_width":0,"ocean_custom_logo_tablet_max_width":0,"ocean_custom_logo_mobile_max_width":0,"ocean_custom_logo_max_height":0,"ocean_custom_logo_tablet_max_height":0,"ocean_custom_logo_mobile_max_height":0,"ocean_header_custom_menu":"","ocean_menu_typo_font_family":"","ocean_menu_typo_font_subset":"","ocean_menu_typo_font_size":0,"ocean_menu_typo_font_size_tablet":0,"ocean_menu_typo_font_size_mobile":0,"ocean_menu_typo_font_size_unit":"px","ocean_menu_typo_font_weight":"","ocean_menu_typo_font_weight_tablet":"","ocean_menu_typo_font_weight_mobile":"","ocean_menu_typo_transform":"","ocean_menu_typo_transform_tablet":"","ocean_menu_typo_transform_mobile":"","ocean_menu_typo_line_height":0,"ocean_menu_typo_line_height_tablet":0,"ocean_menu_typo_line_height_mobile":0,"ocean_menu_typo_line_height_unit":"","ocean_menu_typo_spacing":0,"ocean_menu_typo_spacing_tablet":0,"ocean_menu_typo_spacing_mobile":0,"ocean_menu_typo_spacing_unit":"","ocean_menu_link_color":"","ocean_menu_link_color_hover":"","ocean_menu_link_color_active":"","ocean_menu_link_background":"","ocean_menu_link_hover_background":"","ocean_menu_link_active_background":"","ocean_menu_social_links_bg":"","ocean_menu_social_hover_links_bg":"","ocean_menu_social_links_color":"","ocean_menu_social_hover_links_color":"","ocean_disable_title":"default","ocean_disable_heading":"default","ocean_post_title":"","ocean_post_subheading":"","ocean_post_title_style":"","ocean_post_title_background_color":"","ocean_post_title_background":0,"ocean_post_title_bg_image_position":"","ocean_post_title_bg_image_attachment":"","ocean_post_title_bg_image_repeat":"","ocean_post_title_bg_image_size":"","ocean_post_title_height":0,"ocean_post_title_bg_overlay":0.5,"ocean_post_title_bg_overlay_color":"","ocean_disable_breadcrumbs":"default","ocean_breadcrumbs_color":"","ocean_breadcrumbs_separator_color":"","ocean_breadcrumbs_links_color":"","ocean_breadcrumbs_links_hover_color":"","ocean_display_footer_widgets":"default","ocean_display_footer_bottom":"default","ocean_custom_footer_template":""},"product_cat":[82],"product_tag":[],"class_list":{"0":"post-1881","1":"product","2":"type-product","3":"status-publish","4":"has-post-thumbnail","6":"product_cat-rolety-zewnetrzne-en","8":"entry","9":"has-media","11":"first","12":"instock","13":"shipping-taxable","14":"product-type-simple","15":"col","16":"span_1_of_3","17":"owp-content-left","18":"owp-thumbs-layout-horizontal","19":"owp-btn-normal","20":"owp-tabs-layout-section"},"_links":{"self":[{"href":"https:\/\/www.pawlikokna.pl\/en\/wp-json\/wp\/v2\/product\/1881"}],"collection":[{"href":"https:\/\/www.pawlikokna.pl\/en\/wp-json\/wp\/v2\/product"}],"about":[{"href":"https:\/\/www.pawlikokna.pl\/en\/wp-json\/wp\/v2\/types\/product"}],"wp:featuredmedia":[{"embeddable":true,"href":"https:\/\/www.pawlikokna.pl\/en\/wp-json\/wp\/v2\/media\/1882"}],"wp:attachment":[{"href":"https:\/\/www.pawlikokna.pl\/en\/wp-json\/wp\/v2\/media?parent=1881"}],"wp:term":[{"taxonomy":"product_cat","embeddable":true,"href":"https:\/\/www.pawlikokna.pl\/en\/wp-json\/wp\/v2\/product_cat?post=1881"},{"taxonomy":"product_tag","embeddable":true,"href":"https:\/\/www.pawlikokna.pl\/en\/wp-json\/wp\/v2\/product_tag?post=1881"}],"curies":[{"name":"wp","href":"https:\/\/api.w.org\/{rel}","templated":true}]}}