{"id":1965,"date":"2018-07-12T08:05:50","date_gmt":"2018-07-12T08:05:50","guid":{"rendered":"https:\/\/www.pawlikokna.pl\/produkt\/systemy-tsk-i-hst\/"},"modified":"2018-07-12T08:05:50","modified_gmt":"2018-07-12T08:05:50","slug":"systemy-tsk-i-hst","status":"publish","type":"product","link":"https:\/\/www.pawlikokna.pl\/en\/produkt\/systemy-tsk-i-hst\/","title":{"rendered":"Systemy TSK i HST"},"content":{"rendered":"<p><strong>Rodzaje konstrukcji drzwi TSK<\/strong><\/p>\n<p>Drzwi balkonowe typu HST mog\u0105 wyst\u0119powa\u0107 w co najmniej w kilku r\u00f3\u017cnych wersjach i uk\u0142adach skrzyde\u0142 oraz cz\u0119\u015bci nieotwieranych. R\u00f3\u017cnorodno\u015b\u0107 konstrukcji jest jedn\u0105 z niezaprzeczalnych zalet tego rozwi\u0105zania. Tylko potrzeby funkcjonalne i wyobra\u017ania inwestora b\u0119d\u0105 decydowa\u0142y, czy w naszych drzwiach balkonowych otwiera\u0107 b\u0119dziemy niezale\u017cnie od siebie jedno, dwa czy a\u017c cztery skrzyd\u0142a. Poni\u017cej kilka schemat\u00f3w obrazuj\u0105cych mo\u017cliwe kombinacje cz\u0119\u015bci otwieranych i nieotwieranych w drzwiach HST.<\/p>\n<p><a href=\"https:\/\/www.pawlikokna.pl\/wp-content\/uploads\/2018\/07\/3.jpg\"><img decoding=\"async\" class=\"alignnone size-medium wp-image-772\" src=\"https:\/\/www.pawlikokna.pl\/wp-content\/uploads\/2018\/07\/3-300x161.jpg\" alt=\"\" width=\"300\" height=\"161\" srcset=\"https:\/\/www.pawlikokna.pl\/wp-content\/uploads\/2018\/07\/3.jpg 300w, https:\/\/www.pawlikokna.pl\/wp-content\/uploads\/2018\/07\/3-600x322.jpg 600w\" sizes=\"(max-width: 300px) 100vw, 300px\" \/><\/a><\/p>\n<p><strong>Jak to dzia\u0142a ?<\/strong><\/p>\n<p>Z pewno\u015bci\u0105 nie wszyscy inwestorzy s\u0105 specjalistami od czytania schemat\u00f3w i rysunk\u00f3w technicznych, dlatego na podstawie kilku zdj\u0119\u0107 pokazujemy jaka jest idea dzia\u0142ania drzwi HST i jak to jest mo\u017cliwe, \u017ce skrzyd\u0142a tych drzwi mijaj\u0105 si\u0119 bezawaryjnie, a jednocze\u015bnie ca\u0142a konstrukcja zachowuje nale\u017cyt\u0105 stabilno\u015b\u0107 i szczelno\u015b\u0107.<\/p>\n<p>Dzi\u0119ki odpowiedniej kombinacji profili w cz\u0119\u015bci nadpro\u017ca drzwi i w cz\u0119\u015bci progowej oraz specjalistycznym okuciom okiennym, skrzyd\u0142a swobodnie i bez najmniejszego oporu przesuwaj\u0105 si\u0119 wzgl\u0119dem siebie lub wzgl\u0119dem nieotwieranych cz\u0119\u015bci konstrukcji.<\/p>\n<p>Odpowiednia szczelno\u015b\u0107 przestrzeni pomi\u0119dzy poruszaj\u0105cymi si\u0119 skrzyd\u0142ami drzwi HST w chwili gdy pozostaj\u0105 one w pozycji zamkni\u0119tej zapewniona jest przez specjalny uk\u0142ad nak\u0142adaj\u0105cych si\u0119 na siebie zaczep\u00f3w wyposa\u017conych w system uszczelek przylgowych. Rozwi\u0105zanie przedstawione na poni\u017cszym rysunku pozwala osi\u0105gn\u0105\u0107 szczelno\u015b\u0107 konstrukcji por\u00f3wnywaln\u0105 do klasycznych okien z PVC, w kt\u00f3rych uszczelniana jest przylga zewn\u0119trzna i wewn\u0119trzna.<\/p>\n<p><a href=\"https:\/\/www.pawlikokna.pl\/wp-content\/uploads\/2018\/07\/4.jpg\"><img fetchpriority=\"high\" decoding=\"async\" class=\"alignnone size-medium wp-image-773\" src=\"https:\/\/www.pawlikokna.pl\/wp-content\/uploads\/2018\/07\/4-300x284.jpg\" alt=\"\" width=\"300\" height=\"284\" srcset=\"https:\/\/www.pawlikokna.pl\/wp-content\/uploads\/2018\/07\/4-300x284.jpg 300w, https:\/\/www.pawlikokna.pl\/wp-content\/uploads\/2018\/07\/4.jpg 500w\" sizes=\"(max-width: 300px) 100vw, 300px\" \/><\/a><\/p>\n<p>Konstrukcyjn\u0105 stabilno\u015b\u0107 drzwi HST uzyskuje si\u0119 nie tylko dzi\u0119ki nienagannej jako\u015bci kszta\u0142townik\u00f3w systemu IDEAL 4000, ale przede wszystkim dzi\u0119ki koniecznej rygorystycznej dba\u0142o\u015bci producenta o dob\u00f3r odpowiednich element\u00f3w wzmocnie\u0144 do kszta\u0142townik\u00f3w z PVC. Wystarczy spojrze\u0107 na jedno z powy\u017cszych zdj\u0119\u0107, na kt\u00f3rym wida\u0107 przekr\u00f3j specjalnego aluminiowego wzmocnienia elementu nadpro\u017ca, a w\u0142a\u015bciwie o\u015bcie\u017cnicy drzwi. Wykonywanie koniecznych oblicze\u0144 i przestrzeganie zasad statyki przy doborze wzmocnie\u0144 jest kolejnym z warunk\u00f3w poprawno\u015bci wykonania i wieloletniego bezawaryjnego funkcjonowania drzwi HST. Wym\u00f3g w\u0142a\u015bciwego doboru wzmocnie\u0144 i oblicze\u0144 statycznych staje si\u0119 jeszcze bardziej oczywisty je\u015bli przyjrze\u0107 si\u0119 dopuszczalnym maksymalnym wymiarom konstrukcji drzwi typu HST okre\u015blonym w katalogu technicznym firmy ALUPLAST.<\/p>\n<p><a href=\"https:\/\/www.pawlikokna.pl\/wp-content\/uploads\/2018\/07\/5.jpg\"><img decoding=\"async\" class=\"alignnone size-full wp-image-774\" src=\"https:\/\/www.pawlikokna.pl\/wp-content\/uploads\/2018\/07\/5.jpg\" alt=\"\" width=\"259\" height=\"215\" srcset=\"https:\/\/www.pawlikokna.pl\/wp-content\/uploads\/2018\/07\/5.jpg 259w, https:\/\/www.pawlikokna.pl\/wp-content\/uploads\/2018\/07\/5-600x498.jpg 600w\" sizes=\"(max-width: 259px) 100vw, 259px\" \/><\/a><\/p>\n<p><strong>Jako\u015b\u0107 to fakt&#8230; mierzalny<\/strong><\/p>\n<p>Pisz\u0105c wy\u017cej o szczelno\u015bci wspomnieli\u015bmy, \u017ce drzwi HST wykonane z kszta\u0142townik\u00f3w ALUPLAST serii IDEAL 4000 charakteryzuj\u0105 si\u0119 podobn\u0105 klas\u0105 w\u0142a\u015bciwo\u015bci okre\u015blanych wed\u0142ug PN-EN 14351-1:2006 jak wysokiej jako\u015bci okna o bardziej standardowym wygl\u0105dzie i wielko\u015bci. Aby rozwia\u0107 ewentualne w\u0105tpliwo\u015bci zawsze staramy si\u0119 przedstawi\u0107 dowody na stawiane przez siebie tezy. Tym razem b\u0119dzie dok\u0142adnie tak samo. Ka\u017cdy kto profesjonalnie zajmuje si\u0119 bran\u017c\u0105 okienn\u0105 wie, \u017ce o u\u017cytkowej jako\u015bci wyrobu mog\u0105 \u015bwiadczy\u0107 wyniki bada\u0144 przeprowadzanych przez certyfikowane lub notyfikowane laboratoria przede wszystkim w zakresie ustalenia takich w\u0142a\u015bciwo\u015bci okien i drzwi balkonowych jak odporno\u015b\u0107 na obci\u0105\u017cenie wiatrem, wodoszczelno\u015b\u0107 i przepuszczalno\u015b\u0107 powietrza. Poni\u017cej prezentujemy wyniki bada\u0144 drzwi HST firmy ALUPLAST wykonane w tym renomowanym laboratorium IFT Rosenheim.<\/p>\n<p>Konieczne wydaje si\u0119 teraz kr\u00f3tkie om\u00f3wienie uzyskanych wynik\u00f3w, bo nie ka\u017cdy z inwestor\u00f3w musi wiedzie\u0107 jakie wymagania wyrobom stawia przywo\u0142ana wy\u017cej norma PN-EN 14351-1:2006 i co konkretnie wynika z osi\u0105gni\u0119tych klas w zakresie opisanych w certyfikacie w\u0142a\u015bciwo\u015bci drzwi HST.<\/p>\n<p>Przek\u0142adaj\u0105c skr\u00f3towe i techniczne okre\u015blenia certyfikatu na j\u0119zyk u\u017cytkownik\u00f3w okien mo\u017cna powiedzie\u0107, \u017ce:<\/p>\n<ul class=\"przesuwne\">\n<li>najbardziej nara\u017cony na odkszta\u0142cenie element drzwi HST ugi\u0105\u0142 si\u0119 o dopuszczon\u0105 norm\u0105 1\/300 swojej d\u0142ugo\u015bci pod wp\u0142ywem ci\u015bnienia parcia wiatru 1200 Pa, co odpowiada wiatrowi wiej\u0105cemu z pr\u0119dko\u015bci\u0105 oko\u0142o 158 km\/h i jest oznaczane wed\u0142ug PN-EN 14351-1:2006 klas\u0105 C-3.<\/li>\n<li>nieos\u0142oni\u0119te drzwi HST zachowa\u0142y szczelno\u015b\u0107 na przenikanie wody opadowej do wn\u0119trza konstrukcji przy ci\u015bnieniu parcia wiatru 600 Pa, co odpowiada wiatrowi wiej\u0105cemu z pr\u0119dko\u015bci\u0105 oko\u0142o 112 km\/h i jest oznaczane wed\u0142ug PN-EN 14351-1:2006 klas\u0105 9A.<\/li>\n<li>przy ci\u015bnieniu parcia wiatru 600 Pa, do wn\u0119trza pomieszczenia przez 1m szczeliny przenika mniej ni\u017c 0,75 m3 powietrza co oznaczane jest wed\u0142ug PN-EN 14351-1:2006 jako klasa 4 w zakresie przepuszczalno\u015bci powietrza i \u015bwiadczy o najwy\u017cszej mo\u017cliwej szczelno\u015bci wyrobu na niekontrolowan\u0105 infiltracj\u0119 powietrza.<\/li>\n<\/ul>\n<p>Wniosek: Przedstawiony przez Instytut z Rosenheim ko\u0144cowy certyfikat bada\u0144 drzwi HST firmy ALUPLAST jednoznacznie potwierdza klas\u0119 u\u017cytych do ich produkcji komponent\u00f3w &#8211; kszta\u0142townik\u00f3w, wzmocnie\u0144, uszczelek i oku\u0107 oraz najwy\u017csz\u0105 jako\u015b\u0107 wyrobu jako ca\u0142o\u015bci.<\/p>\n<p><strong>Ciep\u0142o i bezpiecznie, czyli dobrych informacji ci\u0105g dalszy<\/strong><\/p>\n<p>Pisz\u0105c o drzwiach HST warto im si\u0119 przyjrze\u0107 tak\u017ce pod k\u0105tem takich w\u0142a\u015bciwo\u015bci jak przenikalno\u015b\u0107 cieplna oraz odporno\u015b\u0107 na w\u0142amanie. Obie te w\u0142a\u015bciwo\u015bci okien s\u0105 nader cz\u0119sto wymieniane przez inwestor\u00f3w jako decyduj\u0105ce o ewentualnym wyborze i zakupie okien z PVC.<\/p>\n<p><strong>Ciep\u0142o +60%<\/strong><\/p>\n<p>Zacznijmy od przenikalno\u015bci cieplnej, bo has\u0142o oszcz\u0119dno\u015bci energii zrobi\u0142o w ci\u0105gu dw\u00f3ch ostatnich lat osza\u0142amiaj\u0105c\u0105 karier\u0119 na rynku okien i je\u015bli kt\u00f3ry\u015b z oferowanych wyrob\u00f3w nie jest przedstawiany jako energooszcz\u0119dny, to szanse na jego sprzeda\u017c zdecydowanie malej\u0105.<\/p>\n<p>Cho\u0107 inwestorskie poszukiwania oszcz\u0119dno\u015bci energii rzadko opieraj\u0105 si\u0119 na faktach, a zdecydowanie cz\u0119\u015bciej na reklamie, to w wypadku drzwi HST warto przedstawi\u0107 twarde energooszcz\u0119dne fakty, tym bardziej, \u017ce stanowi\u0105 one najlepsz\u0105 energooszcz\u0119dn\u0105 reklam\u0119.<\/p>\n<p>Na pocz\u0105tek poka\u017cemy jakie z\u0142o\u017cenie kszta\u0142townik\u00f3w zosta\u0142o przedstawione do bada\u0144 przenikalno\u015bci cieplnej w laboratorium w Rosenheim.<\/p>\n<p><a href=\"https:\/\/www.pawlikokna.pl\/wp-content\/uploads\/2018\/07\/6.jpg\"><img loading=\"lazy\" decoding=\"async\" class=\"alignnone size-full wp-image-775\" src=\"https:\/\/www.pawlikokna.pl\/wp-content\/uploads\/2018\/07\/6.jpg\" alt=\"\" width=\"204\" height=\"170\" srcset=\"https:\/\/www.pawlikokna.pl\/wp-content\/uploads\/2018\/07\/6.jpg 204w, https:\/\/www.pawlikokna.pl\/wp-content\/uploads\/2018\/07\/6-600x500.jpg 600w\" sizes=\"(max-width: 204px) 100vw, 204px\" \/><\/a><\/p>\n<p>Zgodnie z raportem bada\u0144 przenikalno\u015bci cieplnej dla kszta\u0142townik\u00f3w drzwi HST wykonanym przez laboratorium w Rosenheim dla tego z\u0142o\u017cenia kszta\u0142townik\u00f3w uzyskano nast\u0119puj\u0105cy wynik:<\/p>\n<p><a href=\"https:\/\/www.pawlikokna.pl\/wp-content\/uploads\/2018\/07\/7.jpg\"><img loading=\"lazy\" decoding=\"async\" class=\"alignnone size-medium wp-image-776\" src=\"https:\/\/www.pawlikokna.pl\/wp-content\/uploads\/2018\/07\/7-300x44.jpg\" alt=\"\" width=\"300\" height=\"44\" srcset=\"https:\/\/www.pawlikokna.pl\/wp-content\/uploads\/2018\/07\/7-300x44.jpg 300w, https:\/\/www.pawlikokna.pl\/wp-content\/uploads\/2018\/07\/7-600x87.jpg 600w, https:\/\/www.pawlikokna.pl\/wp-content\/uploads\/2018\/07\/7.jpg 323w\" sizes=\"(max-width: 300px) 100vw, 300px\" \/><\/a><\/p>\n<p>Dla wszystkich ciep\u0142olubnych czytelnik\u00f3w, w oparciu o uzyskany w badaniach wynik dla kszta\u0142townik\u00f3w okiennych, wykonamy teraz wyliczenie wsp\u00f3\u0142czynnika przenikania ciep\u0142a dla drzwi balkonowych HST ALUPLAST IDEAL 4000 o wymiarach 6000 x 2250 przeszklonych standardow\u0105 szyb\u0105 dwukomorow\u0105 o wsp\u00f3\u0142czynniku przenikania ciep\u0142a dla \u015brodkowej cz\u0119\u015bci szyby U<sub>g<\/sub>=0,7 W(m<sup>2<\/sup>*K) i warto\u015bci liniowego wsp\u00f3\u0142czynnika przenikania ciep\u0142a mostka termicznego na styku szyby z ram\u0105 \u03a8=0,045 W(m<sup>2<\/sup>*K).<\/p>\n<p>Do oblicze\u0144 zastosujemy nast\u0119puj\u0105cy powszechnie znany wz\u00f3r s\u0142u\u017c\u0105cy do obliczania wsp\u00f3\u0142czynnika przenikania ciep\u0142a okien i drzwi balkonowych.<\/p>\n<p><a href=\"https:\/\/www.pawlikokna.pl\/wp-content\/uploads\/2018\/07\/8.jpg\"><img loading=\"lazy\" decoding=\"async\" class=\"alignnone size-full wp-image-777\" src=\"https:\/\/www.pawlikokna.pl\/wp-content\/uploads\/2018\/07\/8.jpg\" alt=\"\" width=\"198\" height=\"43\" srcset=\"https:\/\/www.pawlikokna.pl\/wp-content\/uploads\/2018\/07\/8.jpg 198w, https:\/\/www.pawlikokna.pl\/wp-content\/uploads\/2018\/07\/8-600x130.jpg 600w\" sizes=\"(max-width: 198px) 100vw, 198px\" \/><\/a><\/p>\n<p>Gdzie:<\/p>\n<ul class=\"przesuwne\">\n<li><b>U<sub>w<\/sub><\/b> &#8211; wsp\u00f3\u0142czynnik przenikania ciep\u0142a okna \u00a0W (m<sup>2<\/sup>*K)<\/li>\n<li><b>U<sub>g<\/sub><\/b> &#8211; wsp\u00f3\u0142czynnik przenikania ciep\u0142a w \u015brodkowej cz\u0119\u015bci szyby zespolonej\u00a0 W (m<sup>2<\/sup>*K)<\/li>\n<li><b>A<sub>s<\/sub><\/b> &#8211; pole powierzchni szyby w\u00a0\u00a0m<sup>2<\/sup><\/li>\n<li><b>U<sub>f<\/sub><\/b> &#8211; wsp\u00f3\u0142czynnik przenikania ciep\u0142a ramy\u00a0W (m<sup>2<\/sup>*K))<\/li>\n<li><b>A<sub>R<\/sub><\/b> &#8211; pole powierzchni ramy w\u00a0m<sup>2<\/sup><\/li>\n<li><b>\u03a8<\/b> &#8211; liniowy wsp\u00f3\u0142czynnik przenikania ciep\u0142a mostka cieplnego na styku szyby z ram\u0105<\/li>\n<li><b>L<\/b> &#8211; d\u0142ugo\u015b\u0107 liniowego mostka cieplnego na styku szyby z ram\u0105, w\u00a0m<sup>2<\/sup><\/li>\n<li><b>A<\/b> &#8211; ca\u0142kowite pole powierzchni okna w m<sup>2<\/sup><\/li>\n<\/ul>\n<p><a href=\"https:\/\/www.pawlikokna.pl\/wp-content\/uploads\/2018\/07\/9.jpg\"><img loading=\"lazy\" decoding=\"async\" class=\"alignnone size-medium wp-image-778\" src=\"https:\/\/www.pawlikokna.pl\/wp-content\/uploads\/2018\/07\/9-300x43.jpg\" alt=\"\" width=\"300\" height=\"43\" srcset=\"https:\/\/www.pawlikokna.pl\/wp-content\/uploads\/2018\/07\/9-300x43.jpg 300w, https:\/\/www.pawlikokna.pl\/wp-content\/uploads\/2018\/07\/9-600x85.jpg 600w, https:\/\/www.pawlikokna.pl\/wp-content\/uploads\/2018\/07\/9.jpg 496w\" sizes=\"(max-width: 300px) 100vw, 300px\" \/><\/a><\/p>\n<p>Od dnia 01.01.2009 Minister Infrastruktury ustali\u0142, \u017ce maksymalna dopuszczalna warto\u015b\u0107 wsp\u00f3\u0142czynnika przenikania ciep\u0142a dla okien i drzwi wynosi U<sub>w (max)<\/sub>=1,7W(m<sup>2<\/sup>*K).<\/p>\n<p>Por\u00f3wnuj\u0105c maksymaln\u0105 dopuszczaln\u0105 warto\u015b\u0107 wsp\u00f3\u0142czynnika przenikania ciep\u0142a z warto\u015bci\u0105 ustalon\u0105 na podstawie przedstawionych bada\u0144 i wykonanych oblicze\u0144 z \u0142atwo\u015bci\u0105 mo\u017cna ustali\u0107, \u017ce drzwi HST systemu ALUPLAST IDEAL INTERTEC 4000 charakteryzuj\u0105 si\u0119 wsp\u00f3\u0142czynnikiem przenikania ciep\u0142a a\u017c o 60% lepszym od wymaga\u0144 wynikaj\u0105cych z obowi\u0105zuj\u0105cych przepis\u00f3w prawa budowlanego.<\/p>\n<p><strong>Bezpiecze\u0144stwo &#8211; klasa 2 (WK2)<\/strong><\/p>\n<p>Dokonuj\u0105c wyboru okien na potrzeby w\u0142asnych inwestycji, wielu inwestor\u00f3w z pewno\u015bci\u0105 kieruje si\u0119 r\u00f3wnie\u017c konieczno\u015bci\u0105 zapewnienia domownikom poczucia bezpiecze\u0144stwa oraz ochron\u0105 obiektu przed niepo\u017c\u0105dan\u0105 ingerencj\u0105 os\u00f3b trzecich. Z policyjnych statystyk wynika, \u017ce elementem stolarki okiennej najbardziej nara\u017conym na w\u0142amania s\u0105 okna i drzwi balkonowe. Jedn\u0105 z metod zabezpieczania budynk\u00f3w przed niepowo\u0142anymi wtargni\u0119ciami jest stosowanie okien i drzwi o podwy\u017cszonej odporno\u015bci na w\u0142amanie. Powszechn\u0105, aczkolwiek nieprawid\u0142ow\u0105 praktyk\u0105 na rynku okien jest sugerowanie nabywcom, \u017ce okno wykonane z komponent\u00f3w dla kt\u00f3rych w badaniach okre\u015blono jak\u0105\u015b klas\u0119 odporno\u015bci na w\u0142amanie, r\u00f3wnie\u017c b\u0119dzie j\u0105 posiada\u0142o. Niestety u\u017cycie oku\u0107 i szyb o zbadanej odporno\u015bci na w\u0142amanie nie daje \u017cadnej gwarancji, \u017ce ca\u0142e okno te\u017c b\u0119dzie posiada\u0142o klas\u0119 odporno\u015bci na w\u0142amanie wy\u017csz\u0105 ni\u017c najs\u0142absza klasa 1.<\/p>\n<p>Ustalenie klasy odporno\u015bci okna lub drzwi na w\u0142amanie odbywa si\u0119 wy\u0142\u0105cznie w trakcie specjalistycznych bada\u0144. Drzwi balkonowe HST z kszta\u0142townik\u00f3w IDEAL 4000 przesz\u0142y takie badania i dla ich okre\u015blonej konstrukcji oznaczona zosta\u0142a odpowiednia klasa odporno\u015bci na w\u0142amanie. W konkluzji i wnioskach z bada\u0144 notyfikowane holenderskie laboratorium Stichting Kwaliteit Gevelbouw (SKG) ustala dla przedstawionych do bada\u0144 drzwi HST klas\u0119 2 odporno\u015bci na w\u0142amanie.<\/p>\n<p>Wydaje si\u0119, \u017ce ze wzgl\u0119du na spor\u0105 ilo\u015b\u0107 informacji i rysunk\u00f3w warto podsumowa\u0107 dotychczasowe ustalenia przedstawiaj\u0105c zbiorczo wszystkie ustalone w r\u00f3\u017cnych badaniach w\u0142a\u015bciwo\u015bci drzwi HST odnosz\u0105c je do najwa\u017cniejszej na rynku okiennym normy PN-EN 14351-1:2006.<\/p>\n<p>Zestawienie zbadanych w\u0142a\u015bciwo\u015bci drzwi balkonowych HST zgodnie PN-EN 14351-1:2006:<\/p>\n<ul class=\"przesuwne\">\n<li><b>Odporno\u015b\u0107 na obci\u0105\u017cenie wiatrem<\/b> &#8211; C 3 (1.200 Pa)<\/li>\n<li><b>Wodoszczelno\u015b\u0107<\/b> &#8211; 9A (600 Pa)<\/li>\n<li><b>Przepuszczalno\u015b\u0107 powietrza<\/b> &#8211; klasa 4 (600 Pa)<\/li>\n<li><b>Przenikalno\u015b\u0107 ciep\u0142a<\/b> &#8211; U<sub>w<\/sub> 1,01 W(m<sup>2<\/sup>*K)<\/li>\n<li><b>Odporno\u015b\u0107 na w\u0142amanie<\/b> &#8211; klasa 2(WK2)<\/li>\n<\/ul>\n<p>Teraz \u0142atwiej b\u0119dzie inwestorom por\u00f3wnywa\u0107 pomi\u0119dzy sob\u0105 r\u00f3\u017cne konstrukcje drzwi HST. Zanim przem\u00f3wi\u0105 do inwestor\u00f3w ceny, niech najpierw przemawia technika i fakty.<\/p>\n<p><strong>HST funkcjonalne<\/strong><\/p>\n<p>Na wst\u0119pie tego artyku\u0142u odwo\u0142ywali\u015bmy si\u0119 do zmian w podej\u015bciu inwestor\u00f3w do zagadnienia swobodnego kszta\u0142towania otaczaj\u0105cej ich przestrzeni mieszkalnej i u\u017cytkowej. Polubili\u015bmy samodzielne tworzenie w\u0142asnych czterech k\u0105t\u00f3w. Drzwi HST mog\u0105 zdecydowanie u\u0142atwi\u0107 to zadanie. Dlaczego? Dlatego, \u017ce mimo wielkich wymiar\u00f3w praktycznie nie zajmuj\u0105 miejsca.<\/p>\n<p><a href=\"https:\/\/www.pawlikokna.pl\/wp-content\/uploads\/2018\/07\/10.jpg\"><img loading=\"lazy\" decoding=\"async\" class=\"alignnone size-medium wp-image-779\" src=\"https:\/\/www.pawlikokna.pl\/wp-content\/uploads\/2018\/07\/10-300x172.jpg\" alt=\"\" width=\"300\" height=\"172\" srcset=\"https:\/\/www.pawlikokna.pl\/wp-content\/uploads\/2018\/07\/10-300x172.jpg 300w, https:\/\/www.pawlikokna.pl\/wp-content\/uploads\/2018\/07\/10.jpg 500w\" sizes=\"(max-width: 300px) 100vw, 300px\" \/><\/a><\/p>\n<p>Te cztery rysunki m\u00f3wi\u0105 w\u0142a\u015bciwie wszystko o zaletach drzwi HST w kszta\u0142towaniu powierzchni u\u017cytkowej i mieszkalnej. B\u0119d\u0105ce alternatyw\u0105 dla drzwi przesuwnych klasyczne drzwi balkonowe, po otwarciu skrzyde\u0142, wchodz\u0105 bardzo g\u0142\u0119boko w przestrze\u0144 mieszkaln\u0105 determinuj\u0105c r\u00f3\u017cne mo\u017cliwe rozwi\u0105zania zwi\u0105zane z zagospodarowaniem wn\u0119trz pomieszcze\u0144. Mimo wi\u0119kszej g\u0142\u0119boko\u015bci zabudowy od klasycznych drzwi balkonowych, to w\u0142a\u015bnie drzwi HST pozostawiaj\u0105 wi\u0119cej swobody w dysponowaniu powierzchni\u0105.<\/p>\n<p>Je\u015bli do tego dodamy nieograniczon\u0105 wr\u0119cz ilo\u015b\u0107 \u015bwiat\u0142a dziennego docieraj\u0105c\u0105 do pomieszcze\u0144 przez olbrzymie przeszklone powierzchnie skrzyde\u0142 i likwidacj\u0119 ewentualnych barier komunikacyjnych poprzez niskoprogow\u0105 konstrukcj\u0119 drzwi widoczn\u0105 na kolejnym zdj\u0119ciu, to czeg\u00f3\u017c mo\u017cna oczekiwa\u0107 wi\u0119cej od drzwi balkonowych.<\/p>\n<p>No tak, zapomnieliby\u015bmy o najwa\u017cniejszym. Czy wiecie sk\u0105d si\u0119 wzi\u0119\u0142a dla tego typu drzwi nazwa HST? Od niemieckiego s\u0142owa HEBESCHIEBET\u00dcR. Wierzymy, \u017ce troch\u0119 to zmienili\u015bmy i od tej pory nazwa drzwi HST b\u0119dzie si\u0119 inwestorom kojarzy\u0142a r\u00f3wnie\u017c z HARMONI\u0104 PRZESTRZENI, SPRAWNO\u015aCI\u0104 DZIA\u0141ANIA, TRWA\u0141O\u015aCI\u0104 i BEZPIECZE\u0143STWEM.<\/p>\n<p><iframe style=\"width: 100%; height: 600px;\" src=\"https:\/\/konfigurator.aluplast.net\/clients\/polska\/\"><span data-mce-type=\"bookmark\" style=\"display: inline-block; width: 0px; overflow: hidden; line-height: 0;\" class=\"mce_SELRES_start\">\ufeff<\/span><span data-mce-type=\"bookmark\" style=\"display: inline-block; width: 0px; overflow: hidden; line-height: 0;\" class=\"mce_SELRES_start\">\ufeff<\/span><\/iframe><\/p>\n","protected":false},"excerpt":{"rendered":"<p>Ostatnie dwadzie\u015bcia lat, to nie tylko istotne zmiany w sytuacji politycznej i gospodarczej Polski, to tak\u017ce czas zdecydowanych zmian w sposobie my\u015blenia o architekturze. Po pierwsze, mimo \u017ce nadal najpopularniejsze jest budowanie wed\u0142ug tak zwanych projekt\u00f3w gotowych, kszta\u0142ty i konstrukcje pojedynczych dom\u00f3w oraz ca\u0142e dzielnice przestaj\u0105 przypomina\u0107 osiedla z\u0142o\u017cone wy\u0142\u0105cznie z \u201ekostek rubika\u201d. Po drugie zdecydowanie zaznacza si\u0119 ch\u0119\u0107 wsp\u00f3\u0142pracy inwestor\u00f3w z architektami w planowaniu i zagospodarowaniu powstaj\u0105cych przestrzeni mieszkalnych i u\u017cytkowych. Nie powstaj\u0105 jeszcze przy tym architektoniczne wynalazki na miar\u0119 ko\u0142a, ale coraz cz\u0119\u015bciej inwestorzy i architekci si\u0119gaj\u0105 po wiele \u015bmia\u0142ych rozwi\u0105za\u0144 technicznych i technologicznych, kt\u00f3re od lat stosowane w Europie, mog\u0105 sta\u0107 si\u0119 teraz tak\u017ce polskimi standardami.\u00a0Jednym z takich rozwi\u0105za\u0144 okiennych robi\u0105cym karier\u0119 w Polsce s\u0105 unoszono-przesuwne drzwi balkonowe z PVC, nazywane potocznie drzwiami HST. Wyr\u00f3b powszechnie stosowany w innych krajach, u nas jest jeszcze nadal czym\u015b o czym wiele si\u0119 m\u00f3wi, troch\u0119 pisze, a niewielu go widzia\u0142o. W\u0142a\u015bnie takim drzwiom chcemy po\u015bwi\u0119ci\u0107 ten artyku\u0142, bo ze wzgl\u0119du na zaawansowanie techniczne nie jest to produkt, kt\u00f3ry potrafi wykona\u0107 ka\u017cda firma zajmuj\u0105ca si\u0119 produkcj\u0105 stolarki okiennej z PVC. Mo\u017cna powiedzie\u0107, \u017ce jest to produkt, kt\u00f3ry wymaga producenta doskona\u0142ego, producenta dysponuj\u0105cego odpowiedni\u0105 wiedz\u0105 techniczn\u0105 i technologiczn\u0105. Nie jest to r\u00f3wnie\u017c produkt, kt\u00f3rego b\u0119d\u0105 poszukiwa\u0107 inwestorzy, dla kt\u00f3rych jedynym wyznacznikiem i celem nadrz\u0119dnym jest budowanie z najta\u0144szych dost\u0119pnych materia\u0142\u00f3w. Drzwi HST, to produkt przeznaczony przede wszystkim dla inwestor\u00f3w wymagaj\u0105cych. Wymagaj\u0105cych wysokiej jako\u015bci wyrob\u00f3w po to, by w finalnym efekcie otrzyma\u0107 budynek ca\u0142kowicie zgodny z ich oczekiwaniami u\u017cytkowymi, a przede wszystkim funkcjonalnymi w zakresie optymalnego wykorzystania powierzchni mieszkalnej i mo\u017cliwo\u015bci jej samodzielnego kszta\u0142towania. Drzwi HST mo\u017cna okre\u015bli\u0107 jako produkt oferowany przez doskona\u0142ych, wymagaj\u0105cym.<\/p>\n","protected":false},"featured_media":1967,"template":"","meta":{"ocean_post_layout":"","ocean_both_sidebars_style":"","ocean_both_sidebars_content_width":0,"ocean_both_sidebars_sidebars_width":0,"ocean_sidebar":"","ocean_second_sidebar":"","ocean_disable_margins":"enable","ocean_add_body_class":"","ocean_shortcode_before_top_bar":"","ocean_shortcode_after_top_bar":"","ocean_shortcode_before_header":"","ocean_shortcode_after_header":"","ocean_has_shortcode":"","ocean_shortcode_after_title":"","ocean_shortcode_before_footer_widgets":"","ocean_shortcode_after_footer_widgets":"","ocean_shortcode_before_footer_bottom":"","ocean_shortcode_after_footer_bottom":"","ocean_display_top_bar":"default","ocean_display_header":"default","ocean_header_style":"","ocean_center_header_left_menu":"","ocean_custom_header_template":"","ocean_custom_logo":0,"ocean_custom_retina_logo":0,"ocean_custom_logo_max_width":0,"ocean_custom_logo_tablet_max_width":0,"ocean_custom_logo_mobile_max_width":0,"ocean_custom_logo_max_height":0,"ocean_custom_logo_tablet_max_height":0,"ocean_custom_logo_mobile_max_height":0,"ocean_header_custom_menu":"","ocean_menu_typo_font_family":"","ocean_menu_typo_font_subset":"","ocean_menu_typo_font_size":0,"ocean_menu_typo_font_size_tablet":0,"ocean_menu_typo_font_size_mobile":0,"ocean_menu_typo_font_size_unit":"px","ocean_menu_typo_font_weight":"","ocean_menu_typo_font_weight_tablet":"","ocean_menu_typo_font_weight_mobile":"","ocean_menu_typo_transform":"","ocean_menu_typo_transform_tablet":"","ocean_menu_typo_transform_mobile":"","ocean_menu_typo_line_height":0,"ocean_menu_typo_line_height_tablet":0,"ocean_menu_typo_line_height_mobile":0,"ocean_menu_typo_line_height_unit":"","ocean_menu_typo_spacing":0,"ocean_menu_typo_spacing_tablet":0,"ocean_menu_typo_spacing_mobile":0,"ocean_menu_typo_spacing_unit":"","ocean_menu_link_color":"","ocean_menu_link_color_hover":"","ocean_menu_link_color_active":"","ocean_menu_link_background":"","ocean_menu_link_hover_background":"","ocean_menu_link_active_background":"","ocean_menu_social_links_bg":"","ocean_menu_social_hover_links_bg":"","ocean_menu_social_links_color":"","ocean_menu_social_hover_links_color":"","ocean_disable_title":"default","ocean_disable_heading":"default","ocean_post_title":"","ocean_post_subheading":"","ocean_post_title_style":"","ocean_post_title_background_color":"","ocean_post_title_background":0,"ocean_post_title_bg_image_position":"","ocean_post_title_bg_image_attachment":"","ocean_post_title_bg_image_repeat":"","ocean_post_title_bg_image_size":"","ocean_post_title_height":0,"ocean_post_title_bg_overlay":0.5,"ocean_post_title_bg_overlay_color":"","ocean_disable_breadcrumbs":"default","ocean_breadcrumbs_color":"","ocean_breadcrumbs_separator_color":"","ocean_breadcrumbs_links_color":"","ocean_breadcrumbs_links_hover_color":"","ocean_display_footer_widgets":"default","ocean_display_footer_bottom":"default","ocean_custom_footer_template":""},"product_cat":[76],"product_tag":[],"class_list":{"0":"post-1965","1":"product","2":"type-product","3":"status-publish","4":"has-post-thumbnail","6":"product_cat-drzwi-tarasowe-en","8":"entry","9":"has-media","11":"first","12":"instock","13":"shipping-taxable","14":"product-type-simple","15":"col","16":"span_1_of_3","17":"owp-content-left","18":"owp-thumbs-layout-horizontal","19":"owp-btn-normal","20":"owp-tabs-layout-section","21":"has-no-thumbnails"},"_links":{"self":[{"href":"https:\/\/www.pawlikokna.pl\/en\/wp-json\/wp\/v2\/product\/1965"}],"collection":[{"href":"https:\/\/www.pawlikokna.pl\/en\/wp-json\/wp\/v2\/product"}],"about":[{"href":"https:\/\/www.pawlikokna.pl\/en\/wp-json\/wp\/v2\/types\/product"}],"wp:featuredmedia":[{"embeddable":true,"href":"https:\/\/www.pawlikokna.pl\/en\/wp-json\/"}],"wp:attachment":[{"href":"https:\/\/www.pawlikokna.pl\/en\/wp-json\/wp\/v2\/media?parent=1965"}],"wp:term":[{"taxonomy":"product_cat","embeddable":true,"href":"https:\/\/www.pawlikokna.pl\/en\/wp-json\/wp\/v2\/product_cat?post=1965"},{"taxonomy":"product_tag","embeddable":true,"href":"https:\/\/www.pawlikokna.pl\/en\/wp-json\/wp\/v2\/product_tag?post=1965"}],"curies":[{"name":"wp","href":"https:\/\/api.w.org\/{rel}","templated":true}]}}