{"id":2037,"date":"2018-06-28T12:54:05","date_gmt":"2018-06-28T12:54:05","guid":{"rendered":"https:\/\/www.pawlikokna.pl\/produkt\/ideal-8000\/"},"modified":"2018-06-28T12:54:05","modified_gmt":"2018-06-28T12:54:05","slug":"ideal-8000","status":"publish","type":"product","link":"https:\/\/www.pawlikokna.pl\/en\/produkt\/ideal-8000\/","title":{"rendered":"Ideal 8000"},"content":{"rendered":"<p>W ramach systemu kszta\u0142townik\u00f3w Ideal 8000 nast\u0119puje po\u0142\u0105czenie dw\u00f3ch r\u00f3\u017cnych dr\u00f3g do uzyskiwania ponadprzeci\u0119tnej oszcz\u0119dno\u015bci energii poprzez ograniczanie przenikalno\u015bci cieplnej ca\u0142ej konstrukcji okiennej. Z jednej strony, kszta\u0142towniki zwi\u0119kszaj\u0105 swoj\u0105 g\u0142\u0119boko\u015b\u0107 i ilo\u015b\u0107 wewn\u0119trznych kom\u00f3r, a z drugiej mo\u017cliwa jest cz\u0119\u015bciowa rezygnacja ze stosowania stalowych wzmocnie\u0144 w skrzyd\u0142ach na rzecz technologii &#8220;bonding inside&#8221; polegaj\u0105cej na wklejaniu pakietu szyby zespolonej we wr\u0105b skrzyd\u0142a okiennego.<\/p>\n<p>Podobnie jak wszystkie serie profili aluplast system Ideal 8000 cechuje wielo\u015b\u0107 wariant\u00f3w konstrukcyjnych, wzajemna kompatybilno\u015b\u0107 profili, a przede wszystkim swoboda w zakresie wyboru optymalnego rozwi\u0105zania.<\/p>\n<p>Konsekwencj\u0105 poszukiwania oszcz\u0119dno\u015bci energii cieplnej poprzez zwi\u0119kszanie g\u0142\u0119boko\u015bci kszta\u0142townik\u00f3w i liczby kom\u00f3r jest pojawienie si\u0119 w ofercie nowego, sze\u015bciokomorowego wariantu Ideal 8000 o g\u0142\u0119boko\u015bci zabudowy 85 mm. Dodatkow\u0105 zalet\u0105 jest mo\u017cliwo\u015b\u0107 zastosowania pakietu trzech szyb zespolonych wype\u0142nionych argonem o szeroko\u015bci do 51 mm, co gwarantuje najlepsze parametry cieplne okna przy relatywnie niskim koszcie zastosowanych rozwi\u0105za\u0144.<\/p>\n<p>Wsp\u00f3\u0142czynnik przenikalno\u015bci cieplnej profili Uf=1,0 W\/m2K sytuuje go w gronie rozwi\u0105za\u0144 o podstawowym znaczeniu dla inwestor\u00f3w zainteresowanych budownictwem energooszcz\u0119dnym. Mo\u017cliwo\u015b\u0107 stosowania energooszcz\u0119dnych pakiet\u00f3w szybowych o szeroko\u015bci do 51 mm pozwala na tworzenie okien charakteryzuj\u0105cych si\u0119 bardzo nisk\u0105 przenikalno\u015bci\u0105 ciepln\u0105. Na przyk\u0142ad okno referencyjne o wymiarach 1230 x 1480 mm przy zastosowaniu pakietu szybowego o wsp\u00f3\u0142czynniku Ug=0,5 W\/m2K W\/m2K osi\u0105ga wsp\u00f3\u0142czynnik izolacji termicznej wynosz\u0105cy Uw=0,76 W\/m2K.<\/p>\n<p>W ramach innowacyjnego rozwi\u0105zania wp\u0142ywaj\u0105cego na popraw\u0119 parametr\u00f3w cieplnych profili i przynosz\u0105cego jednocze\u015bnie szereg dodatkowych korzy\u015bci. Innowacj\u0105 w serii Ideal 8000 jest zastosowanie technologii wklejania szyb w profil &#8220;bonding inside&#8221;. Dzi\u0119ki temu w profilach tych mo\u017cliwa jest cz\u0119\u015bciowa rezygnacja ze stosowania stalowych wzmocnie\u0144 w skrzyd\u0142ach. Elementem, dzi\u0119ki kt\u00f3remu skrzyd\u0142o okienne zyskuje i zachowuje swoje w\u0142a\u015bciwo\u015bci statyczne staje si\u0119 szyba zespolona. Widoczna we wr\u0119bie szklenia pod szyb\u0105 p\u0142etwa centruj\u0105ca wraz z warstw\u0105 specjalnego kleju nak\u0142adanego na ca\u0142ym obwodzie styku szyby z ram\u0105 sprawia, \u017ce w ka\u017cdej chwili wszystkie p\u0142aszczyzny szk\u0142a znajduj\u0105 w\u0142a\u015bciwe podparcie, co nie tylko jest zjawiskiem korzystnym dla wyr\u00f3wnywania napr\u0119\u017ce\u0144 powstaj\u0105cych w taflach pakietu, ale r\u00f3wnie\u017c stabilizuje i utrzymuje w dopuszczalnych granicach podatno\u015b\u0107 kszta\u0142townika na odkszta\u0142cenia pod wp\u0142ywem dzia\u0142ania si\u0142 powstaj\u0105cych na skutek zewn\u0119trznych zjawisk atmosferycznych oraz obci\u0105\u017ce\u0144 eksploatacyjnych.<\/p>\n<p>W ramach tych system\u00f3w pozostawiono opcjonaln\u0105 mo\u017cliwo\u015b\u0107 stosowania wzmocnie\u0144 stalowych w skrzyd\u0142ach, co jest szczeg\u00f3lnie istotne w przypadku okien kolorowych oraz konstrukcji o wi\u0119kszych gabarytach.<\/p>\n<p>\u201eBonding inside\u201d, czyli technologia wklejania szyby we wr\u0105b skrzyd\u0142a przyczynia si\u0119 tak\u017ce do obni\u017cenia warto\u015bci liniowego mostka termicznego powstaj\u0105cego na styku szyby z profilem, co daje jeszcze lepsze zabezpieczenie przed tworzeniem si\u0119rosy na kraw\u0119dzi szk\u0142a i bezpo\u015brednio wp\u0142ywa na zmniejszenie warto\u015bci wsp\u00f3\u0142czynnika przenikania ciep\u0142a konstrukcji okiennych wykonywanych z profili systemu Ideal 8000. Dzi\u0119ki sta\u0142emu po\u0142\u0105czeniu szyby i skrzyd\u0142a zmniejsza si\u0119 ryzyko wykrzywienia, wygi\u0119cia, a tak\u017ce osiadania skrzyd\u0142a. Metoda ta minimalizuje ryzyko p\u0119kni\u0119\u0107 szyb w wyniku napr\u0119\u017ce\u0144 punktowych oraz wyd\u0142u\u017ca czas eksploatacji skrzyde\u0142 bez potrzeby ich regulacji. Wklejana szyba to r\u00f3wnie\u017c doskona\u0142e zabezpieczenie przed w\u0142amaniem, poniewa\u017c wklejona po ca\u0142ym obwodzie szyba nie daje si\u0119 wypchn\u0105\u0107, co si\u0119 czasem zdarza w &#8220;klasycznych&#8221; oknach.<\/p>\n<p>Profile Ideal 8000 cechuje r\u00f3wnie\u017c niezwyk\u0142y &#8220;design&#8221;, kt\u00f3ry pozwala osi\u0105ga\u0107 oryginalne rozwi\u0105zania architektoniczne oraz wyrazisty i doskona\u0142y w formie design. To linia dla os\u00f3b ceni\u0105cych swobod\u0119 wyboru, \u0142\u0105cz\u0105ca ze sob\u0105 walory estetyczne z wymaganiami technologicznymi. Szeroka oferta folii dekroacyjnych oraz system nak\u0142adek aluminiowych umo\u017cliwiaj\u0105 uzyskanie praktycznie dowolnej kolorystyki okien.<\/p>\n<p>Innowacyjno\u015b\u0107, nowoczesno\u015bci i du\u017cy wyb\u00f3r proponowanych w ramach serii Ideal 8000 rozwi\u0105za\u0144 konstrukcyjnych spotka\u0142y si\u0119 z uznaniem ekspert\u00f3w, kt\u00f3rzy przyznali systemom okiennych Ideal 8000 Z\u0142oty Medal 2013 Mi\u0119dzynarod\u00f3wych Targ\u00f3w Pozna\u0144skich.<\/p>\n<p>&#8211; G\u0142\u0119boko\u015b\u0107 zabudowy 85 mm<br \/>\n&#8211; Profil 6 &#8211; komorowy<br \/>\n&#8211; Mo\u017cliwo\u015b\u0107 zastosowania pakiet\u00f3w szybowych o szeroko\u015bci do 51 mm<br \/>\n&#8211; Wsp\u00f3\u0142czynnik izolacyjno\u015bci termicznej profili Uf = 1,0 W\/m2K<br \/>\n&#8211; System z uszczelnieniem \u015brodkowym wyposa\u017cony w trzy uszczelki<br \/>\n&#8211; Kilka wariant\u00f3w skrzyde\u0142: niezlicowane i p\u00f3\u0142zlicowane o oryginalnym designie<br \/>\n&#8211; Wi\u0119ksza stabilno\u015b\u0107 okien dzi\u0119ki usztywniaj\u0105cemu wsp\u00f3\u0142dzia\u0142aniu szyby<br \/>\n&#8211; Lepsza izolacyjno\u015b\u0107 cieplna w stosunku do tradycyjnych rozwi\u0105za\u0144<br \/>\n&#8211; Lepsze zabezpieczenie przed w\u0142amaniem \u2013 brak mo\u017cliwo\u015bci wypchni\u0119cia szyby ze skrzyd\u0142a, dzi\u0119ki obwodowej szczelinie z klejem<br \/>\n&#8211; Zmniejszenie ilo\u015bci przypadk\u00f3w p\u0119kania szyb w wyniku b\u0142\u0119dnego zaszklenia<br \/>\n&#8211; Lepsza izolacyjno\u015b\u0107 akustyczna poprzez bezpo\u015brednie powi\u0105zanie skrzyd\u0142a z szyb\u0105<\/p>\n<p><iframe style=\"width: 100%; height: 600px;\" src=\"https:\/\/konfigurator.aluplast.net\/clients\/polska\/\"><span data-mce-type=\"bookmark\" style=\"display: inline-block; width: 0px; overflow: hidden; line-height: 0;\" class=\"mce_SELRES_start\">\ufeff<\/span><span data-mce-type=\"bookmark\" style=\"display: inline-block; width: 0px; overflow: hidden; line-height: 0;\" class=\"mce_SELRES_start\">\ufeff<\/span><\/iframe><\/p>\n","protected":false},"excerpt":{"rendered":"<p>System o g\u0142\u0119boko\u015bci zabudowy 85 mm, z uszczelnieniem \u015brodkowym, 6 &#8211; komorowy. System Ideal 8000 to nowa propozycja firmy aluplast, w kt\u00f3rej du\u017cy nacisk po\u0142o\u017cono na redukcj\u0119 parametr\u00f3w cieplnych i akustycznych. Mo\u017cliwe by\u0142o to dzi\u0119ki zwi\u0119kszeniu w serii Ideal 8000 g\u0142\u0119boko\u015bci zabudowy profili do 85 mm, zwi\u0119kszeniu liczby kom\u00f3r w kszta\u0142townikach oraz trzem uszczelkom. W systemie tym, dzi\u0119ki poszerzeniu wr\u0119bu szybowego, istnieje mo\u017cliwo\u015b\u0107 stosowania energooszcz\u0119dnych pakiet\u00f3w szybowych o szeroko\u015bci do 51 mm, co pozwala na tworzenie okien charakteryzuj\u0105cych si\u0119 bardzo nisk\u0105 przenikalno\u015bci\u0105 ciepln\u0105. Dzi\u0119ki wydzieleniu przez trzeci\u0105 uszczelk\u0119 tzw. suchej komory w kt\u00f3rej pracuj\u0105 okucia, zwi\u0119ksza si\u0119 \u017cywotno\u015b\u0107 i trwa\u0142o\u015b\u0107 mechanizm\u00f3w okuciowych.<\/p>\n","protected":false},"featured_media":2641,"template":"","meta":{"ocean_post_layout":"","ocean_both_sidebars_style":"","ocean_both_sidebars_content_width":0,"ocean_both_sidebars_sidebars_width":0,"ocean_sidebar":"","ocean_second_sidebar":"","ocean_disable_margins":"enable","ocean_add_body_class":"","ocean_shortcode_before_top_bar":"","ocean_shortcode_after_top_bar":"","ocean_shortcode_before_header":"","ocean_shortcode_after_header":"","ocean_has_shortcode":"","ocean_shortcode_after_title":"","ocean_shortcode_before_footer_widgets":"","ocean_shortcode_after_footer_widgets":"","ocean_shortcode_before_footer_bottom":"","ocean_shortcode_after_footer_bottom":"","ocean_display_top_bar":"default","ocean_display_header":"default","ocean_header_style":"","ocean_center_header_left_menu":"","ocean_custom_header_template":"","ocean_custom_logo":0,"ocean_custom_retina_logo":0,"ocean_custom_logo_max_width":0,"ocean_custom_logo_tablet_max_width":0,"ocean_custom_logo_mobile_max_width":0,"ocean_custom_logo_max_height":0,"ocean_custom_logo_tablet_max_height":0,"ocean_custom_logo_mobile_max_height":0,"ocean_header_custom_menu":"","ocean_menu_typo_font_family":"","ocean_menu_typo_font_subset":"","ocean_menu_typo_font_size":0,"ocean_menu_typo_font_size_tablet":0,"ocean_menu_typo_font_size_mobile":0,"ocean_menu_typo_font_size_unit":"px","ocean_menu_typo_font_weight":"","ocean_menu_typo_font_weight_tablet":"","ocean_menu_typo_font_weight_mobile":"","ocean_menu_typo_transform":"","ocean_menu_typo_transform_tablet":"","ocean_menu_typo_transform_mobile":"","ocean_menu_typo_line_height":0,"ocean_menu_typo_line_height_tablet":0,"ocean_menu_typo_line_height_mobile":0,"ocean_menu_typo_line_height_unit":"","ocean_menu_typo_spacing":0,"ocean_menu_typo_spacing_tablet":0,"ocean_menu_typo_spacing_mobile":0,"ocean_menu_typo_spacing_unit":"","ocean_menu_link_color":"","ocean_menu_link_color_hover":"","ocean_menu_link_color_active":"","ocean_menu_link_background":"","ocean_menu_link_hover_background":"","ocean_menu_link_active_background":"","ocean_menu_social_links_bg":"","ocean_menu_social_hover_links_bg":"","ocean_menu_social_links_color":"","ocean_menu_social_hover_links_color":"","ocean_disable_title":"default","ocean_disable_heading":"default","ocean_post_title":"","ocean_post_subheading":"","ocean_post_title_style":"","ocean_post_title_background_color":"","ocean_post_title_background":0,"ocean_post_title_bg_image_position":"","ocean_post_title_bg_image_attachment":"","ocean_post_title_bg_image_repeat":"","ocean_post_title_bg_image_size":"","ocean_post_title_height":0,"ocean_post_title_bg_overlay":0.5,"ocean_post_title_bg_overlay_color":"","ocean_disable_breadcrumbs":"default","ocean_breadcrumbs_color":"","ocean_breadcrumbs_separator_color":"","ocean_breadcrumbs_links_color":"","ocean_breadcrumbs_links_hover_color":"","ocean_display_footer_widgets":"default","ocean_display_footer_bottom":"default","ocean_custom_footer_template":""},"product_cat":[57],"product_tag":[],"class_list":{"0":"post-2037","1":"product","2":"type-product","3":"status-publish","4":"has-post-thumbnail","6":"product_cat-system-okien-en","8":"entry","9":"has-media","11":"first","12":"instock","13":"shipping-taxable","14":"product-type-simple","15":"col","16":"span_1_of_3","17":"owp-content-left","18":"owp-thumbs-layout-horizontal","19":"owp-btn-normal","20":"owp-tabs-layout-section","21":"has-no-thumbnails"},"_links":{"self":[{"href":"https:\/\/www.pawlikokna.pl\/en\/wp-json\/wp\/v2\/product\/2037"}],"collection":[{"href":"https:\/\/www.pawlikokna.pl\/en\/wp-json\/wp\/v2\/product"}],"about":[{"href":"https:\/\/www.pawlikokna.pl\/en\/wp-json\/wp\/v2\/types\/product"}],"wp:featuredmedia":[{"embeddable":true,"href":"https:\/\/www.pawlikokna.pl\/en\/wp-json\/wp\/v2\/media\/2641"}],"wp:attachment":[{"href":"https:\/\/www.pawlikokna.pl\/en\/wp-json\/wp\/v2\/media?parent=2037"}],"wp:term":[{"taxonomy":"product_cat","embeddable":true,"href":"https:\/\/www.pawlikokna.pl\/en\/wp-json\/wp\/v2\/product_cat?post=2037"},{"taxonomy":"product_tag","embeddable":true,"href":"https:\/\/www.pawlikokna.pl\/en\/wp-json\/wp\/v2\/product_tag?post=2037"}],"curies":[{"name":"wp","href":"https:\/\/api.w.org\/{rel}","templated":true}]}}