{"id":2893,"date":"2018-09-17T08:42:53","date_gmt":"2018-09-17T08:42:53","guid":{"rendered":"https:\/\/www.pawlikokna.pl\/?post_type=product&#038;p=2893"},"modified":"2018-09-17T08:43:26","modified_gmt":"2018-09-17T08:43:26","slug":"zaluzje-fasadowe","status":"publish","type":"product","link":"https:\/\/www.pawlikokna.pl\/en\/produkt\/zaluzje-fasadowe\/","title":{"rendered":"\u017baluzje fasadowe"},"content":{"rendered":"<p>Prosta oraz lekka budowa doskonale zaprezentuje si\u0119 w nowoczesnych obiektach architektonicznych, charakteryzuj\u0105cych si\u0119 du\u017cymi przeszkleniami. \u017baluzje fasadowe chroni\u0105 wn\u0119trze budynku przed nadmiernym nas\u0142onecznieniem oraz poprawiaj\u0105 znacz\u0105co zewn\u0119trzny wygl\u0105d obiektu. Montowane na du\u017cych elewacjach dzia\u0142aj\u0105 niczym izolator, kt\u00f3ry wp\u0142ywa na odpowiedni rozk\u0142ad temperatury w pomieszczeniu i pomaga w pracy klimatyzacji \u2013 nie obci\u0105\u017caj\u0105c jej.<\/p>\n<p><strong>ZALETY:<\/strong><\/p>\n<ul>\n<li>zaciemnienie zewn\u0119trzne otwor\u00f3w okiennych i szklanych fasad,<\/li>\n<li>p\u0142ynne sterowanie \u017caluzj\u0105 (otwieranie i zamykanie), mo\u017cliwo\u015b\u0107 komfortowego ustawienia stopnia przenikania \u015bwiat\u0142a do wn\u0119trza,<\/li>\n<li>lekka i prosta konstrukcja aluminiowa daj\u0105ca \u0142atwo\u015b\u0107 monta\u017cu,<\/li>\n<li>sterowanie r\u0119czne lub automatyczne,<\/li>\n<li>mo\u017cliwo\u015b\u0107 wsp\u00f3\u0142pracy z systemem automatyki pogodowej.<\/li>\n<\/ul>\n<p>&nbsp;<\/p>\n<p><iframe style=\"width: 100%; height: 600px;\" src=\"https:\/\/konfigurator.aluplast.net\/clients\/polska\/\"><span data-mce-type=\"bookmark\" style=\"display: inline-block; width: 0px; overflow: hidden; line-height: 0;\" class=\"mce_SELRES_start\">\ufeff<\/span><span data-mce-type=\"bookmark\" style=\"display: inline-block; width: 0px; overflow: hidden; line-height: 0;\" class=\"mce_SELRES_start\">\ufeff<\/span><\/iframe><\/p>\n","protected":false},"excerpt":{"rendered":"<div class=\"intro richtext lead\">\n<p>\u017baluzje fasadowe s\u0105 bardzo nowoczesnym i eleganckim produktem mocowanym na zewn\u0105trz fasady budynku.<\/p>\n<\/div>\n","protected":false},"featured_media":2894,"template":"","meta":{"ocean_post_layout":"","ocean_both_sidebars_style":"","ocean_both_sidebars_content_width":0,"ocean_both_sidebars_sidebars_width":0,"ocean_sidebar":"0","ocean_second_sidebar":"0","ocean_disable_margins":"enable","ocean_add_body_class":"","ocean_shortcode_before_top_bar":"","ocean_shortcode_after_top_bar":"","ocean_shortcode_before_header":"","ocean_shortcode_after_header":"","ocean_has_shortcode":"","ocean_shortcode_after_title":"","ocean_shortcode_before_footer_widgets":"","ocean_shortcode_after_footer_widgets":"","ocean_shortcode_before_footer_bottom":"","ocean_shortcode_after_footer_bottom":"","ocean_display_top_bar":"default","ocean_display_header":"default","ocean_header_style":"","ocean_center_header_left_menu":"0","ocean_custom_header_template":"0","ocean_custom_logo":0,"ocean_custom_retina_logo":0,"ocean_custom_logo_max_width":0,"ocean_custom_logo_tablet_max_width":0,"ocean_custom_logo_mobile_max_width":0,"ocean_custom_logo_max_height":0,"ocean_custom_logo_tablet_max_height":0,"ocean_custom_logo_mobile_max_height":0,"ocean_header_custom_menu":"0","ocean_menu_typo_font_family":"0","ocean_menu_typo_font_subset":"","ocean_menu_typo_font_size":0,"ocean_menu_typo_font_size_tablet":0,"ocean_menu_typo_font_size_mobile":0,"ocean_menu_typo_font_size_unit":"px","ocean_menu_typo_font_weight":"","ocean_menu_typo_font_weight_tablet":"","ocean_menu_typo_font_weight_mobile":"","ocean_menu_typo_transform":"","ocean_menu_typo_transform_tablet":"","ocean_menu_typo_transform_mobile":"","ocean_menu_typo_line_height":0,"ocean_menu_typo_line_height_tablet":0,"ocean_menu_typo_line_height_mobile":0,"ocean_menu_typo_line_height_unit":"","ocean_menu_typo_spacing":0,"ocean_menu_typo_spacing_tablet":0,"ocean_menu_typo_spacing_mobile":0,"ocean_menu_typo_spacing_unit":"","ocean_menu_link_color":"","ocean_menu_link_color_hover":"","ocean_menu_link_color_active":"","ocean_menu_link_background":"","ocean_menu_link_hover_background":"","ocean_menu_link_active_background":"","ocean_menu_social_links_bg":"","ocean_menu_social_hover_links_bg":"","ocean_menu_social_links_color":"","ocean_menu_social_hover_links_color":"","ocean_disable_title":"default","ocean_disable_heading":"default","ocean_post_title":"","ocean_post_subheading":"","ocean_post_title_style":"","ocean_post_title_background_color":"","ocean_post_title_background":0,"ocean_post_title_bg_image_position":"","ocean_post_title_bg_image_attachment":"","ocean_post_title_bg_image_repeat":"","ocean_post_title_bg_image_size":"","ocean_post_title_height":0,"ocean_post_title_bg_overlay":0.5,"ocean_post_title_bg_overlay_color":"","ocean_disable_breadcrumbs":"default","ocean_breadcrumbs_color":"","ocean_breadcrumbs_separator_color":"","ocean_breadcrumbs_links_color":"","ocean_breadcrumbs_links_hover_color":"","ocean_display_footer_widgets":"default","ocean_display_footer_bottom":"default","ocean_custom_footer_template":"0"},"product_cat":[53],"product_tag":[],"class_list":{"0":"post-2893","1":"product","2":"type-product","3":"status-publish","4":"has-post-thumbnail","6":"product_cat-rolety-zewnetrzne","8":"entry","9":"has-media","11":"first","12":"instock","13":"shipping-taxable","14":"product-type-simple","15":"col","16":"span_1_of_3","17":"owp-content-left","18":"owp-thumbs-layout-horizontal","19":"owp-btn-normal","20":"owp-tabs-layout-section","21":"has-no-thumbnails"},"_links":{"self":[{"href":"https:\/\/www.pawlikokna.pl\/en\/wp-json\/wp\/v2\/product\/2893"}],"collection":[{"href":"https:\/\/www.pawlikokna.pl\/en\/wp-json\/wp\/v2\/product"}],"about":[{"href":"https:\/\/www.pawlikokna.pl\/en\/wp-json\/wp\/v2\/types\/product"}],"wp:featuredmedia":[{"embeddable":true,"href":"https:\/\/www.pawlikokna.pl\/en\/wp-json\/wp\/v2\/media\/2894"}],"wp:attachment":[{"href":"https:\/\/www.pawlikokna.pl\/en\/wp-json\/wp\/v2\/media?parent=2893"}],"wp:term":[{"taxonomy":"product_cat","embeddable":true,"href":"https:\/\/www.pawlikokna.pl\/en\/wp-json\/wp\/v2\/product_cat?post=2893"},{"taxonomy":"product_tag","embeddable":true,"href":"https:\/\/www.pawlikokna.pl\/en\/wp-json\/wp\/v2\/product_tag?post=2893"}],"curies":[{"name":"wp","href":"https:\/\/api.w.org\/{rel}","templated":true}]}}