{"id":1577,"date":"2018-04-20T10:46:40","date_gmt":"2018-04-20T10:46:40","guid":{"rendered":"https:\/\/www.pawlikokna.pl\/o-nas\/"},"modified":"2018-07-23T13:28:23","modified_gmt":"2018-07-23T13:28:23","slug":"a-propos-de-nous","status":"publish","type":"page","link":"https:\/\/www.pawlikokna.pl\/fr\/a-propos-de-nous\/","title":{"rendered":"A propos de nous"},"content":{"rendered":"\t\t<div data-elementor-type=\"wp-post\" data-elementor-id=\"1577\" class=\"elementor elementor-1577 elementor-12 elementor-bc-flex-widget\" data-elementor-post-type=\"page\">\n\t\t\t\t\t\t<section class=\"elementor-section elementor-top-section elementor-element elementor-element-3f20e271 elementor-section-content-middle elementor-reverse-mobile elementor-section-boxed elementor-section-height-default elementor-section-height-default\" data-id=\"3f20e271\" data-element_type=\"section\">\n\t\t\t\t\t\t<div class=\"elementor-container elementor-column-gap-no\">\n\t\t\t\t\t<div class=\"elementor-column elementor-col-50 elementor-top-column elementor-element elementor-element-6715a0f1\" data-id=\"6715a0f1\" data-element_type=\"column\">\n\t\t\t<div class=\"elementor-widget-wrap elementor-element-populated\">\n\t\t\t\t\t\t<div class=\"elementor-element elementor-element-535dc50c elementor-widget elementor-widget-heading\" data-id=\"535dc50c\" data-element_type=\"widget\" data-widget_type=\"heading.default\">\n\t\t\t\t<div class=\"elementor-widget-container\">\n\t\t\t<h4 class=\"elementor-heading-title elementor-size-default\">A PROPOS DE NOUS<\/h4>\t\t<\/div>\n\t\t\t\t<\/div>\n\t\t\t\t<div class=\"elementor-element elementor-element-eaf9670 elementor-widget-divider--view-line elementor-widget elementor-widget-divider\" data-id=\"eaf9670\" data-element_type=\"widget\" data-widget_type=\"divider.default\">\n\t\t\t\t<div class=\"elementor-widget-container\">\n\t\t\t\t\t<div class=\"elementor-divider\">\n\t\t\t<span class=\"elementor-divider-separator\">\n\t\t\t\t\t\t<\/span>\n\t\t<\/div>\n\t\t\t\t<\/div>\n\t\t\t\t<\/div>\n\t\t\t\t<div class=\"elementor-element elementor-element-53d049b8 elementor-widget elementor-widget-text-editor\" data-id=\"53d049b8\" data-element_type=\"widget\" data-widget_type=\"text-editor.default\">\n\t\t\t\t<div class=\"elementor-widget-container\">\n\t\t\t\t\t\t\t<p>La soci\u00e9t\u00e9 a commenc\u00e9 ses op\u00e9rations en 1984 et depuis ce temps elleproduit des fenetres modernes des meilleurs profils disponibles et les accessoires. Nous vendons nos produits dans un r\u00e9seau de plus d&rsquo;une centaine concessionnaires dans le sud, sud-est de la Pologne, en Slovaquie, en R\u00e9publique tcheque et en Suisse. Notre siege social est situ\u00e9 a Brzeziny a cote de Kielce.<\/p><p>Nous avons remport\u00e9 de nombreux prix prestigieux pour les entreprises, commercial et la pour la production.<\/p>\t\t\t\t\t\t<\/div>\n\t\t\t\t<\/div>\n\t\t\t\t<div class=\"elementor-element elementor-element-697261e elementor-widget elementor-widget-image\" data-id=\"697261e\" data-element_type=\"widget\" data-widget_type=\"image.default\">\n\t\t\t\t<div class=\"elementor-widget-container\">\n\t\t\t\t\t\t\t\t\t\t\t\t\t<img decoding=\"async\" width=\"120\" height=\"120\" src=\"https:\/\/www.pawlikokna.pl\/wp-content\/uploads\/2018\/05\/pobrane.png\" class=\"attachment-large size-large wp-image-274\" alt=\"\" srcset=\"https:\/\/www.pawlikokna.pl\/wp-content\/uploads\/2018\/05\/pobrane.png 120w, https:\/\/www.pawlikokna.pl\/wp-content\/uploads\/2018\/05\/pobrane-600x600.png 600w, https:\/\/www.pawlikokna.pl\/wp-content\/uploads\/2018\/05\/pobrane-100x100.png 100w\" sizes=\"(max-width: 120px) 100vw, 120px\" \/>\t\t\t\t\t\t\t\t\t\t\t\t\t<\/div>\n\t\t\t\t<\/div>\n\t\t\t\t\t<\/div>\n\t\t<\/div>\n\t\t\t\t<div class=\"elementor-column elementor-col-50 elementor-top-column elementor-element elementor-element-66a4bb8b\" data-id=\"66a4bb8b\" data-element_type=\"column\">\n\t\t\t<div class=\"elementor-widget-wrap elementor-element-populated\">\n\t\t\t\t\t\t<div class=\"elementor-element elementor-element-57f66a4c elementor-widget elementor-widget-image\" data-id=\"57f66a4c\" data-element_type=\"widget\" data-widget_type=\"image.default\">\n\t\t\t\t<div class=\"elementor-widget-container\">\n\t\t\t\t\t\t\t\t\t\t\t\t\t<img fetchpriority=\"high\" decoding=\"async\" width=\"770\" height=\"400\" src=\"https:\/\/www.pawlikokna.pl\/wp-content\/uploads\/2018\/05\/o-nas-samochody.jpg\" class=\"attachment-full size-full wp-image-299\" alt=\"\" srcset=\"https:\/\/www.pawlikokna.pl\/wp-content\/uploads\/2018\/05\/o-nas-samochody.jpg 770w, https:\/\/www.pawlikokna.pl\/wp-content\/uploads\/2018\/05\/o-nas-samochody-300x156.jpg 300w, https:\/\/www.pawlikokna.pl\/wp-content\/uploads\/2018\/05\/o-nas-samochody-500x260.jpg 500w, https:\/\/www.pawlikokna.pl\/wp-content\/uploads\/2018\/05\/o-nas-samochody-768x399.jpg 768w\" sizes=\"(max-width: 770px) 100vw, 770px\" \/>\t\t\t\t\t\t\t\t\t\t\t\t\t<\/div>\n\t\t\t\t<\/div>\n\t\t\t\t\t<\/div>\n\t\t<\/div>\n\t\t\t\t\t<\/div>\n\t\t<\/section>\n\t\t\t\t<section class=\"elementor-section elementor-top-section elementor-element elementor-element-4e7d6821 elementor-section-content-middle elementor-section-boxed elementor-section-height-default elementor-section-height-default\" data-id=\"4e7d6821\" data-element_type=\"section\" data-settings=\"{&quot;background_background&quot;:&quot;classic&quot;}\">\n\t\t\t\t\t\t<div class=\"elementor-container elementor-column-gap-no\">\n\t\t\t\t\t<div class=\"elementor-column elementor-col-50 elementor-top-column elementor-element elementor-element-2eeca5af\" data-id=\"2eeca5af\" data-element_type=\"column\">\n\t\t\t<div class=\"elementor-widget-wrap elementor-element-populated\">\n\t\t\t\t\t\t<div class=\"elementor-element elementor-element-580d42ad elementor-widget elementor-widget-image\" data-id=\"580d42ad\" data-element_type=\"widget\" data-widget_type=\"image.default\">\n\t\t\t\t<div class=\"elementor-widget-container\">\n\t\t\t\t\t\t\t\t\t\t\t\t\t<img decoding=\"async\" width=\"1600\" height=\"1200\" src=\"https:\/\/www.pawlikokna.pl\/wp-content\/uploads\/2018\/05\/duze-2.jpg\" class=\"attachment-full size-full wp-image-242\" alt=\"\" srcset=\"https:\/\/www.pawlikokna.pl\/wp-content\/uploads\/2018\/05\/duze-2.jpg 1600w, https:\/\/www.pawlikokna.pl\/wp-content\/uploads\/2018\/05\/duze-2-300x225.jpg 300w, https:\/\/www.pawlikokna.pl\/wp-content\/uploads\/2018\/05\/duze-2-500x375.jpg 500w, https:\/\/www.pawlikokna.pl\/wp-content\/uploads\/2018\/05\/duze-2-768x576.jpg 768w, https:\/\/www.pawlikokna.pl\/wp-content\/uploads\/2018\/05\/duze-2-1024x768.jpg 1024w\" sizes=\"(max-width: 1600px) 100vw, 1600px\" \/>\t\t\t\t\t\t\t\t\t\t\t\t\t<\/div>\n\t\t\t\t<\/div>\n\t\t\t\t\t<\/div>\n\t\t<\/div>\n\t\t\t\t<div class=\"elementor-column elementor-col-50 elementor-top-column elementor-element elementor-element-4e6025cd\" data-id=\"4e6025cd\" data-element_type=\"column\">\n\t\t\t<div class=\"elementor-widget-wrap elementor-element-populated\">\n\t\t\t\t\t\t<div class=\"elementor-element elementor-element-5f8d0acb elementor-widget elementor-widget-heading\" data-id=\"5f8d0acb\" data-element_type=\"widget\" data-widget_type=\"heading.default\">\n\t\t\t\t<div class=\"elementor-widget-container\">\n\t\t\t<h4 class=\"elementor-heading-title elementor-size-default\">Notre mission<\/h4>\t\t<\/div>\n\t\t\t\t<\/div>\n\t\t\t\t<div class=\"elementor-element elementor-element-1a4875a6 elementor-widget-divider--view-line elementor-widget elementor-widget-divider\" data-id=\"1a4875a6\" data-element_type=\"widget\" data-widget_type=\"divider.default\">\n\t\t\t\t<div class=\"elementor-widget-container\">\n\t\t\t\t\t<div class=\"elementor-divider\">\n\t\t\t<span class=\"elementor-divider-separator\">\n\t\t\t\t\t\t<\/span>\n\t\t<\/div>\n\t\t\t\t<\/div>\n\t\t\t\t<\/div>\n\t\t\t\t<div class=\"elementor-element elementor-element-5d882e5 elementor-widget elementor-widget-text-editor\" data-id=\"5d882e5\" data-element_type=\"widget\" data-widget_type=\"text-editor.default\">\n\t\t\t\t<div class=\"elementor-widget-container\">\n\t\t\t\t\t\t\t<p>Des le d\u00e9but notre devise, c&rsquo;est le professionnalisme, la comp\u00e9titivit\u00e9-prix de la qualit\u00e9 sur le march\u00e9. Avec ces avantages il y avait un d\u00e9veloppement rapide et dynamique de l&rsquo;entreprise, ce qui a permis la modernisation de la ligne de traitement, des machinerie et donc &#8211; l&rsquo;augmentation du portefeuille.<\/p><p>Nous sommes un fabricant exp\u00e9riment\u00e9 et comp\u00e9tent qui outiliser dans ses produits de nouvelle technologie, les profils de haute qualit\u00e9 de Aluplast, frettage de bonne qualit\u00e9 de soci\u00e9t\u00e9 allemande Winkhaus Technik, ou Pilkington.<\/p>\t\t\t\t\t\t<\/div>\n\t\t\t\t<\/div>\n\t\t\t\t\t<\/div>\n\t\t<\/div>\n\t\t\t\t\t<\/div>\n\t\t<\/section>\n\t\t\t\t<section class=\"elementor-section elementor-top-section elementor-element elementor-element-cf2e20a elementor-section-content-middle elementor-reverse-mobile elementor-section-boxed elementor-section-height-default elementor-section-height-default\" data-id=\"cf2e20a\" data-element_type=\"section\">\n\t\t\t\t\t\t<div class=\"elementor-container elementor-column-gap-no\">\n\t\t\t\t\t<div class=\"elementor-column elementor-col-50 elementor-top-column elementor-element elementor-element-9194ac4\" data-id=\"9194ac4\" data-element_type=\"column\">\n\t\t\t<div class=\"elementor-widget-wrap elementor-element-populated\">\n\t\t\t\t\t\t<div class=\"elementor-element elementor-element-6e13ec6 elementor-widget elementor-widget-heading\" data-id=\"6e13ec6\" data-element_type=\"widget\" data-widget_type=\"heading.default\">\n\t\t\t\t<div class=\"elementor-widget-container\">\n\t\t\t<h4 class=\"elementor-heading-title elementor-size-default\">Modernit\u00e9<\/h4>\t\t<\/div>\n\t\t\t\t<\/div>\n\t\t\t\t<div class=\"elementor-element elementor-element-dcf437f elementor-widget-divider--view-line elementor-widget elementor-widget-divider\" data-id=\"dcf437f\" data-element_type=\"widget\" data-widget_type=\"divider.default\">\n\t\t\t\t<div class=\"elementor-widget-container\">\n\t\t\t\t\t<div class=\"elementor-divider\">\n\t\t\t<span class=\"elementor-divider-separator\">\n\t\t\t\t\t\t<\/span>\n\t\t<\/div>\n\t\t\t\t<\/div>\n\t\t\t\t<\/div>\n\t\t\t\t<div class=\"elementor-element elementor-element-a3b6386 elementor-widget elementor-widget-text-editor\" data-id=\"a3b6386\" data-element_type=\"widget\" data-widget_type=\"text-editor.default\">\n\t\t\t\t<div class=\"elementor-widget-container\">\n\t\t\t\t\t\t\t<p>Nos fenetres sont compatibles avec les dernieres tendances, elle rencontrent les plus hauts standards de qualit\u00e9, ont tous les certificats, agr\u00e9ments et des normes en conformit\u00e9 avec les directives de l&rsquo;Office des normes europ\u00e9ennes (CE). Tous les produits sont respectueux de l&rsquo;environnement, sans plomb, de l&rsquo;\u00e9nergie-efficace, durables et sures.<\/p>\t\t\t\t\t\t<\/div>\n\t\t\t\t<\/div>\n\t\t\t\t\t<\/div>\n\t\t<\/div>\n\t\t\t\t<div class=\"elementor-column elementor-col-50 elementor-top-column elementor-element elementor-element-828106c\" data-id=\"828106c\" data-element_type=\"column\">\n\t\t\t<div class=\"elementor-widget-wrap elementor-element-populated\">\n\t\t\t\t\t\t<div class=\"elementor-element elementor-element-87abc17 elementor-widget elementor-widget-image\" data-id=\"87abc17\" data-element_type=\"widget\" data-widget_type=\"image.default\">\n\t\t\t\t<div class=\"elementor-widget-container\">\n\t\t\t\t\t\t\t\t\t\t\t\t\t<img loading=\"lazy\" decoding=\"async\" width=\"1219\" height=\"686\" src=\"https:\/\/www.pawlikokna.pl\/wp-content\/uploads\/2018\/06\/blok.jpg\" class=\"attachment-full size-full wp-image-309\" alt=\"\" srcset=\"https:\/\/www.pawlikokna.pl\/wp-content\/uploads\/2018\/06\/blok.jpg 1219w, https:\/\/www.pawlikokna.pl\/wp-content\/uploads\/2018\/06\/blok-300x169.jpg 300w, https:\/\/www.pawlikokna.pl\/wp-content\/uploads\/2018\/06\/blok-500x281.jpg 500w, https:\/\/www.pawlikokna.pl\/wp-content\/uploads\/2018\/06\/blok-768x432.jpg 768w, https:\/\/www.pawlikokna.pl\/wp-content\/uploads\/2018\/06\/blok-1024x576.jpg 1024w\" sizes=\"(max-width: 1219px) 100vw, 1219px\" \/>\t\t\t\t\t\t\t\t\t\t\t\t\t<\/div>\n\t\t\t\t<\/div>\n\t\t\t\t\t<\/div>\n\t\t<\/div>\n\t\t\t\t\t<\/div>\n\t\t<\/section>\n\t\t\t\t<section class=\"elementor-section elementor-top-section elementor-element elementor-element-29c56af elementor-section-content-middle elementor-section-boxed elementor-section-height-default elementor-section-height-default\" data-id=\"29c56af\" data-element_type=\"section\" data-settings=\"{&quot;background_background&quot;:&quot;classic&quot;}\">\n\t\t\t\t\t\t<div class=\"elementor-container elementor-column-gap-no\">\n\t\t\t\t\t<div class=\"elementor-column elementor-col-50 elementor-top-column elementor-element elementor-element-c0fadae\" data-id=\"c0fadae\" data-element_type=\"column\">\n\t\t\t<div class=\"elementor-widget-wrap elementor-element-populated\">\n\t\t\t\t\t\t<div class=\"elementor-element elementor-element-b260243 elementor-widget elementor-widget-image\" data-id=\"b260243\" data-element_type=\"widget\" data-widget_type=\"image.default\">\n\t\t\t\t<div class=\"elementor-widget-container\">\n\t\t\t\t\t\t\t\t\t\t\t\t\t<img loading=\"lazy\" decoding=\"async\" width=\"1920\" height=\"1280\" src=\"https:\/\/www.pawlikokna.pl\/wp-content\/uploads\/2018\/07\/299779-P7FMQ1-506.jpg\" class=\"attachment-full size-full wp-image-843\" alt=\"\" srcset=\"https:\/\/www.pawlikokna.pl\/wp-content\/uploads\/2018\/07\/299779-P7FMQ1-506.jpg 1920w, https:\/\/www.pawlikokna.pl\/wp-content\/uploads\/2018\/07\/299779-P7FMQ1-506-300x200.jpg 300w, https:\/\/www.pawlikokna.pl\/wp-content\/uploads\/2018\/07\/299779-P7FMQ1-506-500x333.jpg 500w, https:\/\/www.pawlikokna.pl\/wp-content\/uploads\/2018\/07\/299779-P7FMQ1-506-768x512.jpg 768w, https:\/\/www.pawlikokna.pl\/wp-content\/uploads\/2018\/07\/299779-P7FMQ1-506-1024x683.jpg 1024w\" sizes=\"(max-width: 1920px) 100vw, 1920px\" \/>\t\t\t\t\t\t\t\t\t\t\t\t\t<\/div>\n\t\t\t\t<\/div>\n\t\t\t\t\t<\/div>\n\t\t<\/div>\n\t\t\t\t<div class=\"elementor-column elementor-col-50 elementor-top-column elementor-element elementor-element-58ff571\" data-id=\"58ff571\" data-element_type=\"column\">\n\t\t\t<div class=\"elementor-widget-wrap elementor-element-populated\">\n\t\t\t\t\t\t<div class=\"elementor-element elementor-element-44a7b34 elementor-widget elementor-widget-heading\" data-id=\"44a7b34\" data-element_type=\"widget\" data-widget_type=\"heading.default\">\n\t\t\t\t<div class=\"elementor-widget-container\">\n\t\t\t<h4 class=\"elementor-heading-title elementor-size-default\">Ecologie<\/h4>\t\t<\/div>\n\t\t\t\t<\/div>\n\t\t\t\t<div class=\"elementor-element elementor-element-7039cee elementor-widget-divider--view-line elementor-widget elementor-widget-divider\" data-id=\"7039cee\" data-element_type=\"widget\" data-widget_type=\"divider.default\">\n\t\t\t\t<div class=\"elementor-widget-container\">\n\t\t\t\t\t<div class=\"elementor-divider\">\n\t\t\t<span class=\"elementor-divider-separator\">\n\t\t\t\t\t\t<\/span>\n\t\t<\/div>\n\t\t\t\t<\/div>\n\t\t\t\t<\/div>\n\t\t\t\t<div class=\"elementor-element elementor-element-5aa4a26 elementor-widget elementor-widget-text-editor\" data-id=\"5aa4a26\" data-element_type=\"widget\" data-widget_type=\"text-editor.default\">\n\t\t\t\t<div class=\"elementor-widget-container\">\n\t\t\t\t\t\t\t<p>Nos fen\u00eatres sont compatibles avec les derni\u00e8res tendances, Elles repondent les plus hauts standards de qualit\u00e9, ont tous les certificats, agr\u00e9ments et des normes en conformit\u00e9 avec les directives de l&rsquo;Office des normes europ\u00e9ennes (CE). Tous les produits sont respectueux de l&rsquo;environnement, sans plomb, de l&rsquo;\u00e9nergie-efficace, durables et s\u00fbres.<\/p><p>Aujourd&rsquo;hui nous avons beaucoup de certificats et accr\u00e9ditation qui prouvent nos efforts pour s\u00e9curit\u00e9 de l&rsquo;environnement.<\/p>\t\t\t\t\t\t<\/div>\n\t\t\t\t<\/div>\n\t\t\t\t\t<\/div>\n\t\t<\/div>\n\t\t\t\t\t<\/div>\n\t\t<\/section>\n\t\t\t\t<\/div>\n\t\t","protected":false},"excerpt":{"rendered":"<p>A PROPOS DE NOUS La soci\u00e9t\u00e9 a commenc\u00e9 ses op\u00e9rations en 1984 et depuis ce temps elleproduit des fenetres modernes des meilleurs profils disponibles et les accessoires. Nous vendons nos produits dans un r\u00e9seau de plus d&rsquo;une centaine concessionnaires dans le sud, sud-est de la Pologne, en Slovaquie, en R\u00e9publique tcheque et en Suisse. Notre [&hellip;]<\/p>\n","protected":false},"author":1,"featured_media":0,"parent":0,"menu_order":0,"comment_status":"closed","ping_status":"closed","template":"elementor_header_footer","meta":{"ocean_post_layout":"","ocean_both_sidebars_style":"","ocean_both_sidebars_content_width":0,"ocean_both_sidebars_sidebars_width":0,"ocean_sidebar":"0","ocean_second_sidebar":"0","ocean_disable_margins":"enable","ocean_add_body_class":"","ocean_shortcode_before_top_bar":"","ocean_shortcode_after_top_bar":"","ocean_shortcode_before_header":"","ocean_shortcode_after_header":"","ocean_has_shortcode":"","ocean_shortcode_after_title":"","ocean_shortcode_before_footer_widgets":"","ocean_shortcode_after_footer_widgets":"","ocean_shortcode_before_footer_bottom":"","ocean_shortcode_after_footer_bottom":"","ocean_display_top_bar":"default","ocean_display_header":"default","ocean_header_style":"","ocean_center_header_left_menu":"0","ocean_custom_header_template":"0","ocean_custom_logo":0,"ocean_custom_retina_logo":0,"ocean_custom_logo_max_width":0,"ocean_custom_logo_tablet_max_width":0,"ocean_custom_logo_mobile_max_width":0,"ocean_custom_logo_max_height":0,"ocean_custom_logo_tablet_max_height":0,"ocean_custom_logo_mobile_max_height":0,"ocean_header_custom_menu":"0","ocean_menu_typo_font_family":"0","ocean_menu_typo_font_subset":"","ocean_menu_typo_font_size":0,"ocean_menu_typo_font_size_tablet":0,"ocean_menu_typo_font_size_mobile":0,"ocean_menu_typo_font_size_unit":"px","ocean_menu_typo_font_weight":"","ocean_menu_typo_font_weight_tablet":"","ocean_menu_typo_font_weight_mobile":"","ocean_menu_typo_transform":"","ocean_menu_typo_transform_tablet":"","ocean_menu_typo_transform_mobile":"","ocean_menu_typo_line_height":0,"ocean_menu_typo_line_height_tablet":0,"ocean_menu_typo_line_height_mobile":0,"ocean_menu_typo_line_height_unit":"","ocean_menu_typo_spacing":0,"ocean_menu_typo_spacing_tablet":0,"ocean_menu_typo_spacing_mobile":0,"ocean_menu_typo_spacing_unit":"","ocean_menu_link_color":"","ocean_menu_link_color_hover":"","ocean_menu_link_color_active":"","ocean_menu_link_background":"","ocean_menu_link_hover_background":"","ocean_menu_link_active_background":"","ocean_menu_social_links_bg":"","ocean_menu_social_hover_links_bg":"","ocean_menu_social_links_color":"","ocean_menu_social_hover_links_color":"","ocean_disable_title":"default","ocean_disable_heading":"default","ocean_post_title":"","ocean_post_subheading":"","ocean_post_title_style":"","ocean_post_title_background_color":"","ocean_post_title_background":0,"ocean_post_title_bg_image_position":"","ocean_post_title_bg_image_attachment":"","ocean_post_title_bg_image_repeat":"","ocean_post_title_bg_image_size":"","ocean_post_title_height":0,"ocean_post_title_bg_overlay":0.5,"ocean_post_title_bg_overlay_color":"","ocean_disable_breadcrumbs":"default","ocean_breadcrumbs_color":"","ocean_breadcrumbs_separator_color":"","ocean_breadcrumbs_links_color":"","ocean_breadcrumbs_links_hover_color":"","ocean_display_footer_widgets":"default","ocean_display_footer_bottom":"default","ocean_custom_footer_template":"","footnotes":""},"class_list":["post-1577","page","type-page","status-publish","hentry","entry","owp-thumbs-layout-horizontal","owp-btn-normal","owp-tabs-layout-section","has-no-thumbnails"],"_links":{"self":[{"href":"https:\/\/www.pawlikokna.pl\/fr\/wp-json\/wp\/v2\/pages\/1577"}],"collection":[{"href":"https:\/\/www.pawlikokna.pl\/fr\/wp-json\/wp\/v2\/pages"}],"about":[{"href":"https:\/\/www.pawlikokna.pl\/fr\/wp-json\/wp\/v2\/types\/page"}],"author":[{"embeddable":true,"href":"https:\/\/www.pawlikokna.pl\/fr\/wp-json\/wp\/v2\/users\/1"}],"replies":[{"embeddable":true,"href":"https:\/\/www.pawlikokna.pl\/fr\/wp-json\/wp\/v2\/comments?post=1577"}],"version-history":[{"count":2,"href":"https:\/\/www.pawlikokna.pl\/fr\/wp-json\/wp\/v2\/pages\/1577\/revisions"}],"predecessor-version":[{"id":1579,"href":"https:\/\/www.pawlikokna.pl\/fr\/wp-json\/wp\/v2\/pages\/1577\/revisions\/1579"}],"wp:attachment":[{"href":"https:\/\/www.pawlikokna.pl\/fr\/wp-json\/wp\/v2\/media?parent=1577"}],"curies":[{"name":"wp","href":"https:\/\/api.w.org\/{rel}","templated":true}]}}