{"id":1247,"date":"2018-06-28T12:48:59","date_gmt":"2018-06-28T12:48:59","guid":{"rendered":"https:\/\/www.pawlikokna.pl\/produkt\/ideal-4000-classic-line\/"},"modified":"2018-07-25T19:30:03","modified_gmt":"2018-07-25T19:30:03","slug":"ideal-4000-classic-line","status":"publish","type":"product","link":"https:\/\/www.pawlikokna.pl\/fr\/produkt\/ideal-4000-classic-line\/","title":{"rendered":"Ideal 4000 Classic Line"},"content":{"rendered":"<p>Une construction robuste des profils avec une largeur de 70 mm et une grande ouverture d\u2019 armature d&rsquo;acier garantie optimales param\u00e8tres statiques et permet la production des fen\u00eatres de grandes tailles. Classique, lignes \u00e9l\u00e9gantes en profils minces avec des contours expressifs c\u2019est la garantie d\u2019 une \u00e9l\u00e9gance intemporelle.<\/p>\n<p>&#8211; La construction de cinq- ouverture et la profondeur de 70 mm donnent un niveau optimal d&rsquo;isolation thermique et acoustique (1,3 W\/m2K selon DIN 52 619).<br \/>\n&#8211; Scell\u00e9s esth\u00e9tiques et invisible.<br \/>\n&#8211; 15 degr\u00e9 chanfrein de bord du cadre et de les ouvrants garantissent l&rsquo;\u00e9coulement de l&rsquo;eau.<br \/>\n&#8211; 13 mm de d\u00e9calage \u00e0 partir du bord du cadre rainure virole permet d&rsquo;utiliser plus de prise, et augmente ainsi la r\u00e9sistance \u00e0 l&rsquo;effraction.<\/p>\n<p><iframe style=\"width: 100%; height: 600px;\" src=\"https:\/\/konfigurator.aluplast.net\/clients\/polska\/\"><span data-mce-type=\"bookmark\" style=\"display: inline-block; width: 0px; overflow: hidden; line-height: 0;\" class=\"mce_SELRES_start\">\ufeff<\/span><span data-mce-type=\"bookmark\" style=\"display: inline-block; width: 0px; overflow: hidden; line-height: 0;\" class=\"mce_SELRES_start\">\ufeff<\/span><\/iframe><\/p>\n","protected":false},"excerpt":{"rendered":"<p>Le syst\u00e8me Id\u00e9al 4000 est une nouvelle g\u00e9n\u00e9ration de profils qui r\u00e9pondent d\u00e9j\u00e0 aux exigences des fen\u00eatres \u00e0 la future. Ilsrelient la technologie moderne avec le plus grand confort de la maison.<\/p>\n","protected":false},"featured_media":0,"template":"","meta":{"ocean_post_layout":"","ocean_both_sidebars_style":"","ocean_both_sidebars_content_width":0,"ocean_both_sidebars_sidebars_width":0,"ocean_sidebar":"","ocean_second_sidebar":"","ocean_disable_margins":"enable","ocean_add_body_class":"","ocean_shortcode_before_top_bar":"","ocean_shortcode_after_top_bar":"","ocean_shortcode_before_header":"","ocean_shortcode_after_header":"","ocean_has_shortcode":"","ocean_shortcode_after_title":"","ocean_shortcode_before_footer_widgets":"","ocean_shortcode_after_footer_widgets":"","ocean_shortcode_before_footer_bottom":"","ocean_shortcode_after_footer_bottom":"","ocean_display_top_bar":"default","ocean_display_header":"default","ocean_header_style":"","ocean_center_header_left_menu":"","ocean_custom_header_template":"","ocean_custom_logo":0,"ocean_custom_retina_logo":0,"ocean_custom_logo_max_width":0,"ocean_custom_logo_tablet_max_width":0,"ocean_custom_logo_mobile_max_width":0,"ocean_custom_logo_max_height":0,"ocean_custom_logo_tablet_max_height":0,"ocean_custom_logo_mobile_max_height":0,"ocean_header_custom_menu":"","ocean_menu_typo_font_family":"","ocean_menu_typo_font_subset":"","ocean_menu_typo_font_size":0,"ocean_menu_typo_font_size_tablet":0,"ocean_menu_typo_font_size_mobile":0,"ocean_menu_typo_font_size_unit":"px","ocean_menu_typo_font_weight":"","ocean_menu_typo_font_weight_tablet":"","ocean_menu_typo_font_weight_mobile":"","ocean_menu_typo_transform":"","ocean_menu_typo_transform_tablet":"","ocean_menu_typo_transform_mobile":"","ocean_menu_typo_line_height":0,"ocean_menu_typo_line_height_tablet":0,"ocean_menu_typo_line_height_mobile":0,"ocean_menu_typo_line_height_unit":"","ocean_menu_typo_spacing":0,"ocean_menu_typo_spacing_tablet":0,"ocean_menu_typo_spacing_mobile":0,"ocean_menu_typo_spacing_unit":"","ocean_menu_link_color":"","ocean_menu_link_color_hover":"","ocean_menu_link_color_active":"","ocean_menu_link_background":"","ocean_menu_link_hover_background":"","ocean_menu_link_active_background":"","ocean_menu_social_links_bg":"","ocean_menu_social_hover_links_bg":"","ocean_menu_social_links_color":"","ocean_menu_social_hover_links_color":"","ocean_disable_title":"default","ocean_disable_heading":"default","ocean_post_title":"","ocean_post_subheading":"","ocean_post_title_style":"","ocean_post_title_background_color":"","ocean_post_title_background":0,"ocean_post_title_bg_image_position":"","ocean_post_title_bg_image_attachment":"","ocean_post_title_bg_image_repeat":"","ocean_post_title_bg_image_size":"","ocean_post_title_height":0,"ocean_post_title_bg_overlay":0.5,"ocean_post_title_bg_overlay_color":"","ocean_disable_breadcrumbs":"default","ocean_breadcrumbs_color":"","ocean_breadcrumbs_separator_color":"","ocean_breadcrumbs_links_color":"","ocean_breadcrumbs_links_hover_color":"","ocean_display_footer_widgets":"default","ocean_display_footer_bottom":"default","ocean_custom_footer_template":""},"product_cat":[61],"product_tag":[],"class_list":{"0":"post-1247","1":"product","2":"type-product","3":"status-publish","5":"product_cat-systemy-okien","7":"entry","9":"first","10":"instock","11":"shipping-taxable","12":"product-type-simple","13":"col","14":"span_1_of_3","15":"owp-content-left","16":"owp-thumbs-layout-horizontal","17":"owp-btn-normal","18":"owp-tabs-layout-section","19":"has-no-thumbnails"},"_links":{"self":[{"href":"https:\/\/www.pawlikokna.pl\/fr\/wp-json\/wp\/v2\/product\/1247"}],"collection":[{"href":"https:\/\/www.pawlikokna.pl\/fr\/wp-json\/wp\/v2\/product"}],"about":[{"href":"https:\/\/www.pawlikokna.pl\/fr\/wp-json\/wp\/v2\/types\/product"}],"wp:attachment":[{"href":"https:\/\/www.pawlikokna.pl\/fr\/wp-json\/wp\/v2\/media?parent=1247"}],"wp:term":[{"taxonomy":"product_cat","embeddable":true,"href":"https:\/\/www.pawlikokna.pl\/fr\/wp-json\/wp\/v2\/product_cat?post=1247"},{"taxonomy":"product_tag","embeddable":true,"href":"https:\/\/www.pawlikokna.pl\/fr\/wp-json\/wp\/v2\/product_tag?post=1247"}],"curies":[{"name":"wp","href":"https:\/\/api.w.org\/{rel}","templated":true}]}}