{"id":1264,"date":"2018-07-17T07:58:56","date_gmt":"2018-07-17T07:58:56","guid":{"rendered":"https:\/\/www.pawlikokna.pl\/produkt\/vitres\/"},"modified":"2018-07-17T07:58:56","modified_gmt":"2018-07-17T07:58:56","slug":"vitres","status":"publish","type":"product","link":"https:\/\/www.pawlikokna.pl\/fr\/produkt\/vitres\/","title":{"rendered":"Vitres"},"content":{"rendered":"<p>Grace au faibles \u00e9missions sp\u00e9ciales rev\u00eatements et remplis de gaz nobles, ils sont caract\u00e9ris\u00e9s par une isolation thermique accrue &#8211; coefficient d&rsquo;isolation thermique pour le paquet standard est de 1,0 W\/m2K 4\/16\/4, tandis que pour trois paquets 4\/12\/4\/12\/4 &#8211; 0,7 W\/m2K. D&rsquo;autres am\u00e9liorations d&rsquo;isolation des vitrages est r\u00e9alis\u00e9e gr\u00e2ce \u00e0 l&rsquo;utilisation des soi-disant. \u00ab\u00a0Trame chaud\u00a0\u00bb SWISSPECER, qui est une entretoise de bord am\u00e9lior\u00e9e en mati\u00e8re plastique. Les principaux avantages de ces fen\u00eatres sont les suivantes:<br \/>\n&#8211; pas de pont thermique sur les bords de verre isolant<br \/>\n&#8211; plus de confort thermique pr\u00e8s des fen\u00eatres<br \/>\n&#8211; r\u00e9duction du risque de condensation sur la surface du verre<\/p>\n<p class=\"highlighted\">En verres composites est possible d&rsquo;utiliser un verre s\u00e9curis\u00e9 (feuillet\u00e9, tremp\u00e9), de contr\u00f4le solaire (teint\u00e9, r\u00e9fl\u00e9chissant) et les verres \u00e0 isolation sonore am\u00e9lior\u00e9e.<\/p>\n<table>\n<tbody>\n<tr>\n<td><a href=\"https:\/\/www.pawlikokna.pl\/wp-content\/uploads\/2018\/07\/pobrane-1.png\"><img decoding=\"async\" class=\"wp-image-831 alignleft\" src=\"https:\/\/www.pawlikokna.pl\/wp-content\/uploads\/2018\/07\/pobrane-1.png\" alt=\"\" width=\"141\" height=\"60\" \/><\/a><\/td>\n<td><span class=\"logo\"><span class=\"txt\">Effect Glass Company SA utilis\u00e9 pour la fabrication du verre des entreprises les plus r\u00e9put\u00e9es du monde: Pilkington, Saint-Gobain, Guardian, Glaverbel. Les fournisseurs des mastics ce sont :Henkel Teroson et Kommerling, des profile la distance: Helima et ProfilGlass. Les produits ont les certificats d&rsquo;essai de production et les certificats de l&rsquo;Institut du Verre et c\u00e9ramique, et la confirmation des produits de haute qualit\u00e9 est d&rsquo;avoir un certificat en conformit\u00e9 avec la norme BS EN 9001:2009 ISO.<\/span><\/span><\/td>\n<\/tr>\n<tr>\n<td><a href=\"https:\/\/www.pawlikokna.pl\/wp-content\/uploads\/2018\/07\/pobrane-1-1.png\"><img decoding=\"async\" class=\"alignnone wp-image-832 size-full\" src=\"https:\/\/www.pawlikokna.pl\/wp-content\/uploads\/2018\/07\/pobrane-1-1.png\" alt=\"\" width=\"60\" height=\"31\" srcset=\"https:\/\/www.pawlikokna.pl\/wp-content\/uploads\/2018\/07\/pobrane-1-1.png 60w, https:\/\/www.pawlikokna.pl\/wp-content\/uploads\/2018\/07\/pobrane-1-1-600x310.png 600w\" sizes=\"(max-width: 60px) 100vw, 60px\" \/><\/a><\/td>\n<td>\n<div id=\"wrapper\" class=\"CONTENT\">\n<div class=\"RIGHT_TAB WIDE\"><span class=\"logo\"><span class=\"txt\">Pilkington Group, qui vend ses produits dans plus de 130 pays \u00e0 travers le monde, est l&rsquo;un des plus grands producteurs de verre plat et de produits automobiles et de construction.<\/span><\/span><\/div>\n<\/div>\n<\/td>\n<\/tr>\n<\/tbody>\n<\/table>\n<p><iframe style=\"width: 100%; height: 600px;\" src=\"https:\/\/konfigurator.aluplast.net\/clients\/polska\/\"><span data-mce-type=\"bookmark\" style=\"display: inline-block; width: 0px; overflow: hidden; line-height: 0;\" class=\"mce_SELRES_start\">\ufeff<\/span><span data-mce-type=\"bookmark\" style=\"display: inline-block; width: 0px; overflow: hidden; line-height: 0;\" class=\"mce_SELRES_start\">\ufeff<\/span><\/iframe><\/p>\n","protected":false},"excerpt":{"rendered":"<p>Dans nos fen\u00eatres, nous utilisons un simple vitrage ou doubles vitrage des fabricants de verre isolante &#8211; les entreprises EFFET VERRE SA et Pilkington.<\/p>\n","protected":false},"featured_media":1287,"template":"","meta":{"ocean_post_layout":"","ocean_both_sidebars_style":"","ocean_both_sidebars_content_width":0,"ocean_both_sidebars_sidebars_width":0,"ocean_sidebar":"","ocean_second_sidebar":"","ocean_disable_margins":"enable","ocean_add_body_class":"","ocean_shortcode_before_top_bar":"","ocean_shortcode_after_top_bar":"","ocean_shortcode_before_header":"","ocean_shortcode_after_header":"","ocean_has_shortcode":"","ocean_shortcode_after_title":"","ocean_shortcode_before_footer_widgets":"","ocean_shortcode_after_footer_widgets":"","ocean_shortcode_before_footer_bottom":"","ocean_shortcode_after_footer_bottom":"","ocean_display_top_bar":"default","ocean_display_header":"default","ocean_header_style":"","ocean_center_header_left_menu":"","ocean_custom_header_template":"","ocean_custom_logo":0,"ocean_custom_retina_logo":0,"ocean_custom_logo_max_width":0,"ocean_custom_logo_tablet_max_width":0,"ocean_custom_logo_mobile_max_width":0,"ocean_custom_logo_max_height":0,"ocean_custom_logo_tablet_max_height":0,"ocean_custom_logo_mobile_max_height":0,"ocean_header_custom_menu":"","ocean_menu_typo_font_family":"","ocean_menu_typo_font_subset":"","ocean_menu_typo_font_size":0,"ocean_menu_typo_font_size_tablet":0,"ocean_menu_typo_font_size_mobile":0,"ocean_menu_typo_font_size_unit":"px","ocean_menu_typo_font_weight":"","ocean_menu_typo_font_weight_tablet":"","ocean_menu_typo_font_weight_mobile":"","ocean_menu_typo_transform":"","ocean_menu_typo_transform_tablet":"","ocean_menu_typo_transform_mobile":"","ocean_menu_typo_line_height":0,"ocean_menu_typo_line_height_tablet":0,"ocean_menu_typo_line_height_mobile":0,"ocean_menu_typo_line_height_unit":"","ocean_menu_typo_spacing":0,"ocean_menu_typo_spacing_tablet":0,"ocean_menu_typo_spacing_mobile":0,"ocean_menu_typo_spacing_unit":"","ocean_menu_link_color":"","ocean_menu_link_color_hover":"","ocean_menu_link_color_active":"","ocean_menu_link_background":"","ocean_menu_link_hover_background":"","ocean_menu_link_active_background":"","ocean_menu_social_links_bg":"","ocean_menu_social_hover_links_bg":"","ocean_menu_social_links_color":"","ocean_menu_social_hover_links_color":"","ocean_disable_title":"default","ocean_disable_heading":"default","ocean_post_title":"","ocean_post_subheading":"","ocean_post_title_style":"","ocean_post_title_background_color":"","ocean_post_title_background":0,"ocean_post_title_bg_image_position":"","ocean_post_title_bg_image_attachment":"","ocean_post_title_bg_image_repeat":"","ocean_post_title_bg_image_size":"","ocean_post_title_height":0,"ocean_post_title_bg_overlay":0.5,"ocean_post_title_bg_overlay_color":"","ocean_disable_breadcrumbs":"default","ocean_breadcrumbs_color":"","ocean_breadcrumbs_separator_color":"","ocean_breadcrumbs_links_color":"","ocean_breadcrumbs_links_hover_color":"","ocean_display_footer_widgets":"default","ocean_display_footer_bottom":"default","ocean_custom_footer_template":""},"product_cat":[63],"product_tag":[],"class_list":{"0":"post-1264","1":"product","2":"type-product","3":"status-publish","4":"has-post-thumbnail","6":"product_cat-szyby-fr","8":"entry","9":"has-media","11":"first","12":"instock","13":"shipping-taxable","14":"product-type-simple","15":"col","16":"span_1_of_3","17":"owp-content-left","18":"owp-thumbs-layout-horizontal","19":"owp-btn-normal","20":"owp-tabs-layout-section"},"_links":{"self":[{"href":"https:\/\/www.pawlikokna.pl\/fr\/wp-json\/wp\/v2\/product\/1264"}],"collection":[{"href":"https:\/\/www.pawlikokna.pl\/fr\/wp-json\/wp\/v2\/product"}],"about":[{"href":"https:\/\/www.pawlikokna.pl\/fr\/wp-json\/wp\/v2\/types\/product"}],"wp:featuredmedia":[{"embeddable":true,"href":"https:\/\/www.pawlikokna.pl\/fr\/wp-json\/wp\/v2\/media\/1287"}],"wp:attachment":[{"href":"https:\/\/www.pawlikokna.pl\/fr\/wp-json\/wp\/v2\/media?parent=1264"}],"wp:term":[{"taxonomy":"product_cat","embeddable":true,"href":"https:\/\/www.pawlikokna.pl\/fr\/wp-json\/wp\/v2\/product_cat?post=1264"},{"taxonomy":"product_tag","embeddable":true,"href":"https:\/\/www.pawlikokna.pl\/fr\/wp-json\/wp\/v2\/product_tag?post=1264"}],"curies":[{"name":"wp","href":"https:\/\/api.w.org\/{rel}","templated":true}]}}