{"id":1837,"date":"2018-07-12T09:21:33","date_gmt":"2018-07-12T09:21:33","guid":{"rendered":"https:\/\/www.pawlikokna.pl\/produkt\/napedy-do-rolet\/"},"modified":"2018-07-12T09:21:33","modified_gmt":"2018-07-12T09:21:33","slug":"napedy-do-rolet","status":"publish","type":"product","link":"https:\/\/www.pawlikokna.pl\/fr\/produkt\/napedy-do-rolet\/","title":{"rendered":"Nap\u0119dy do rolet"},"content":{"rendered":"<p>Nap\u0119dy spr\u0119\u017cynowe<\/p>\n<p>Nap\u0119dy elektryczne podstawowe sterowane przewodowo<\/p>\n<p>Nap\u0119dy elektryczne z wbudowanym odbiornikiem radiowym sterowane za pomoc\u0105 nadajnika radiowego w formie:<\/p>\n<p>&nbsp;<\/p>\n<ul>\n<li>prze\u0142\u0105cznika na\u015bciennego klawiszowego<\/li>\n<li>pilota jednokana\u0142owego<\/li>\n<li>pilota pi\u0119ciokana\u0142owego<\/li>\n<li>prze\u0142\u0105cznika na\u015bciennego z zegarem (centrala steruj\u0105ca)<\/li>\n<\/ul>\n<p>&nbsp;<\/p>\n<p>Nap\u0119dy elektryczne przeci\u0105\u017ceniowe wykrywaj\u0105ce przeszkody i oblodzenie<\/p>\n<p>Nap\u0119dy elektryczne z awaryjnym otwieraniem r\u0119cznym w przypadku braku pr\u0105du<\/p>\n<p><iframe style=\"width: 100%; height: 600px;\" src=\"https:\/\/konfigurator.aluplast.net\/clients\/polska\/\"><span data-mce-type=\"bookmark\" style=\"display: inline-block; width: 0px; overflow: hidden; line-height: 0;\" class=\"mce_SELRES_start\">\ufeff<\/span><span data-mce-type=\"bookmark\" style=\"display: inline-block; width: 0px; overflow: hidden; line-height: 0;\" class=\"mce_SELRES_start\">\ufeff<\/span><\/iframe><\/p>\n","protected":false},"excerpt":{"rendered":"<p>By zapewni\u0107 jak najbardziej komfortow\u0105 obs\u0142ug\u0119, w Systemach Rolet Zewn\u0119trznych Aluplast istnieje mo\u017cliwo\u015b\u0107 zastosowania r\u00f3\u017cnego rodzaju nap\u0119d\u00f3w:<\/p>\n<p>Nap\u0119dy r\u0119czne:<\/p>\n<ul class=\"info\">\n<li>zwijacz paska lub linki (nadtynkowy, podtynkowy, p\u00f3\u0142wpuszczany)<\/li>\n<li>zwijacz paska lub linki z przek\u0142adni\u0105 korbow\u0105<\/li>\n<li>ko\u0142o nawojowe z przek\u0142adni\u0105 planetarn\u0105<\/li>\n<li>przek\u0142adnia korbowa z dr\u0105\u017ckiem korby (sta\u0142ym, roz\u0142\u0105cznym, odsadzonym)<\/li>\n<\/ul>\n","protected":false},"featured_media":1838,"template":"","meta":{"ocean_post_layout":"","ocean_both_sidebars_style":"","ocean_both_sidebars_content_width":0,"ocean_both_sidebars_sidebars_width":0,"ocean_sidebar":"","ocean_second_sidebar":"","ocean_disable_margins":"enable","ocean_add_body_class":"","ocean_shortcode_before_top_bar":"","ocean_shortcode_after_top_bar":"","ocean_shortcode_before_header":"","ocean_shortcode_after_header":"","ocean_has_shortcode":"","ocean_shortcode_after_title":"","ocean_shortcode_before_footer_widgets":"","ocean_shortcode_after_footer_widgets":"","ocean_shortcode_before_footer_bottom":"","ocean_shortcode_after_footer_bottom":"","ocean_display_top_bar":"default","ocean_display_header":"default","ocean_header_style":"","ocean_center_header_left_menu":"","ocean_custom_header_template":"","ocean_custom_logo":0,"ocean_custom_retina_logo":0,"ocean_custom_logo_max_width":0,"ocean_custom_logo_tablet_max_width":0,"ocean_custom_logo_mobile_max_width":0,"ocean_custom_logo_max_height":0,"ocean_custom_logo_tablet_max_height":0,"ocean_custom_logo_mobile_max_height":0,"ocean_header_custom_menu":"","ocean_menu_typo_font_family":"","ocean_menu_typo_font_subset":"","ocean_menu_typo_font_size":0,"ocean_menu_typo_font_size_tablet":0,"ocean_menu_typo_font_size_mobile":0,"ocean_menu_typo_font_size_unit":"px","ocean_menu_typo_font_weight":"","ocean_menu_typo_font_weight_tablet":"","ocean_menu_typo_font_weight_mobile":"","ocean_menu_typo_transform":"","ocean_menu_typo_transform_tablet":"","ocean_menu_typo_transform_mobile":"","ocean_menu_typo_line_height":0,"ocean_menu_typo_line_height_tablet":0,"ocean_menu_typo_line_height_mobile":0,"ocean_menu_typo_line_height_unit":"","ocean_menu_typo_spacing":0,"ocean_menu_typo_spacing_tablet":0,"ocean_menu_typo_spacing_mobile":0,"ocean_menu_typo_spacing_unit":"","ocean_menu_link_color":"","ocean_menu_link_color_hover":"","ocean_menu_link_color_active":"","ocean_menu_link_background":"","ocean_menu_link_hover_background":"","ocean_menu_link_active_background":"","ocean_menu_social_links_bg":"","ocean_menu_social_hover_links_bg":"","ocean_menu_social_links_color":"","ocean_menu_social_hover_links_color":"","ocean_disable_title":"default","ocean_disable_heading":"default","ocean_post_title":"","ocean_post_subheading":"","ocean_post_title_style":"","ocean_post_title_background_color":"","ocean_post_title_background":0,"ocean_post_title_bg_image_position":"","ocean_post_title_bg_image_attachment":"","ocean_post_title_bg_image_repeat":"","ocean_post_title_bg_image_size":"","ocean_post_title_height":0,"ocean_post_title_bg_overlay":0.5,"ocean_post_title_bg_overlay_color":"","ocean_disable_breadcrumbs":"default","ocean_breadcrumbs_color":"","ocean_breadcrumbs_separator_color":"","ocean_breadcrumbs_links_color":"","ocean_breadcrumbs_links_hover_color":"","ocean_display_footer_widgets":"default","ocean_display_footer_bottom":"default","ocean_custom_footer_template":""},"product_cat":[83],"product_tag":[],"class_list":{"0":"post-1837","1":"product","2":"type-product","3":"status-publish","4":"has-post-thumbnail","6":"product_cat-rolety-zewnetrzne-fr","8":"entry","9":"has-media","11":"first","12":"instock","13":"shipping-taxable","14":"product-type-simple","15":"col","16":"span_1_of_3","17":"owp-content-left","18":"owp-thumbs-layout-horizontal","19":"owp-btn-normal","20":"owp-tabs-layout-section","21":"has-no-thumbnails"},"_links":{"self":[{"href":"https:\/\/www.pawlikokna.pl\/fr\/wp-json\/wp\/v2\/product\/1837"}],"collection":[{"href":"https:\/\/www.pawlikokna.pl\/fr\/wp-json\/wp\/v2\/product"}],"about":[{"href":"https:\/\/www.pawlikokna.pl\/fr\/wp-json\/wp\/v2\/types\/product"}],"wp:featuredmedia":[{"embeddable":true,"href":"https:\/\/www.pawlikokna.pl\/fr\/wp-json\/wp\/v2\/media\/1838"}],"wp:attachment":[{"href":"https:\/\/www.pawlikokna.pl\/fr\/wp-json\/wp\/v2\/media?parent=1837"}],"wp:term":[{"taxonomy":"product_cat","embeddable":true,"href":"https:\/\/www.pawlikokna.pl\/fr\/wp-json\/wp\/v2\/product_cat?post=1837"},{"taxonomy":"product_tag","embeddable":true,"href":"https:\/\/www.pawlikokna.pl\/fr\/wp-json\/wp\/v2\/product_tag?post=1837"}],"curies":[{"name":"wp","href":"https:\/\/api.w.org\/{rel}","templated":true}]}}