{"id":1955,"date":"2018-07-12T09:00:31","date_gmt":"2018-07-12T09:00:31","guid":{"rendered":"https:\/\/www.pawlikokna.pl\/produkt\/systemy-ideal\/"},"modified":"2018-07-12T09:00:31","modified_gmt":"2018-07-12T09:00:31","slug":"systemy-ideal","status":"publish","type":"product","link":"https:\/\/www.pawlikokna.pl\/fr\/produkt\/systemy-ideal\/","title":{"rendered":"Systemy IDEAL"},"content":{"rendered":"<p class=\"highlighted\">Charakterystycznymi cechami drzwi w systemach aluplast jest ich solidno\u015b\u0107 i elegancja. Dzi\u0119ki wielokomorowej zabudowie, g\u0142\u0119boko\u015bci zabudowy od 60 do\u00a085 mm i zastosowaniu progu drzwiowego z przek\u0142adk\u0105 termoizolacyjn\u0105 posiadaj\u0105 bardzo dobre parametry izolacyjno\u015bci termicznej. Wysoka stabilno\u015b\u0107 skrzyde\u0142 poprzez u\u017cycie zbroje\u0144 o du\u017cych przekrojach poprzecznych oraz zastosowanie zgrzewalnych \u0142\u0105cznik\u00f3w naro\u017cnych gwarantuje odpowiednie parametry stayczne i wytrzyma\u0142o\u015bciowe.<\/p>\n<p>Niski pr\u00f3g drzwiowy o wysoko\u015bci 20 mm odpowiada wymogom dla budownictwa pozbawionego barier architektonicznych i umo\u017cliwia bezproblemowe wchodzenie i wychodzenie. Specjalnie ukszta\u0142towane stopy progu umo\u017cliwiaj\u0105 \u0142aczenie z systemowymi profilami dodatkowymi, takimi jak np. poszerzenia. Szeroki okapnik aluminiowy odprowadza sp\u0142yw wody na zewn\u0105trz.<\/p>\n<p><a href=\"https:\/\/www.pawlikokna.pl\/wp-content\/uploads\/2018\/07\/4-1.jpg\"><img decoding=\"async\" class=\"alignnone size-full wp-image-782\" src=\"https:\/\/www.pawlikokna.pl\/wp-content\/uploads\/2018\/07\/4-1.jpg\" alt=\"\" width=\"200\" height=\"200\" srcset=\"https:\/\/www.pawlikokna.pl\/wp-content\/uploads\/2018\/07\/4-1.jpg 200w, https:\/\/www.pawlikokna.pl\/wp-content\/uploads\/2018\/07\/4-1-600x600.jpg 600w, https:\/\/www.pawlikokna.pl\/wp-content\/uploads\/2018\/07\/4-1-150x150.jpg 150w, https:\/\/www.pawlikokna.pl\/wp-content\/uploads\/2018\/07\/4-1-100x100.jpg 100w\" sizes=\"(max-width: 200px) 100vw, 200px\" \/><\/a> <a href=\"https:\/\/www.pawlikokna.pl\/wp-content\/uploads\/2018\/07\/drzwi-wejsciowe.jpg\"><img fetchpriority=\"high\" decoding=\"async\" class=\"alignnone size-medium wp-image-783\" src=\"https:\/\/www.pawlikokna.pl\/wp-content\/uploads\/2018\/07\/drzwi-wejsciowe-300x300.jpg\" alt=\"\" width=\"300\" height=\"300\" srcset=\"https:\/\/www.pawlikokna.pl\/wp-content\/uploads\/2018\/07\/drzwi-wejsciowe-300x300.jpg 300w, https:\/\/www.pawlikokna.pl\/wp-content\/uploads\/2018\/07\/drzwi-wejsciowe-500x500.jpg 500w, https:\/\/www.pawlikokna.pl\/wp-content\/uploads\/2018\/07\/drzwi-wejsciowe-150x150.jpg 150w, https:\/\/www.pawlikokna.pl\/wp-content\/uploads\/2018\/07\/drzwi-wejsciowe-100x100.jpg 100w, https:\/\/www.pawlikokna.pl\/wp-content\/uploads\/2018\/07\/drzwi-wejsciowe.jpg 531w\" sizes=\"(max-width: 300px) 100vw, 300px\" \/><\/a><\/p>\n<p>&nbsp;<\/p>\n<ul>\n<li>G\u0142\u0119boko\u015b\u0107 zabudowy od 60 do 85 mm<\/li>\n<li>Mo\u017cliwo\u015b\u0107 zastosowania wype\u0142nie\u0144 o szeroko\u015bci do 50 mm<\/li>\n<li>Du\u017ca komora na wzmocnienie stalowe zwi\u0119ksza stabilno\u015b\u0107 konstrukcji (opcjonalna mo\u017cliwo\u015b\u0107 wype\u0142nienia pian\u0105)<\/li>\n<li>Wsp\u00f3\u0142czynnik izolacyjno\u015bci termicznej do U<sub>f<\/sub>= 1,2 W\/m<sup>2<\/sup>K<\/li>\n<li>Niski pr\u00f3g aluminiowy z przek\u0142adk\u0105 termiczn\u0105<\/li>\n<\/ul>\n<p><iframe style=\"width: 100%; height: 600px;\" src=\"https:\/\/konfigurator.aluplast.net\/clients\/polska\/\"><span data-mce-type=\"bookmark\" style=\"display: inline-block; width: 0px; overflow: hidden; line-height: 0;\" class=\"mce_SELRES_start\">\ufeff<\/span><span data-mce-type=\"bookmark\" style=\"display: inline-block; width: 0px; overflow: hidden; line-height: 0;\" class=\"mce_SELRES_start\">\ufeff<\/span><\/iframe><\/p>\n","protected":false},"excerpt":{"rendered":"<p>Drzwi s\u0105 wizyt\u00f3wk\u0105 domu, poniewa\u017c ju\u017c od wej\u015bcia podkre\u015blaj\u0105 jego charakter. Bogata kolorystyka profili, praktycznie nieograniczone mo\u017cliwo\u015bci konstrukcyjne i mo\u017cliwo\u015b\u0107 doboru r\u00f3\u017cnorodnych wype\u0142nie\u0144, od klasycznych a\u017c po ultranowoczesne, pozwalaj\u0105 swobodnie kszta\u0142towa\u0107 fasad\u0119 Pa\u0144stwa dom\u00f3w oraz zaznaczy\u0107 swoj\u0105 indywidualno\u015b\u0107. Ponadto od drzwi oczekuje si\u0119 zapewnienia wysokiego stopnia bezpiecze\u0144stwa oraz ochrony przed ha\u0142asem i warunkami pogodowymi.<\/p>\n","protected":false},"featured_media":1958,"template":"","meta":{"ocean_post_layout":"","ocean_both_sidebars_style":"","ocean_both_sidebars_content_width":0,"ocean_both_sidebars_sidebars_width":0,"ocean_sidebar":"","ocean_second_sidebar":"","ocean_disable_margins":"enable","ocean_add_body_class":"","ocean_shortcode_before_top_bar":"","ocean_shortcode_after_top_bar":"","ocean_shortcode_before_header":"","ocean_shortcode_after_header":"","ocean_has_shortcode":"","ocean_shortcode_after_title":"","ocean_shortcode_before_footer_widgets":"","ocean_shortcode_after_footer_widgets":"","ocean_shortcode_before_footer_bottom":"","ocean_shortcode_after_footer_bottom":"","ocean_display_top_bar":"default","ocean_display_header":"default","ocean_header_style":"","ocean_center_header_left_menu":"","ocean_custom_header_template":"","ocean_custom_logo":0,"ocean_custom_retina_logo":0,"ocean_custom_logo_max_width":0,"ocean_custom_logo_tablet_max_width":0,"ocean_custom_logo_mobile_max_width":0,"ocean_custom_logo_max_height":0,"ocean_custom_logo_tablet_max_height":0,"ocean_custom_logo_mobile_max_height":0,"ocean_header_custom_menu":"","ocean_menu_typo_font_family":"","ocean_menu_typo_font_subset":"","ocean_menu_typo_font_size":0,"ocean_menu_typo_font_size_tablet":0,"ocean_menu_typo_font_size_mobile":0,"ocean_menu_typo_font_size_unit":"px","ocean_menu_typo_font_weight":"","ocean_menu_typo_font_weight_tablet":"","ocean_menu_typo_font_weight_mobile":"","ocean_menu_typo_transform":"","ocean_menu_typo_transform_tablet":"","ocean_menu_typo_transform_mobile":"","ocean_menu_typo_line_height":0,"ocean_menu_typo_line_height_tablet":0,"ocean_menu_typo_line_height_mobile":0,"ocean_menu_typo_line_height_unit":"","ocean_menu_typo_spacing":0,"ocean_menu_typo_spacing_tablet":0,"ocean_menu_typo_spacing_mobile":0,"ocean_menu_typo_spacing_unit":"","ocean_menu_link_color":"","ocean_menu_link_color_hover":"","ocean_menu_link_color_active":"","ocean_menu_link_background":"","ocean_menu_link_hover_background":"","ocean_menu_link_active_background":"","ocean_menu_social_links_bg":"","ocean_menu_social_hover_links_bg":"","ocean_menu_social_links_color":"","ocean_menu_social_hover_links_color":"","ocean_disable_title":"default","ocean_disable_heading":"default","ocean_post_title":"","ocean_post_subheading":"","ocean_post_title_style":"","ocean_post_title_background_color":"","ocean_post_title_background":0,"ocean_post_title_bg_image_position":"","ocean_post_title_bg_image_attachment":"","ocean_post_title_bg_image_repeat":"","ocean_post_title_bg_image_size":"","ocean_post_title_height":0,"ocean_post_title_bg_overlay":0.5,"ocean_post_title_bg_overlay_color":"","ocean_disable_breadcrumbs":"default","ocean_breadcrumbs_color":"","ocean_breadcrumbs_separator_color":"","ocean_breadcrumbs_links_color":"","ocean_breadcrumbs_links_hover_color":"","ocean_display_footer_widgets":"default","ocean_display_footer_bottom":"default","ocean_custom_footer_template":""},"product_cat":[80],"product_tag":[],"class_list":{"0":"post-1955","1":"product","2":"type-product","3":"status-publish","4":"has-post-thumbnail","6":"product_cat-drzwi-zewnetrzne-fr","8":"entry","9":"has-media","11":"first","12":"instock","13":"shipping-taxable","14":"product-type-simple","15":"col","16":"span_1_of_3","17":"owp-content-left","18":"owp-thumbs-layout-horizontal","19":"owp-btn-normal","20":"owp-tabs-layout-section"},"_links":{"self":[{"href":"https:\/\/www.pawlikokna.pl\/fr\/wp-json\/wp\/v2\/product\/1955"}],"collection":[{"href":"https:\/\/www.pawlikokna.pl\/fr\/wp-json\/wp\/v2\/product"}],"about":[{"href":"https:\/\/www.pawlikokna.pl\/fr\/wp-json\/wp\/v2\/types\/product"}],"wp:featuredmedia":[{"embeddable":true,"href":"https:\/\/www.pawlikokna.pl\/fr\/wp-json\/wp\/v2\/media\/1958"}],"wp:attachment":[{"href":"https:\/\/www.pawlikokna.pl\/fr\/wp-json\/wp\/v2\/media?parent=1955"}],"wp:term":[{"taxonomy":"product_cat","embeddable":true,"href":"https:\/\/www.pawlikokna.pl\/fr\/wp-json\/wp\/v2\/product_cat?post=1955"},{"taxonomy":"product_tag","embeddable":true,"href":"https:\/\/www.pawlikokna.pl\/fr\/wp-json\/wp\/v2\/product_tag?post=1955"}],"curies":[{"name":"wp","href":"https:\/\/api.w.org\/{rel}","templated":true}]}}