{"id":2825,"date":"2018-09-17T08:08:38","date_gmt":"2018-09-17T08:08:38","guid":{"rendered":"https:\/\/www.pawlikokna.pl\/?post_type=product&#038;p=2825"},"modified":"2018-09-24T13:05:04","modified_gmt":"2018-09-24T13:05:04","slug":"bramy-garazowe","status":"publish","type":"product","link":"https:\/\/www.pawlikokna.pl\/fr\/produkt\/bramy-garazowe\/","title":{"rendered":"Bramy gara\u017cowe"},"content":{"rendered":"<h3><strong>Ciep\u0142o i spok\u00f3j w Twoim gara\u017cu<\/strong><\/h3>\n<p>Bramy segmentowe wyr\u00f3\u017cniaj\u0105 si\u0119 niskim wsp\u00f3\u0142czynnikiem przenikania ciep\u0142a oraz t\u0142umienia d\u017awi\u0119k\u00f3w dochodz\u0105cych z zewn\u0105trz. Dzi\u0119ki zastosowaniu pionowego prowadzenia p\u0142aszcza bramy, umo\u017cliwiaj\u0105 bezproblemowe i wygodne parkowanie nawet na kr\u00f3tkich podjazdach.<\/p>\n<h3><strong>Bezpiecze\u0144stwo i izolacja<\/strong><\/h3>\n<p>Panele bramowe o grubo\u015bci 40 mm zosta\u0142y wype\u0142nione piank\u0105 poliuretanow\u0105, co zapewnia wysoki poziom izolacji termicznej. Dzi\u0119ki przemy\u015blanej konstrukcji nasze bramy s\u0105 nie tylko ciep\u0142e,\u00a0 lecz r\u00f3wnie\u017c w pe\u0142ni bezpieczne w u\u017cytkowaniu.<\/p>\n<p><a href=\"https:\/\/www.pawlikokna.pl\/wp-content\/uploads\/2018\/09\/drzwi_HST_otwieranie-1.jpg\"><img fetchpriority=\"high\" decoding=\"async\" class=\"size-full wp-image-2826 aligncenter\" src=\"https:\/\/www.pawlikokna.pl\/wp-content\/uploads\/2018\/09\/drzwi_HST_otwieranie-1.jpg\" alt=\"\" width=\"708\" height=\"796\" srcset=\"https:\/\/www.pawlikokna.pl\/wp-content\/uploads\/2018\/09\/drzwi_HST_otwieranie-1.jpg 708w, https:\/\/www.pawlikokna.pl\/wp-content\/uploads\/2018\/09\/drzwi_HST_otwieranie-1-267x300.jpg 267w, https:\/\/www.pawlikokna.pl\/wp-content\/uploads\/2018\/09\/drzwi_HST_otwieranie-1-300x337.jpg 300w, https:\/\/www.pawlikokna.pl\/wp-content\/uploads\/2018\/09\/drzwi_HST_otwieranie-1-500x562.jpg 500w\" sizes=\"(max-width: 708px) 100vw, 708px\" \/><\/a><\/p>\n<h3><strong>Kolorystyka i wygl\u0105d bram<br \/>\n<\/strong><\/h3>\n<p>Wybierz bram\u0119 tak\u0105 jak chcesz. Aluplast oferuje mo\u017cliwo\u015b\u0107 szerokiej konfiguracji produktu pod wzgl\u0119dem koloru, wzoru przet\u0142ocze\u0144, faktury paneli oraz zastosowanych akcesori\u00f3w.<\/p>\n<p><a href=\"https:\/\/www.pawlikokna.pl\/wp-content\/uploads\/2018\/09\/drzwi_HST_otwieranie-2.jpg\"><img decoding=\"async\" class=\"size-full wp-image-2831 aligncenter\" src=\"https:\/\/www.pawlikokna.pl\/wp-content\/uploads\/2018\/09\/drzwi_HST_otwieranie-2.jpg\" alt=\"\" width=\"663\" height=\"450\" srcset=\"https:\/\/www.pawlikokna.pl\/wp-content\/uploads\/2018\/09\/drzwi_HST_otwieranie-2.jpg 663w, https:\/\/www.pawlikokna.pl\/wp-content\/uploads\/2018\/09\/drzwi_HST_otwieranie-2-300x204.jpg 300w, https:\/\/www.pawlikokna.pl\/wp-content\/uploads\/2018\/09\/drzwi_HST_otwieranie-2-500x339.jpg 500w\" sizes=\"(max-width: 663px) 100vw, 663px\" \/><\/a><\/p>\n<p>Nasze bramy wyposa\u017cone s\u0105 w\u00a0<strong>automatyk\u0119 marki Somfy<\/strong>. Nap\u0119dy Somfy serii Dexxo s\u0105 idealnym rozwi\u0105zaniem do bram segmentowych i uchylnych o powierzchni nawet do 15m<sup>2<\/sup>.<\/p>\n<p><iframe style=\"width: 100%; height: 600px;\" src=\"https:\/\/konfigurator.aluplast.net\/clients\/polska\/\"><span data-mce-type=\"bookmark\" style=\"display: inline-block; width: 0px; overflow: hidden; line-height: 0;\" class=\"mce_SELRES_start\">\ufeff<\/span><span data-mce-type=\"bookmark\" style=\"display: inline-block; width: 0px; overflow: hidden; line-height: 0;\" class=\"mce_SELRES_start\">\ufeff<\/span><\/iframe><\/p>\n","protected":false},"excerpt":{"rendered":"<p><strong>SOLIDNA KONSTRUKCJA &#8211; BEZPIECZNY DOM<\/strong><\/p>\n","protected":false},"featured_media":2148,"template":"","meta":{"ocean_post_layout":"","ocean_both_sidebars_style":"","ocean_both_sidebars_content_width":0,"ocean_both_sidebars_sidebars_width":0,"ocean_sidebar":"0","ocean_second_sidebar":"0","ocean_disable_margins":"enable","ocean_add_body_class":"","ocean_shortcode_before_top_bar":"","ocean_shortcode_after_top_bar":"","ocean_shortcode_before_header":"","ocean_shortcode_after_header":"","ocean_has_shortcode":"","ocean_shortcode_after_title":"","ocean_shortcode_before_footer_widgets":"","ocean_shortcode_after_footer_widgets":"","ocean_shortcode_before_footer_bottom":"","ocean_shortcode_after_footer_bottom":"","ocean_display_top_bar":"default","ocean_display_header":"default","ocean_header_style":"","ocean_center_header_left_menu":"0","ocean_custom_header_template":"0","ocean_custom_logo":0,"ocean_custom_retina_logo":0,"ocean_custom_logo_max_width":0,"ocean_custom_logo_tablet_max_width":0,"ocean_custom_logo_mobile_max_width":0,"ocean_custom_logo_max_height":0,"ocean_custom_logo_tablet_max_height":0,"ocean_custom_logo_mobile_max_height":0,"ocean_header_custom_menu":"0","ocean_menu_typo_font_family":"0","ocean_menu_typo_font_subset":"","ocean_menu_typo_font_size":0,"ocean_menu_typo_font_size_tablet":0,"ocean_menu_typo_font_size_mobile":0,"ocean_menu_typo_font_size_unit":"px","ocean_menu_typo_font_weight":"","ocean_menu_typo_font_weight_tablet":"","ocean_menu_typo_font_weight_mobile":"","ocean_menu_typo_transform":"","ocean_menu_typo_transform_tablet":"","ocean_menu_typo_transform_mobile":"","ocean_menu_typo_line_height":0,"ocean_menu_typo_line_height_tablet":0,"ocean_menu_typo_line_height_mobile":0,"ocean_menu_typo_line_height_unit":"","ocean_menu_typo_spacing":0,"ocean_menu_typo_spacing_tablet":0,"ocean_menu_typo_spacing_mobile":0,"ocean_menu_typo_spacing_unit":"","ocean_menu_link_color":"","ocean_menu_link_color_hover":"","ocean_menu_link_color_active":"","ocean_menu_link_background":"","ocean_menu_link_hover_background":"","ocean_menu_link_active_background":"","ocean_menu_social_links_bg":"","ocean_menu_social_hover_links_bg":"","ocean_menu_social_links_color":"","ocean_menu_social_hover_links_color":"","ocean_disable_title":"default","ocean_disable_heading":"default","ocean_post_title":"","ocean_post_subheading":"","ocean_post_title_style":"","ocean_post_title_background_color":"","ocean_post_title_background":0,"ocean_post_title_bg_image_position":"","ocean_post_title_bg_image_attachment":"","ocean_post_title_bg_image_repeat":"","ocean_post_title_bg_image_size":"","ocean_post_title_height":0,"ocean_post_title_bg_overlay":0.5,"ocean_post_title_bg_overlay_color":"","ocean_disable_breadcrumbs":"default","ocean_breadcrumbs_color":"","ocean_breadcrumbs_separator_color":"","ocean_breadcrumbs_links_color":"","ocean_breadcrumbs_links_hover_color":"","ocean_display_footer_widgets":"default","ocean_display_footer_bottom":"default","ocean_custom_footer_template":"0"},"product_cat":[51],"product_tag":[],"class_list":{"0":"post-2825","1":"product","2":"type-product","3":"status-publish","4":"has-post-thumbnail","6":"product_cat-drzwi-tarasowe","8":"entry","9":"has-media","11":"first","12":"instock","13":"shipping-taxable","14":"product-type-simple","15":"col","16":"span_1_of_3","17":"owp-content-left","18":"owp-thumbs-layout-horizontal","19":"owp-btn-normal","20":"owp-tabs-layout-section","21":"has-no-thumbnails"},"_links":{"self":[{"href":"https:\/\/www.pawlikokna.pl\/fr\/wp-json\/wp\/v2\/product\/2825"}],"collection":[{"href":"https:\/\/www.pawlikokna.pl\/fr\/wp-json\/wp\/v2\/product"}],"about":[{"href":"https:\/\/www.pawlikokna.pl\/fr\/wp-json\/wp\/v2\/types\/product"}],"wp:featuredmedia":[{"embeddable":true,"href":"https:\/\/www.pawlikokna.pl\/fr\/wp-json\/wp\/v2\/media\/2148"}],"wp:attachment":[{"href":"https:\/\/www.pawlikokna.pl\/fr\/wp-json\/wp\/v2\/media?parent=2825"}],"wp:term":[{"taxonomy":"product_cat","embeddable":true,"href":"https:\/\/www.pawlikokna.pl\/fr\/wp-json\/wp\/v2\/product_cat?post=2825"},{"taxonomy":"product_tag","embeddable":true,"href":"https:\/\/www.pawlikokna.pl\/fr\/wp-json\/wp\/v2\/product_tag?post=2825"}],"curies":[{"name":"wp","href":"https:\/\/api.w.org\/{rel}","templated":true}]}}