{"id":1879,"date":"2018-07-12T09:16:23","date_gmt":"2018-07-12T09:16:23","guid":{"rendered":"https:\/\/www.pawlikokna.pl\/produkt\/adaptacyjne\/"},"modified":"2018-07-12T09:16:23","modified_gmt":"2018-07-12T09:16:23","slug":"adaptacyjne","status":"publish","type":"product","link":"https:\/\/www.pawlikokna.pl\/it\/produkt\/adaptacyjne\/","title":{"rendered":"Adaptacyjne"},"content":{"rendered":"<p>RAK &#8211; Rolety Adaptacyjne Komfort<\/p>\n<ul class=\"info\">\n<li>Odmiana rolet adaptacyjnych do zabudowy z zewn\u0105trz z pokryw\u0105 rewizyjn\u0105 otwieran\u0105 od do\u0142u. Nowatorskie rozwi\u0105zanie z ca\u0142kowicie niewidoczn\u0105 skrzynk\u0105<\/li>\n<li>Idealne parametry izolacyjno\u015b\u0107 termicznej i akustycznej w po\u0142\u0105czeniu okna z rolet\u0105<\/li>\n<li>Przeznaczona do instalacji w budynkach nowobudowanych lub w trakcie modernizacji istniej\u0105cych budynk\u00f3w<\/li>\n<li>Wyj\u0105tkow\u0105 sztywno\u015b\u0107 konstrukcji zapewnia wykonana z t\u0142oczonego aluminium zewn\u0119trzna cz\u0119\u015b\u0107 skrzynki, na kt\u00f3rej montowana jest elewacja budynku oraz klapa rewizyjna<\/li>\n<li>Dost\u0119pne wielko\u015bci skrzynek to : 137, 150, 165, 180, 205 mm<\/li>\n<li>Szeroka gama kolor\u00f3w z palety RAL<\/li>\n<li>Mo\u017cliwo\u015b\u0107 oklejenia bogat\u0105 ofert\u0105 kolorowych folii dekoracyjnych i folii drewnopodobnych<\/li>\n<li>Mo\u017cliwo\u015b\u0107 zastosowania zintegrowanej, rolowanej siatki przeciwinsektowej<\/li>\n<\/ul>\n<p>RAR &#8211; Rolety Adaptacyjne Round-Line<\/p>\n<ul class=\"info\">\n<li style=\"list-style-type: none\">\n<ul class=\"info\">\n<li>Najnowsza wersja rolet adaptacyjnych<\/li>\n<li>Wyj\u0105tkowy, p\u00f3\u0142okr\u0105g\u0142y kszta\u0142t skrzynki oraz nak\u0142adek na prowadnice znalaz\u0142o szczeg\u00f3lne uznanie architekt\u00f3w stosuj\u0105cych je jako element architektoniczny nowoczesnego obiektu<\/li>\n<li>Obudowa oferowana w dw\u00f3ch wersjach: z blachy aluminiowej rolowanej lub z t\u0142oczonego aluminium<\/li>\n<\/ul>\n<\/li>\n<\/ul>\n<p>Alternatywne rozwi\u0105zanie dla tradycyjnych i popularnych system\u00f3w<\/p>\n<ul class=\"info\">\n<li>Dost\u0119pne wielko\u015bci skrzynek to : 137, 165, 180, 205 mm<\/li>\n<li>Szeroka gama kolor\u00f3w z palety RAL<\/li>\n<li>Mo\u017cliwo\u015b\u0107 zastosowania zintegrowanej, rolowanej siatki przeciwinsektowej<\/li>\n<\/ul>\n<p><iframe style=\"width: 100%; height: 600px;\" src=\"https:\/\/konfigurator.aluplast.net\/clients\/polska\/\"><span data-mce-type=\"bookmark\" style=\"display: inline-block; width: 0px; overflow: hidden; line-height: 0;\" class=\"mce_SELRES_start\">\ufeff<\/span><span data-mce-type=\"bookmark\" style=\"display: inline-block; width: 0px; overflow: hidden; line-height: 0;\" class=\"mce_SELRES_start\">\ufeff<\/span><\/iframe><\/p>\n","protected":false},"excerpt":{"rendered":"<p>RAS &#8211; Rolety Adaptacyjne Standart<\/p>\n<ul class=\"info\">\n<li>Najpopularniejszy system rolet adaptacyjnych<\/li>\n<li>Konstrukcja w ca\u0142o\u015bci wykonana z aluminium (skrzynka, boki, prowadnice)<\/li>\n<li>Przeznaczany do instalacji w budynkach z zamontowanymi wcze\u015bniej oknami<\/li>\n<li>Mo\u017cliwo\u015b\u0107 wykonania rolet o najwi\u0119kszych gabarytach<\/li>\n<li>Dost\u0119pne wielko\u015bci skrzynek to : 125, 137, 150, 165, 180, 205 mm<\/li>\n<li>Szeroka gama kolor\u00f3w z palety RAL<\/li>\n<li>Mo\u017cliwo\u015b\u0107 zastosowania zintegrowanej, rolowanej siatki przeciwinsektowej<\/li>\n<\/ul>\n","protected":false},"featured_media":1880,"template":"","meta":{"ocean_post_layout":"","ocean_both_sidebars_style":"","ocean_both_sidebars_content_width":0,"ocean_both_sidebars_sidebars_width":0,"ocean_sidebar":"","ocean_second_sidebar":"","ocean_disable_margins":"enable","ocean_add_body_class":"","ocean_shortcode_before_top_bar":"","ocean_shortcode_after_top_bar":"","ocean_shortcode_before_header":"","ocean_shortcode_after_header":"","ocean_has_shortcode":"","ocean_shortcode_after_title":"","ocean_shortcode_before_footer_widgets":"","ocean_shortcode_after_footer_widgets":"","ocean_shortcode_before_footer_bottom":"","ocean_shortcode_after_footer_bottom":"","ocean_display_top_bar":"default","ocean_display_header":"default","ocean_header_style":"","ocean_center_header_left_menu":"","ocean_custom_header_template":"","ocean_custom_logo":0,"ocean_custom_retina_logo":0,"ocean_custom_logo_max_width":0,"ocean_custom_logo_tablet_max_width":0,"ocean_custom_logo_mobile_max_width":0,"ocean_custom_logo_max_height":0,"ocean_custom_logo_tablet_max_height":0,"ocean_custom_logo_mobile_max_height":0,"ocean_header_custom_menu":"","ocean_menu_typo_font_family":"","ocean_menu_typo_font_subset":"","ocean_menu_typo_font_size":0,"ocean_menu_typo_font_size_tablet":0,"ocean_menu_typo_font_size_mobile":0,"ocean_menu_typo_font_size_unit":"px","ocean_menu_typo_font_weight":"","ocean_menu_typo_font_weight_tablet":"","ocean_menu_typo_font_weight_mobile":"","ocean_menu_typo_transform":"","ocean_menu_typo_transform_tablet":"","ocean_menu_typo_transform_mobile":"","ocean_menu_typo_line_height":0,"ocean_menu_typo_line_height_tablet":0,"ocean_menu_typo_line_height_mobile":0,"ocean_menu_typo_line_height_unit":"","ocean_menu_typo_spacing":0,"ocean_menu_typo_spacing_tablet":0,"ocean_menu_typo_spacing_mobile":0,"ocean_menu_typo_spacing_unit":"","ocean_menu_link_color":"","ocean_menu_link_color_hover":"","ocean_menu_link_color_active":"","ocean_menu_link_background":"","ocean_menu_link_hover_background":"","ocean_menu_link_active_background":"","ocean_menu_social_links_bg":"","ocean_menu_social_hover_links_bg":"","ocean_menu_social_links_color":"","ocean_menu_social_hover_links_color":"","ocean_disable_title":"default","ocean_disable_heading":"default","ocean_post_title":"","ocean_post_subheading":"","ocean_post_title_style":"","ocean_post_title_background_color":"","ocean_post_title_background":0,"ocean_post_title_bg_image_position":"","ocean_post_title_bg_image_attachment":"","ocean_post_title_bg_image_repeat":"","ocean_post_title_bg_image_size":"","ocean_post_title_height":0,"ocean_post_title_bg_overlay":0.5,"ocean_post_title_bg_overlay_color":"","ocean_disable_breadcrumbs":"default","ocean_breadcrumbs_color":"","ocean_breadcrumbs_separator_color":"","ocean_breadcrumbs_links_color":"","ocean_breadcrumbs_links_hover_color":"","ocean_display_footer_widgets":"default","ocean_display_footer_bottom":"default","ocean_custom_footer_template":""},"product_cat":[84],"product_tag":[],"class_list":{"0":"post-1879","1":"product","2":"type-product","3":"status-publish","4":"has-post-thumbnail","6":"product_cat-rolety-zewnetrzne-it","8":"entry","9":"has-media","11":"first","12":"instock","13":"shipping-taxable","14":"product-type-simple","15":"col","16":"span_1_of_3","17":"owp-content-left","18":"owp-thumbs-layout-horizontal","19":"owp-btn-normal","20":"owp-tabs-layout-section"},"_links":{"self":[{"href":"https:\/\/www.pawlikokna.pl\/it\/wp-json\/wp\/v2\/product\/1879"}],"collection":[{"href":"https:\/\/www.pawlikokna.pl\/it\/wp-json\/wp\/v2\/product"}],"about":[{"href":"https:\/\/www.pawlikokna.pl\/it\/wp-json\/wp\/v2\/types\/product"}],"wp:featuredmedia":[{"embeddable":true,"href":"https:\/\/www.pawlikokna.pl\/it\/wp-json\/wp\/v2\/media\/1880"}],"wp:attachment":[{"href":"https:\/\/www.pawlikokna.pl\/it\/wp-json\/wp\/v2\/media?parent=1879"}],"wp:term":[{"taxonomy":"product_cat","embeddable":true,"href":"https:\/\/www.pawlikokna.pl\/it\/wp-json\/wp\/v2\/product_cat?post=1879"},{"taxonomy":"product_tag","embeddable":true,"href":"https:\/\/www.pawlikokna.pl\/it\/wp-json\/wp\/v2\/product_tag?post=1879"}],"curies":[{"name":"wp","href":"https:\/\/api.w.org\/{rel}","templated":true}]}}