{"id":2032,"date":"2018-06-28T12:59:37","date_gmt":"2018-06-28T12:59:37","guid":{"rendered":"https:\/\/www.pawlikokna.pl\/produkt\/softline-82-md\/"},"modified":"2018-06-28T12:59:37","modified_gmt":"2018-06-28T12:59:37","slug":"softline-82-md","status":"publish","type":"product","link":"https:\/\/www.pawlikokna.pl\/it\/produkt\/softline-82-md\/","title":{"rendered":"Softline 82 MD"},"content":{"rendered":"<p>&#8211; \u0141agodnie zarysowane kszta\u0142ty. Ni\u017csza wysoko\u015b\u0107 konstrukcji pozwala na lepsze do\u015bwietlenie mieszkania.<br \/>\n&#8211; Wielokomorowa konstrukcja. Trzy komory zapewniaj\u0105 doskona\u0142\u0105 izolacj\u0119 termiczn\u0105 i akustyczn\u0105.<br \/>\n&#8211; Dwupowierzchniowe uszczelki zamocowane ze spadkiem 15 stopni licuj\u0105 si\u0119 z profilem i gwarantuj\u0105 doskona\u0142e odprowadzanie wody.<br \/>\n&#8211; Specjalna uszczelka z komor\u0105 chroni przed przenikaniem wilgoci i powietrza.<br \/>\n&#8211; Grubo\u015b\u0107 \u015bcianek profila odpowiada normom RAL.<br \/>\n&#8211; Idealnie g\u0142adkie powierzchnie z tworzywa ca\u0142kowicie odpornego na oddzia\u0142ywanie czynnik\u00f3w atmosferycznych i starzenie si\u0119, nie wymagaj\u0105ce malowania.<br \/>\n&#8211; Wr\u0105b okuciowy usytuowany w osi 13 mm pozwala na zastosowanie mocniejszych element\u00f3w okuciowych.<br \/>\n&#8211; Specjalna konstrukcja wzmocnienia skrzyd\u0142a gwarantuje idealn\u0105 statyk\u0119 i bezpiecze\u0144stwo.<br \/>\n&#8211; Dodatkowe u\u017cebrowanie ramy zapewnia stabilne zamocowanie zaczep\u00f3w okuciowych.<br \/>\n&#8211; Doskona\u0142e odprowadzanie wody zapewnia specjalna konstrukcja przedniej komory ramy.<br \/>\n&#8211; Uk\u0142ad trzech uszczelek (zewn\u0119trznej, \u015brodkowej i wewn\u0119trznej) doskonale izoluje ha\u0142as, wilgo\u0107, zimno i przeci\u0105gi. Uszczelka \u015brodkowa jest solidnie zamocowana do ramy.<\/p>\n<p><iframe style=\"width: 100%; height: 600px;\" src=\"https:\/\/konfigurator.aluplast.net\/clients\/polska\/\"><span data-mce-type=\"bookmark\" style=\"display: inline-block; width: 0px; overflow: hidden; line-height: 0;\" class=\"mce_SELRES_start\">\ufeff<\/span><span data-mce-type=\"bookmark\" style=\"display: inline-block; width: 0px; overflow: hidden; line-height: 0;\" class=\"mce_SELRES_start\">\ufeff<\/span><\/iframe><\/p>\n","protected":false},"excerpt":{"rendered":"<p>&#8211; \u0141agodnie zarysowane kszta\u0142ty. Ni\u017csza wysoko\u015b\u0107 konstrukcji pozwala na lepsze do\u015bwietlenie mieszkania. &#8211; Wielokomorowa konstrukcja. Trzy komory zapewniaj\u0105 doskona\u0142\u0105 izolacj\u0119 termiczn\u0105 i akustyczn\u0105. &#8211; Dwupowierzchniowe uszczelki zamocowane ze spadkiem 15 stopni licuj\u0105 si\u0119 z profilem i gwarantuj\u0105 doskona\u0142e odprowadzanie wody. &#8211; Specjalna uszczelka z komor\u0105 chroni przed przenikaniem wilgoci i powietrza. &#8211; Grubo\u015b\u0107 \u015bcianek profila [&hellip;]<\/p>\n","protected":false},"featured_media":2033,"template":"","meta":{"ocean_post_layout":"","ocean_both_sidebars_style":"","ocean_both_sidebars_content_width":0,"ocean_both_sidebars_sidebars_width":0,"ocean_sidebar":"","ocean_second_sidebar":"","ocean_disable_margins":"enable","ocean_add_body_class":"","ocean_shortcode_before_top_bar":"","ocean_shortcode_after_top_bar":"","ocean_shortcode_before_header":"","ocean_shortcode_after_header":"","ocean_has_shortcode":"","ocean_shortcode_after_title":"","ocean_shortcode_before_footer_widgets":"","ocean_shortcode_after_footer_widgets":"","ocean_shortcode_before_footer_bottom":"","ocean_shortcode_after_footer_bottom":"","ocean_display_top_bar":"default","ocean_display_header":"default","ocean_header_style":"","ocean_center_header_left_menu":"","ocean_custom_header_template":"","ocean_custom_logo":0,"ocean_custom_retina_logo":0,"ocean_custom_logo_max_width":0,"ocean_custom_logo_tablet_max_width":0,"ocean_custom_logo_mobile_max_width":0,"ocean_custom_logo_max_height":0,"ocean_custom_logo_tablet_max_height":0,"ocean_custom_logo_mobile_max_height":0,"ocean_header_custom_menu":"","ocean_menu_typo_font_family":"","ocean_menu_typo_font_subset":"","ocean_menu_typo_font_size":0,"ocean_menu_typo_font_size_tablet":0,"ocean_menu_typo_font_size_mobile":0,"ocean_menu_typo_font_size_unit":"px","ocean_menu_typo_font_weight":"","ocean_menu_typo_font_weight_tablet":"","ocean_menu_typo_font_weight_mobile":"","ocean_menu_typo_transform":"","ocean_menu_typo_transform_tablet":"","ocean_menu_typo_transform_mobile":"","ocean_menu_typo_line_height":0,"ocean_menu_typo_line_height_tablet":0,"ocean_menu_typo_line_height_mobile":0,"ocean_menu_typo_line_height_unit":"","ocean_menu_typo_spacing":0,"ocean_menu_typo_spacing_tablet":0,"ocean_menu_typo_spacing_mobile":0,"ocean_menu_typo_spacing_unit":"","ocean_menu_link_color":"","ocean_menu_link_color_hover":"","ocean_menu_link_color_active":"","ocean_menu_link_background":"","ocean_menu_link_hover_background":"","ocean_menu_link_active_background":"","ocean_menu_social_links_bg":"","ocean_menu_social_hover_links_bg":"","ocean_menu_social_links_color":"","ocean_menu_social_hover_links_color":"","ocean_disable_title":"default","ocean_disable_heading":"default","ocean_post_title":"","ocean_post_subheading":"","ocean_post_title_style":"","ocean_post_title_background_color":"","ocean_post_title_background":0,"ocean_post_title_bg_image_position":"","ocean_post_title_bg_image_attachment":"","ocean_post_title_bg_image_repeat":"","ocean_post_title_bg_image_size":"","ocean_post_title_height":0,"ocean_post_title_bg_overlay":0.5,"ocean_post_title_bg_overlay_color":"","ocean_disable_breadcrumbs":"default","ocean_breadcrumbs_color":"","ocean_breadcrumbs_separator_color":"","ocean_breadcrumbs_links_color":"","ocean_breadcrumbs_links_hover_color":"","ocean_display_footer_widgets":"default","ocean_display_footer_bottom":"default","ocean_custom_footer_template":""},"product_cat":[65],"product_tag":[],"class_list":{"0":"post-2032","1":"product","2":"type-product","3":"status-publish","4":"has-post-thumbnail","6":"product_cat-systemy-okien-it","8":"entry","9":"has-media","11":"first","12":"instock","13":"shipping-taxable","14":"product-type-simple","15":"col","16":"span_1_of_3","17":"owp-content-left","18":"owp-thumbs-layout-horizontal","19":"owp-btn-normal","20":"owp-tabs-layout-section","21":"has-no-thumbnails"},"_links":{"self":[{"href":"https:\/\/www.pawlikokna.pl\/it\/wp-json\/wp\/v2\/product\/2032"}],"collection":[{"href":"https:\/\/www.pawlikokna.pl\/it\/wp-json\/wp\/v2\/product"}],"about":[{"href":"https:\/\/www.pawlikokna.pl\/it\/wp-json\/wp\/v2\/types\/product"}],"wp:featuredmedia":[{"embeddable":true,"href":"https:\/\/www.pawlikokna.pl\/it\/wp-json\/wp\/v2\/media\/2033"}],"wp:attachment":[{"href":"https:\/\/www.pawlikokna.pl\/it\/wp-json\/wp\/v2\/media?parent=2032"}],"wp:term":[{"taxonomy":"product_cat","embeddable":true,"href":"https:\/\/www.pawlikokna.pl\/it\/wp-json\/wp\/v2\/product_cat?post=2032"},{"taxonomy":"product_tag","embeddable":true,"href":"https:\/\/www.pawlikokna.pl\/it\/wp-json\/wp\/v2\/product_tag?post=2032"}],"curies":[{"name":"wp","href":"https:\/\/api.w.org\/{rel}","templated":true}]}}