{"id":2047,"date":"2018-06-28T12:53:19","date_gmt":"2018-06-28T12:53:19","guid":{"rendered":"https:\/\/www.pawlikokna.pl\/produkt\/ideal-7000-new-85mm\/"},"modified":"2018-06-28T12:53:19","modified_gmt":"2018-06-28T12:53:19","slug":"ideal-7000-new-85mm","status":"publish","type":"product","link":"https:\/\/www.pawlikokna.pl\/it\/produkt\/ideal-7000-new-85mm\/","title":{"rendered":"Ideal 7000 NEW 85mm"},"content":{"rendered":"<p>System o szeroko\u015bci 85 mm, z uszczelnieniem zewn\u0119trznym, sze\u015bciokomorowy<\/p>\n<p>Nowoczesna architektura wymaga nowych standard\u00f3w. Zmieniaj\u0105ce si\u0119 wymagania prawne stawiane stolarce budowlanej w najbli\u017cszym czasie, jak r\u00f3wnie\u017c przede wszystkim oczekiwania klient\u00f3w poszukuj\u0105cych coraz cieplejszych okien to tendencje wobec kt\u00f3rych nie mo\u017cna pozostawa\u0107 oboj\u0119tnym.<\/p>\n<p>Nowy system Ideal 7000 NEW 85 mm jest kolejn\u0105 propozycj\u0105 firmy aluplast dedykowan\u0105 dla budownictwa energooszcz\u0119dnego. G\u0142\u0119boko\u015b\u0107 zabudowy profili wynosz\u0105ca 85 mm oraz sze\u015bciokomorowa budowa gwarantuj\u0105 ponadprzeci\u0119tne w\u0142a\u015bciwo\u015bci izolacyjno\u015bci termicznej. Jest to nowa seria w ramach linii profili o g\u0142\u0119boko\u015bci zabudowy 85 mm. Zapewnia to pe\u0142n\u0105 kompatybilno\u015b\u0107 z wprowadzonym w ubieg\u0142ym roku systemem drzwi zewn\u0119trznych 85 mm, jak r\u00f3wnie\u017c zaprezentowanym na pocz\u0105tku tego roku nowym systemem drzwi unoszono-przesuwnych HST 85 mm. R\u00f3\u017cnica w stosunku do wyr\u00f3\u017cnionego Z\u0142otym Medalem 2013 MTP systemu Ideal 8000 polega jedynie na sposobie uszczelnienia, gdy\u017c profile Ideal 7000 NEW to systemy z uszczelnieniem zewn\u0119trznym. Dzi\u0119ki takiej konstrukcji mamy mi\u0119dzy innymi mo\u017cliwo\u015b\u0107 zaoferowania energooszcz\u0119dnego rozwi\u0105zania dla konstrukcji sta\u0142oszklonych, bez konieczno\u015bci stosowania adapter\u00f3w. Szeroki wyb\u00f3r r\u00f3\u017cnego rodzaju listew przyszybowych oraz mo\u017cliwo\u015b\u0107 zastosowania w tym systemie pakiet\u00f3w szybowych o szeroko\u015bci do 51 mm pozwala na tworzenie okien charakteryzuj\u0105cych si\u0119 znakomitymi w\u0142a\u015bciwo\u015bciami w zakresie izolacyjno\u015bci cieplnej.<\/p>\n<p><iframe style=\"width: 100%; height: 600px;\" src=\"https:\/\/konfigurator.aluplast.net\/clients\/polska\/\"><span data-mce-type=\"bookmark\" style=\"display: inline-block; width: 0px; overflow: hidden; line-height: 0;\" class=\"mce_SELRES_start\">\ufeff<\/span><span data-mce-type=\"bookmark\" style=\"display: inline-block; width: 0px; overflow: hidden; line-height: 0;\" class=\"mce_SELRES_start\">\ufeff<\/span><\/iframe><\/p>\n","protected":false},"excerpt":{"rendered":"<p>System o szeroko\u015bci 85 mm, z uszczelnieniem zewn\u0119trznym, sze\u015bciokomorowy Nowoczesna architektura wymaga nowych standard\u00f3w. Zmieniaj\u0105ce si\u0119 wymagania prawne stawiane stolarce budowlanej w najbli\u017cszym czasie, jak r\u00f3wnie\u017c przede wszystkim oczekiwania klient\u00f3w poszukuj\u0105cych coraz cieplejszych okien to tendencje wobec kt\u00f3rych nie mo\u017cna pozostawa\u0107 oboj\u0119tnym. Nowy system Ideal 7000 NEW 85 mm jest kolejn\u0105 propozycj\u0105 firmy aluplast dedykowan\u0105 [&hellip;]<\/p>\n","protected":false},"featured_media":2674,"template":"","meta":{"ocean_post_layout":"","ocean_both_sidebars_style":"","ocean_both_sidebars_content_width":0,"ocean_both_sidebars_sidebars_width":0,"ocean_sidebar":"","ocean_second_sidebar":"","ocean_disable_margins":"enable","ocean_add_body_class":"","ocean_shortcode_before_top_bar":"","ocean_shortcode_after_top_bar":"","ocean_shortcode_before_header":"","ocean_shortcode_after_header":"","ocean_has_shortcode":"","ocean_shortcode_after_title":"","ocean_shortcode_before_footer_widgets":"","ocean_shortcode_after_footer_widgets":"","ocean_shortcode_before_footer_bottom":"","ocean_shortcode_after_footer_bottom":"","ocean_display_top_bar":"default","ocean_display_header":"default","ocean_header_style":"","ocean_center_header_left_menu":"","ocean_custom_header_template":"","ocean_custom_logo":0,"ocean_custom_retina_logo":0,"ocean_custom_logo_max_width":0,"ocean_custom_logo_tablet_max_width":0,"ocean_custom_logo_mobile_max_width":0,"ocean_custom_logo_max_height":0,"ocean_custom_logo_tablet_max_height":0,"ocean_custom_logo_mobile_max_height":0,"ocean_header_custom_menu":"","ocean_menu_typo_font_family":"","ocean_menu_typo_font_subset":"","ocean_menu_typo_font_size":0,"ocean_menu_typo_font_size_tablet":0,"ocean_menu_typo_font_size_mobile":0,"ocean_menu_typo_font_size_unit":"px","ocean_menu_typo_font_weight":"","ocean_menu_typo_font_weight_tablet":"","ocean_menu_typo_font_weight_mobile":"","ocean_menu_typo_transform":"","ocean_menu_typo_transform_tablet":"","ocean_menu_typo_transform_mobile":"","ocean_menu_typo_line_height":0,"ocean_menu_typo_line_height_tablet":0,"ocean_menu_typo_line_height_mobile":0,"ocean_menu_typo_line_height_unit":"","ocean_menu_typo_spacing":0,"ocean_menu_typo_spacing_tablet":0,"ocean_menu_typo_spacing_mobile":0,"ocean_menu_typo_spacing_unit":"","ocean_menu_link_color":"","ocean_menu_link_color_hover":"","ocean_menu_link_color_active":"","ocean_menu_link_background":"","ocean_menu_link_hover_background":"","ocean_menu_link_active_background":"","ocean_menu_social_links_bg":"","ocean_menu_social_hover_links_bg":"","ocean_menu_social_links_color":"","ocean_menu_social_hover_links_color":"","ocean_disable_title":"default","ocean_disable_heading":"default","ocean_post_title":"","ocean_post_subheading":"","ocean_post_title_style":"","ocean_post_title_background_color":"","ocean_post_title_background":0,"ocean_post_title_bg_image_position":"","ocean_post_title_bg_image_attachment":"","ocean_post_title_bg_image_repeat":"","ocean_post_title_bg_image_size":"","ocean_post_title_height":0,"ocean_post_title_bg_overlay":0.5,"ocean_post_title_bg_overlay_color":"","ocean_disable_breadcrumbs":"default","ocean_breadcrumbs_color":"","ocean_breadcrumbs_separator_color":"","ocean_breadcrumbs_links_color":"","ocean_breadcrumbs_links_hover_color":"","ocean_display_footer_widgets":"default","ocean_display_footer_bottom":"default","ocean_custom_footer_template":""},"product_cat":[65],"product_tag":[],"class_list":{"0":"post-2047","1":"product","2":"type-product","3":"status-publish","4":"has-post-thumbnail","6":"product_cat-systemy-okien-it","8":"entry","9":"has-media","11":"first","12":"instock","13":"shipping-taxable","14":"product-type-simple","15":"col","16":"span_1_of_3","17":"owp-content-left","18":"owp-thumbs-layout-horizontal","19":"owp-btn-normal","20":"owp-tabs-layout-section","21":"has-no-thumbnails"},"_links":{"self":[{"href":"https:\/\/www.pawlikokna.pl\/it\/wp-json\/wp\/v2\/product\/2047"}],"collection":[{"href":"https:\/\/www.pawlikokna.pl\/it\/wp-json\/wp\/v2\/product"}],"about":[{"href":"https:\/\/www.pawlikokna.pl\/it\/wp-json\/wp\/v2\/types\/product"}],"wp:featuredmedia":[{"embeddable":true,"href":"https:\/\/www.pawlikokna.pl\/it\/wp-json\/wp\/v2\/media\/2674"}],"wp:attachment":[{"href":"https:\/\/www.pawlikokna.pl\/it\/wp-json\/wp\/v2\/media?parent=2047"}],"wp:term":[{"taxonomy":"product_cat","embeddable":true,"href":"https:\/\/www.pawlikokna.pl\/it\/wp-json\/wp\/v2\/product_cat?post=2047"},{"taxonomy":"product_tag","embeddable":true,"href":"https:\/\/www.pawlikokna.pl\/it\/wp-json\/wp\/v2\/product_tag?post=2047"}],"curies":[{"name":"wp","href":"https:\/\/api.w.org\/{rel}","templated":true}]}}