{"id":2817,"date":"2018-09-17T08:04:01","date_gmt":"2018-09-17T08:04:01","guid":{"rendered":"https:\/\/www.pawlikokna.pl\/?post_type=product&#038;p=2817"},"modified":"2018-09-24T13:30:09","modified_gmt":"2018-09-24T13:30:09","slug":"systemy-hst","status":"publish","type":"product","link":"https:\/\/www.pawlikokna.pl\/it\/produkt\/systemy-hst\/","title":{"rendered":"HST \u2013 System unoszono przesuwny z niskim progiem"},"content":{"rendered":"<div class=\"text\">\n<p><strong>JEDEN SYSTEM \u2013 TRZY ROZWI\u0104ZANIA<\/strong><\/p>\n<p>Od pocz\u0105tku tego roku dost\u0119pny jest nowy system drzwi HST 85 mm, kt\u00f3ry jest z jednej strony odpowiedzi\u0105 na oczekiwania w zakresie tworzenia coraz wi\u0119kszych konstrukcji\u00a0okiennych, a z drugiej strony poprzez zmiany konstrukcyjne, a przede wszystkim mo\u017cliwo\u015b\u0107 stosowania szerszych pakiet\u00f3w szybowych o szeroko\u015bci do 51 mm, pozwala uzyskiwa\u0107\u00a0ponadprzeci\u0119tne w\u0142a\u015bciwo\u015bci w zakresie izolacyjno\u015bci cieplnej. Nowo\u015bci\u0105 w tym segmencie jest modu\u0142owy charakter konstrukcji, co umo\u017cliwia trzy dowolne konfiguracje produktu, w\u00a0zale\u017cno\u015bci od oczekiwanych parametr\u00f3w cieplnych.<\/p>\n<p>Dzi\u0119ki swobodzie wyboru r\u00f3\u017cnych kombinacji profili w cz\u0119\u015bci nadpro\u017ca drzwi i w cz\u0119\u015bci progowej mamy mo\u017cliwo\u015b\u0107 wyboru mi\u0119dzy trzema opcjami: Basic, Standard i Premium, kt\u00f3re\u00a0skierowane s\u0105 do r\u00f3\u017cnych grup odbiorc\u00f3w o zr\u00f3\u017cnicowanych wymaganiach odno\u015bnie izolacyjno\u015bci termicznej.<\/p>\n<p>Zmiany w konstrukcji kszta\u0142townik\u00f3w pozwoli\u0142y na zdecydowan\u0105 popraw\u0119 przenikalno\u015bci termicznej zestawie\u0144 profili , co w zale\u017cno\u015bci od wybranej opcji pozwala na uzyskanie\u00a0\u015bredniej wa\u017conej warto\u015bci wsp\u00f3\u0142czynnika przenikania ciep\u0142a U<sub>f<\/sub>\u00a0= od 1,5 W(m<sup>2<\/sup>* K) w wersji Basic, poprzez U<sub>f<\/sub>= 1,3 W(m<sup>2<\/sup>\u00a0* K) w wersji Standard do U<sub>f<\/sub>\u00a0= 1,1 W(m<sup>2<\/sup>* K) w wersji\u00a0Premium. Mimo swoich ogromnych rozmiar\u00f3w drzwi HST pozostaj\u0105 wi\u0119c skuteczn\u0105 barier\u0105 przed ucieczk\u0105 ciep\u0142a.<\/p>\n<p>Poni\u017csza tabela prezentuje natomiast warto\u015bci wsp\u00f3\u0142czynnika przenikania ciep\u0142a Uw dla przyk\u0142adowych drzwi HST (SCHEMAT A) o wymiarach 4000 x 2300 mm przeszklonych szyb\u0105\u00a0dwukomorow\u0105 o wsp\u00f3\u0142czynniku przenikania ciep\u0142a dla \u015brodkowej cz\u0119\u015bci szyby Ug = 0,5 W(m<sup>2<\/sup>\u00a0* K) oraz Ug = 0,7 W(m<sup>2<\/sup>\u00a0* K) i warto\u015bci liniowego wsp\u00f3\u0142czynnika przenikania ciep\u0142a\u00a0mostka termicznego na styku szyby z ram\u0105 \u03a8 = 0,04 W(m<sup>2<\/sup>\u00a0* K)<\/p>\n<p><strong>FUNKCJONALNO\u015a\u0106 I \u0141ATWO\u015a\u0106 OBS\u0141UGI<\/strong><\/p>\n<p>Niew\u0105tpliw\u0105 zalet\u0105 tego typu drzwi tarasowych s\u0105 mo\u017cliwe do wykonania konstrukcje o ca\u0142kowitej rozpi\u0119to\u015bci do 6 metr\u00f3w oraz maksymalne wymiary skrzyde\u0142, kt\u00f3re osi\u0105gaj\u0105 warto\u015bci\u00a03000x2500mm. Przekr\u0119cenie du\u017cej klamki w d\u00f3\u0142, z pozycji zamkni\u0119cia, powoduje uniesienie skrzyd\u0142a o kilka milimetr\u00f3w, zwolnienie docisku uszczelek i mo\u017cliwo\u015b\u0107 swobodnego\u00a0przesuwania skrzyde\u0142.<\/p>\n<p>Drzwi balkonowe typu HST mog\u0105 wyst\u0119powa\u0107 w co najmniej kilku r\u00f3\u017cnych wersjach i uk\u0142adach skrzyde\u0142 oraz cz\u0119\u015bci nieotwieranych. R\u00f3\u017cnorodno\u015b\u0107 konstrukcji jest jedn\u0105 z\u00a0niezaprzeczalnych zalet tego rozwi\u0105zania. Najpopularniejsze schematy drzwi HST to:<\/p>\n<p>&#8211; 2-kwaterowe \u2013 z jednym lub oboma skrzyd\u0142ami ruchomymi<\/p>\n<p>&#8211; 4-kwaterowe \u2013 z dwoma \u015brodkowymi lub wszystkimi skrzyd\u0142ami ruchomymi<\/p>\n<p>Specjalistyczne okucia okienne gwarantuj\u0105, \u017ce skrzyd\u0142a swobodnie i bez najmniejszego oporu przesuwaj\u0105 si\u0119 wzgl\u0119dem siebie lub wzgl\u0119dem nieotwieranych cz\u0119\u015bci konstrukcji. W tym\u00a0rozwi\u0105zaniu uszczelnienie realizowane jest za pomoc\u0105 zintegrowanych uszczelek, co gwarantuje wysok\u0105 szczelno\u015b\u0107. \u00a0Odpowiednia szczelno\u015b\u0107 przestrzeni pomi\u0119dzy poruszaj\u0105cymi si\u0119\u00a0skrzyd\u0142ami drzwi HST, w chwili gdy pozostaj\u0105 one w pozycji zamkni\u0119tej, zapewniona jest przez specjalny uk\u0142ad nak\u0142adaj\u0105cych si\u0119 na siebie zaczep\u00f3w wyposa\u017conych w system uszczelek\u00a0przylgowych.<\/p>\n<p>Poni\u017cszy rysunek m\u00f3wi w\u0142a\u015bciwie wszystko o zaletach drzwi HST w kszta\u0142towaniu powierzchni u\u017cytkowej i mieszkalnej. B\u0119d\u0105ce alternatyw\u0105 dla drzwi przesuwnych, klasyczne drzwi\u00a0balkonowe po otwarciu skrzyde\u0142 wchodz\u0105 bardzo g\u0142\u0119boko w\u00a0przestrze\u0144 mieszkaln\u0105, determinuj\u0105c mo\u017cliwe rozwi\u0105zania zwi\u0105zane z zagospodarowaniem wn\u0119trz pomieszcze\u0144.\u00a0Mimo wi\u0119kszej g\u0142\u0119boko\u015bci zabudowy od klasycznych drzwi balkonowych, to w\u0142a\u015bnie drzwi HST pozostawiaj\u0105 wi\u0119cej swobody w dysponowaniu powierzchni\u0105.<\/p>\n<p><img fetchpriority=\"high\" decoding=\"async\" class=\"size-medium wp-image-2818 alignnone\" src=\"https:\/\/www.pawlikokna.pl\/wp-content\/uploads\/2018\/09\/drzwi_HST_otwieranie-300x172.jpg\" alt=\"\" width=\"600\" height=\"344\" srcset=\"https:\/\/www.pawlikokna.pl\/wp-content\/uploads\/2018\/09\/drzwi_HST_otwieranie-300x172.jpg 300w, https:\/\/www.pawlikokna.pl\/wp-content\/uploads\/2018\/09\/drzwi_HST_otwieranie-500x286.jpg 500w, https:\/\/www.pawlikokna.pl\/wp-content\/uploads\/2018\/09\/drzwi_HST_otwieranie.jpg 604w\" sizes=\"(max-width: 600px) 100vw, 600px\" \/><\/p>\n<p>Je\u015bli do tego dodamy nieograniczon\u0105 wr\u0119cz ilo\u015b\u0107 \u015bwiat\u0142a dziennego docieraj\u0105c\u0105 do pomieszcze\u0144 przez olbrzymie przeszklone powierzchnie skrzyde\u0142 i likwidacj\u0119 ewentualnych barier\u00a0komunikacyjnych poprzez niskoprogow\u0105 konstrukcj\u0119 drzwi, to czeg\u00f3\u017c mo\u017cna oczekiwa\u0107 wi\u0119cej od drzwi balkonowych. Jednym s\u0142owem.<\/p>\n<p><strong>HARMONIA PRZESTRZENI, SPRAWNO\u015a\u0106 DZIA\u0141ANIA, TRWA\u0141O\u015a\u0106 i KOMFORT U\u017bYTKOWANIA<\/strong><\/p>\n<p>&nbsp;<\/p>\n<\/div>\n<p><iframe style=\"width: 100%; height: 600px;\" src=\"https:\/\/konfigurator.aluplast.net\/clients\/polska\/\"><span data-mce-type=\"bookmark\" style=\"display: inline-block; width: 0px; overflow: hidden; line-height: 0;\" class=\"mce_SELRES_start\">\ufeff<\/span><span data-mce-type=\"bookmark\" style=\"display: inline-block; width: 0px; overflow: hidden; line-height: 0;\" class=\"mce_SELRES_start\">\ufeff<\/span><\/iframe><\/p>\n","protected":false},"excerpt":{"rendered":"<p><strong>Drzwi unoszono &#8211; przesuwne HST<\/strong><br \/>\nNowe drzwi unoszono-przesuwne aluplast HST 85 mm s\u0105 ewenementem na rynku: s\u0105 dost\u0119pne w trzech r\u00f3\u017cnych wariantach, w zale\u017cno\u015bci od wymaga\u0144 stawianych izolacyjno\u015bci cieplnej: od wersji basic, poprzez wersj\u0119 standard, a\u017c po wersj\u0119 premium, kt\u00f3ra spe\u0142nia najwy\u017csze wymagania dla dom\u00f3w pasywnych.<\/p>\n","protected":false},"featured_media":2737,"template":"","meta":{"ocean_post_layout":"","ocean_both_sidebars_style":"","ocean_both_sidebars_content_width":0,"ocean_both_sidebars_sidebars_width":0,"ocean_sidebar":"0","ocean_second_sidebar":"0","ocean_disable_margins":"enable","ocean_add_body_class":"","ocean_shortcode_before_top_bar":"","ocean_shortcode_after_top_bar":"","ocean_shortcode_before_header":"","ocean_shortcode_after_header":"","ocean_has_shortcode":"","ocean_shortcode_after_title":"","ocean_shortcode_before_footer_widgets":"","ocean_shortcode_after_footer_widgets":"","ocean_shortcode_before_footer_bottom":"","ocean_shortcode_after_footer_bottom":"","ocean_display_top_bar":"default","ocean_display_header":"default","ocean_header_style":"","ocean_center_header_left_menu":"0","ocean_custom_header_template":"0","ocean_custom_logo":0,"ocean_custom_retina_logo":0,"ocean_custom_logo_max_width":0,"ocean_custom_logo_tablet_max_width":0,"ocean_custom_logo_mobile_max_width":0,"ocean_custom_logo_max_height":0,"ocean_custom_logo_tablet_max_height":0,"ocean_custom_logo_mobile_max_height":0,"ocean_header_custom_menu":"0","ocean_menu_typo_font_family":"0","ocean_menu_typo_font_subset":"","ocean_menu_typo_font_size":0,"ocean_menu_typo_font_size_tablet":0,"ocean_menu_typo_font_size_mobile":0,"ocean_menu_typo_font_size_unit":"px","ocean_menu_typo_font_weight":"","ocean_menu_typo_font_weight_tablet":"","ocean_menu_typo_font_weight_mobile":"","ocean_menu_typo_transform":"","ocean_menu_typo_transform_tablet":"","ocean_menu_typo_transform_mobile":"","ocean_menu_typo_line_height":0,"ocean_menu_typo_line_height_tablet":0,"ocean_menu_typo_line_height_mobile":0,"ocean_menu_typo_line_height_unit":"","ocean_menu_typo_spacing":0,"ocean_menu_typo_spacing_tablet":0,"ocean_menu_typo_spacing_mobile":0,"ocean_menu_typo_spacing_unit":"","ocean_menu_link_color":"","ocean_menu_link_color_hover":"","ocean_menu_link_color_active":"","ocean_menu_link_background":"","ocean_menu_link_hover_background":"","ocean_menu_link_active_background":"","ocean_menu_social_links_bg":"","ocean_menu_social_hover_links_bg":"","ocean_menu_social_links_color":"","ocean_menu_social_hover_links_color":"","ocean_disable_title":"default","ocean_disable_heading":"default","ocean_post_title":"","ocean_post_subheading":"","ocean_post_title_style":"","ocean_post_title_background_color":"","ocean_post_title_background":0,"ocean_post_title_bg_image_position":"","ocean_post_title_bg_image_attachment":"","ocean_post_title_bg_image_repeat":"","ocean_post_title_bg_image_size":"","ocean_post_title_height":0,"ocean_post_title_bg_overlay":0.5,"ocean_post_title_bg_overlay_color":"","ocean_disable_breadcrumbs":"default","ocean_breadcrumbs_color":"","ocean_breadcrumbs_separator_color":"","ocean_breadcrumbs_links_color":"","ocean_breadcrumbs_links_hover_color":"","ocean_display_footer_widgets":"default","ocean_display_footer_bottom":"default","ocean_custom_footer_template":"0"},"product_cat":[51],"product_tag":[],"class_list":{"0":"post-2817","1":"product","2":"type-product","3":"status-publish","4":"has-post-thumbnail","6":"product_cat-drzwi-tarasowe","8":"entry","9":"has-media","11":"first","12":"instock","13":"shipping-taxable","14":"product-type-simple","15":"col","16":"span_1_of_3","17":"owp-content-left","18":"owp-thumbs-layout-horizontal","19":"owp-btn-normal","20":"owp-tabs-layout-section"},"_links":{"self":[{"href":"https:\/\/www.pawlikokna.pl\/it\/wp-json\/wp\/v2\/product\/2817"}],"collection":[{"href":"https:\/\/www.pawlikokna.pl\/it\/wp-json\/wp\/v2\/product"}],"about":[{"href":"https:\/\/www.pawlikokna.pl\/it\/wp-json\/wp\/v2\/types\/product"}],"wp:featuredmedia":[{"embeddable":true,"href":"https:\/\/www.pawlikokna.pl\/it\/wp-json\/wp\/v2\/media\/2737"}],"wp:attachment":[{"href":"https:\/\/www.pawlikokna.pl\/it\/wp-json\/wp\/v2\/media?parent=2817"}],"wp:term":[{"taxonomy":"product_cat","embeddable":true,"href":"https:\/\/www.pawlikokna.pl\/it\/wp-json\/wp\/v2\/product_cat?post=2817"},{"taxonomy":"product_tag","embeddable":true,"href":"https:\/\/www.pawlikokna.pl\/it\/wp-json\/wp\/v2\/product_tag?post=2817"}],"curies":[{"name":"wp","href":"https:\/\/api.w.org\/{rel}","templated":true}]}}